{"id":71,"date":"2016-01-06T20:12:52","date_gmt":"2016-01-06T20:12:52","guid":{"rendered":"http:\/\/intensitytheme.com\/fashion\/?page_id=71"},"modified":"2024-08-08T15:11:30","modified_gmt":"2024-08-08T15:11:30","slug":"chi-sono","status":"publish","type":"page","link":"https:\/\/arielgaragorri.com\/it\/chi-sono\/","title":{"rendered":"Chi sono"},"content":{"rendered":"<section id=\"content-section-1600449502\" class=\"intense content-section  breakout\"2 style=\"  margin-bottom: 0; margin-top: 0; margin-left: 0; margin-right: 0;  background-size: cover; background-position: 0 100%;  background-image: url(https:\/\/arielgaragorri.com\/wp-content\/uploads\/2016\/01\/L2.png);  padding-top: 200px; padding-bottom:200px; padding-left: 0; padding-right:0; \"><div class=\"intense container  \"><div data-100-top='opacity: 1' data-top='opacity: 0' class=\"animated-scroll skrollable skrollable-after \"><link href=\"\/\/fonts.googleapis.com\/css?family=Playfair+Display\" rel=\"stylesheet\" type=\"text\/css\"><script>jQuery(window).load(function() { jQuery('#heading-1330857379').fitText(1, { maxFontSize: \"20px\" }); });<\/script><h1 id=\"heading-1330857379\" class=\"intense heading\" style=\" color: #ffffff; font-size: 20px; line-height: initial; text-align: center; font-weight: 400; margin-top: 0px; margin-bottom: 0px; font-family: Playfair Display; text-transform: none; -webkit-font-smoothing: antialiased;\">Una<\/h1><script>jQuery(window).load(function() { jQuery('#heading-2070203796').fitText(1, { maxFontSize: \"70px\" }); });<\/script><h1 id=\"heading-2070203796\" class=\"intense heading\" style=\" color: #ffffff; font-size: 70px; line-height: initial; text-align: center; font-weight: 500; margin-top: 0px; margin-bottom: 0px; font-family: Playfair Display; text-transform: uppercase; -webkit-font-smoothing: antialiased;\">Tradizione<\/h1><script>jQuery(window).load(function() { jQuery('#heading-1501603213').fitText(1, { maxFontSize: \"20px\" }); });<\/script><h1 id=\"heading-1501603213\" class=\"intense heading\" style=\" color: #ffffff; font-size: 20px; line-height: initial; text-align: center; font-weight: 400; margin-top: 0px; margin-bottom: 0px; font-family: Playfair Display; text-transform: none; -webkit-font-smoothing: antialiased;\">che viene da lontano<\/h1><\/div><\/div><div class=\"overlay-background\" style=\"background-color: rgba(0,0,0,0);\"><\/div><\/section><section id=\"content-section-813795954\" class=\"intense content-section  breakout\"2 style=\" background-color: #1f1f1f; margin-bottom: 0; margin-top: 0; margin-left: 0; margin-right: 0;  padding-top: 50px; padding-bottom:30px; padding-left: 0; padding-right:0; \"><div class=\"intense container  \"><div class='intense spacer ' style='height: 50px; '><\/div><script>jQuery(window).load(function() { jQuery('#heading-429426790').fitText(1, { maxFontSize: \"40px\" }); });<\/script><h1 id=\"heading-429426790\" class=\"intense heading\" style=\" color: #bbbbbb; font-size: 40px; line-height: initial; text-align: center; font-weight: 500; margin-top: 0px; margin-bottom: 15px; font-family: Playfair Display; text-transform: none; -webkit-font-smoothing: antialiased;\">Chi <strong>sono<\/strong><\/h1>[vc_column_text]<a href=\"https:\/\/arielgaragorri.com\/chi-sono\/diamantehr\/#main\" rel=\"attachment wp-att-329\"><img loading=\"lazy\" decoding=\"async\" class=\"size-medium wp-image-329 aligncenter\" src=\"https:\/\/arielgaragorri.com\/wp-content\/uploads\/2016\/01\/diamanteHr-300x14.png\" alt=\"diamantehr\" width=\"300\" height=\"14\" srcset=\"https:\/\/arielgaragorri.com\/wp-content\/uploads\/2016\/01\/diamanteHr-300x14.png 300w, https:\/\/arielgaragorri.com\/wp-content\/uploads\/2016\/01\/diamanteHr.png 342w\" sizes=\"(max-width: 300px) 100vw, 300px\" \/><\/a>[\/vc_column_text]<div  class='intense row ' style='padding-top: ; padding-bottom: 0; margin-top: 0; margin-bottom: 0; '><div class='intense col-lg-6 col-xs-12 col-sm-12 col-md-6 '><div class='intense scroll-animated start-hidden' data-delay='0' data-scrollpercent='20' data-starthidden='1' data-endhidden='' data-animation='fadeInLeft'>\n<p class=\"Standard\">La mia storia nasce da lontano, quando intorno alla fine del 1800 il mio bisnonno decise di emigrare dai paesi baschi, terra di sognatori e idealisti, verso terre lontane (Buenos Aires, Argentina).<\/p>\n<p class=\"Standard\">A Buenos Aires lui e la sua famiglia misero radici e fondarono una stirpe di gioiellieri di tradizione familiare. Mio nonno, Domingo Garagorri, e i suoi fratelli abbracciano l&#8217;arte che gli \u00e8 stata tramandata.<\/p>\n<p><img loading=\"lazy\" decoding=\"async\" class=\"wp-image-335 alignleft\" src=\"https:\/\/arielgaragorri.com\/wp-content\/uploads\/2016\/01\/chisono1.jpg\" alt=\"chisono1\" width=\"260\" height=\"173\" \/><\/p>\n<p>Anche io sono un sognatore che coltiva fin da bambino il desiderio di creare. Sono attratto da tutto ci\u00f2 che \u00e8 bello, e la mia concezione di bellezza si basa sulla raffinatezza dei dettagli e l\u2019armonia delle forme, che rendono un oggetto pi\u00f9 attraente allo sguardo d\u2019un altro.<\/p>\n<p class=\"Standard\">Ebbi la fortuna di nascere e crescere in un ambiente d&#8217;artisti, che \u00e8 stato capace di assecondarmi nell\u2019aspirazione di far parte di un mondo di persone che si impegnano a realizzare oggetti belli e unici, senza tempo.<\/p>\n<p class=\"Standard\">All\u2019et\u00e0 di 21 anni, con lo stesso obiettivo e desiderio di quando ero bambino, mi trasfer\u00ec a New York City, dove si concretizzarono diverse opportunit\u00e0, sia di studio che a livello lavorativo. La mia prima esperienza \u00e8 stata come modellista in un\u2019azienda di alta gioielleria, ed ha rappresentato il mio punto di partenza a New York. L\u00ec ebbi l\u2019opportunit\u00e0 di conoscere una persona che considero un gran maestro, Alberto Codorniu, il quale ha contribuito ad arricchire il mio background professionale.<\/p>\n<\/div><\/div><div class='intense col-lg-6 col-xs-12 col-sm-12 col-md-6 '><div class='intense spacer ' style='height: 16px; '><\/div><div class='intense scroll-animated start-hidden' data-delay='0' data-scrollpercent='20' data-starthidden='1' data-endhidden='' data-animation='fadeInRight'>Ho poi continuato a collaborare come gioielliere, con nomi importanti del mondo della gioielleria internazionale, fino alla mia ultima esperienza lavorativa alla Leenet Company, azienda specializzata nell\u2019invisible setting. Quest\u2019ultima mi ha permesso di arricchire ulteriormente le mie conoscenze riguardo la realizzazione di un gioiello. Successivamente mi iscrissi alla Parson School of Design of NY per acquisire nuove tecniche di disegno del gioiello.<\/p>\n<p><img loading=\"lazy\" decoding=\"async\" class=\"size-full wp-image-338 alignleft\" src=\"https:\/\/arielgaragorri.com\/wp-content\/uploads\/2016\/01\/nonno.jpg\" alt=\"nonno\" width=\"260\" height=\"173\" \/><\/p>\n<p>Ho continuato a collaborare con alcune realt\u00e0 newyorkesy per diverso tempo, ma la frenesia di questa grande citt\u00e0 non mi \u00e8 mai stata amica, per cui decisi di trasferirmi nuovamente alla ricerca di nuovi stimoli. La citt\u00e0 di Verona mi ha rapito grazie ala sua bellezza e al calore delle persone, che sono state per me irresistibili e mi hanno portato, nel 2004, a mettere radici in quella che \u00e8 la citt\u00e0 dell\u2019amore, aprendo il mio atelier. Durante tutti questi anni in Italia ho avuto modo di prendere parte a numerose collaborazioni, anche con importanti brand di cui sono diventato uno dei loro principali referenti. In particolare, collaboro con il mondo dell\u2019arte, sia con case editrici che con artisti, di cui interpreto e costruisco le loro opere, trasformandoli in gioielli indossabili. Insieme al mio team, inoltre, abbiamo sviluppato un piccolo settore per il campo tecnologico, campo medicale e aeronautico spaziale. Mi sono dedicato a costruire e creare gioielli per gli altri, di ogni genere, personalizzati o linee destinate alla vendita, e da un po&#8217; di tempo stiamo lavorando per la realizzazione della mia propria linea di prodotti con l\u2019obiettivo che siano unici e irripetibili.<\/div><\/div><\/div>[vc_raw_html]JTNDZGl2JTIwY2xhc3MlM0QlMjJpbnRlbnNlJTIwcm93JTIwJTIyJTIwc3R5bGUlM0QlMjJwYWRkaW5nLXRvcCUzQSUyMDEwcHglM0IlMjBwYWRkaW5nLWJvdHRvbSUzQSUyMDAlM0IlMjBtYXJnaW4tdG9wJTNBJTIwMCUzQiUyMG1hcmdpbi1ib3R0b20lM0ElMjAwJTNCJTIwJTIyJTNFJTNDZGl2JTIwY2xhc3MlM0QlMjJpbnRlbnNlJTIwY29sLWxnLTEyJTIwY29sLXhzLTEyJTIwY29sLXNtLTEyJTIwY29sLW1kLTEyJTIwJTIyJTNFJTNDZGl2JTIwY2xhc3MlM0QlMjJpbnRlbnNlJTIwc2Nyb2xsLWFuaW1hdGVkJTIwaW5zdGFudGlhdGVkJTIwYW5pbWF0ZWQlMjBmYWRlSW5VcCUyMiUyMGRhdGEtZGVsYXklM0QlMjIwJTIyJTIwZGF0YS1zY3JvbGxwZXJjZW50JTNEJTIyMjAlMjIlMjBkYXRhLXN0YXJ0aGlkZGVuJTNEJTIyMSUyMiUyMGRhdGEtZW5kaGlkZGVuJTNEJTIyJTIyJTIwZGF0YS1hbmltYXRpb24lM0QlMjJmYWRlSW5VcCUyMiUzRSUzQ2RpdiUyMGNsYXNzJTNEJTIyaW50ZW5zZSUyMHRlc3RpbW9uaWVzJTIwJTIwJTIwZnVsbC13aWR0aC10ZXN0aW1vbnklMjAlMjIlM0UlMEElM0NkaXYlMjBjbGFzcyUzRCUyMnRlc3RpbW9uaWFsX2JveGVkX2NvbnRhaW5lciUyMiUzRSUwQSUzQ2lucHV0JTIwdHlwZSUzRCUyMnJhZGlvJTIyJTIwbmFtZSUzRCUyMm5hdiUyMiUzRSUwQSUzQ2RpdiUzRSUwQSUzQ2Jsb2NrcXVvdGUlMjBpZCUzRCUyMnRlc3RpbW9uaWFsXzg5NjIyMDMxOSUyMiUyMGNsYXNzJTNEJTIyaW50ZW5zZSUyMiUzRSUwQSUzQ3NwYW4lMjBjbGFzcyUzRCUyMmxlZnRxJTIwcXVvdGVzJTIyJTNFJUUyJTgwJTlDJTNDJTJGc3BhbiUzRSUyMCUzQ3N0cm9uZyUzRVF1YW5kbyUyMHRlcm1pbm8lMjB1biUyMGdpb2llbGxvJTIwZSUyMGxvJTIwY29uc2Vnbm8lMjBuZWxsZSUyMG1hbmklMjBkaSUyMGNoaSUyMGxvJTIwZiVDMyVBMCUyMFN1byUyQyUyMGd1YXJkbyUyMHNlbXByZSUyMGlsJTIwdm9sdG8lMkMlMjBsZSUyMHN1ZSUyMHNtb3JmaWUuJTI2bmJzcCUzQklsJTIwdmlzbyUyMG5vbiUyMGhhJTIwc2VncmV0aSUyQyUyMHNlJTIwc2VpJTIwY2FwYWNlJTIwZCVFMiU4MCU5OWludGVycHJldGFybG8lMjBlc3NvJTIwdGklMjByaXBhZ2hlciVDMyVBMCUyMGluJTIwcG9jaGklMjBhdHRpbWklMjBkaSUyMHR1dHRvLiUzQyUyRnN0cm9uZyUzRSUzQ3AlM0UlM0MlMkZwJTNFJTBBJTNDcCUzRUElMjB2b2x0ZSUyMHVuJTIwc29ycmlzbyUyMHNvcm5pb25lJTIwcHUlQzMlQjIlMjBuYXNjb25kZXJlJTIwbGElMjB2ZXJhJTIwZW1vemlvbmUlMkMlMjBtYSUyMGRhJTIwbCVDMyVBQyUyMGElMjBwb2NvJTIwZ2xpJTIwb2NjaGklMjByaW5jb3Jyb25vJTIwaWwlMjBsdWNjaWNoaW8lMjBpbGx1bWluYW5kb3NpJTIwZCVFMiU4MCU5OWltbWVuc28lRTIlODAlQTYlMjAlM0NzcGFuJTIwY2xhc3MlM0QlMjJyaWdodHElMjBxdW90ZXMlMjIlM0UlRTIlODAlOUUlMjAlM0MlMkZzcGFuJTNFJTBBJTNDJTJGcCUzRSUzQyUyRmJsb2NrcXVvdGUlM0UlMEElM0NzdHlsZSUzRSUyM3Rlc3RpbW9uaWFsXzg5NjIyMDMxOSUyMCU3QiUyMGJhY2tncm91bmQtY29sb3IlM0ElMjNhNDkyNmMlMjAlMjFpbXBvcnRhbnQlM0IlMjAlN0QlMjAlMjN0ZXN0aW1vbmlhbF84OTYyMjAzMTklM0FhZnRlciUyMCU3QiUyMGJvcmRlci10b3AtY29sb3IlM0ElMjAlMjNhNDkyNmMlMjAlMjFpbXBvcnRhbnQlM0IlMjBib3JkZXItbGVmdC1jb2xvciUzQSUyMCUyM2E0OTI2YyUyMCUyMWltcG9ydGFudCUzQiU3RCUyM3Rlc3RpbW9uaWFsXzg5NjIyMDMxOSUyMCU3QiUyMGNvbG9yJTNBJTIzMWYxZjFmJTIwJTIxaW1wb3J0YW50JTNCJTIwJTdEJTIwJTIzdGVzdGltb25pYWxfODk2MjIwMzE5JTIwLnF1b3RlcyUyMCU3QiUyMGNvbG9yJTNBcmdiYSUyODMxJTJDMzElMkMzMSUyQzAuNSUyOSUyMCUyMWltcG9ydGFudCUzQiUyMCU3RCUzQyUyRnN0eWxlJTNFJTNDaW1nJTIwaWQlM0QlMjJpbWcxODkyXzc3MjM1NDgwMSUyMiUyMHdpZHRoJTNEJTIyMTUwJTIyJTIwaGVpZ2h0JTNEJTIyMTUwJTIyJTIwc3R5bGUlM0QlMjJkaXNwbGF5JTNBYmxvY2slM0IlMjAlMjIlMjBzcmMlM0QlMjJodHRwcyUzQSUyRiUyRmFyaWVsZ2FyYWdvcnJpLmNvbSUyRndwLWNvbnRlbnQlMkZ1cGxvYWRzJTJGMjAyMyUyRjA5JTJGYXJpZWxHRy5qcGclMjIlMjBhbHQlM0QlMjIlMjIlMjBjbGFzcyUzRCUyMmludGVuc2UlMjBpbWFnZSUyMiUyMHRpdGxlJTNEJTIyJTIyJTNFJTIwJTNDaDIlM0VBcmllbCUyMEdhcmFnb3JyaSUzQyUyRmgyJTNFJTBBJTNDJTJGZGl2JTNFJTBBJTNDJTJGZGl2JTNFJTNDJTJGZGl2JTNFJTNDJTJGZGl2JTNFJTNDJTJGZGl2JTNFJTNDJTJGZGl2JTNF[\/vc_raw_html]<\/div><\/section><section id=\"content-section-1848048624\" class=\"intense content-section  breakout\"2 style=\"  margin-bottom: 0; margin-top: 0; margin-left: 0; margin-right: 0;  background-size: cover; background-position: 50% 33%;  background-image: url(https:\/\/arielgaragorri.com\/wp-content\/uploads\/2016\/01\/veronaContatti.jpg);  padding-top: 60px; padding-bottom:80px; padding-left: 0; padding-right:0; \"><div class=\"intense container  \"><script>jQuery(window).load(function() { jQuery('#heading-2099447527').fitText(1, { maxFontSize: \"40px\" }); });<\/script><h1 id=\"heading-2099447527\" class=\"intense heading\" style=\" font-size: 40px; line-height: initial; text-align: center; font-weight: 500; margin-top: 0px; margin-bottom: 15px; font-family: Playfair Display; text-transform: none; -webkit-font-smoothing: antialiased;\">Sono a disposizione<\/h1><script>jQuery(window).load(function() { jQuery('#heading-508103555').fitText(1, { maxFontSize: \"22px\" }); });<\/script><h1 id=\"heading-508103555\" class=\"intense heading\" style=\" font-size: 22px; line-height: initial; text-align: center; font-weight: 500; margin-top: 0px; margin-bottom: 25px; font-family: Playfair Display; text-transform: none; -webkit-font-smoothing: antialiased;\">per qualsiasi Tua richiesta<\/h1>[vc_raw_html]JTNDc3R5bGUlMjB0eXBlJTNEJTIydGV4dCUyRmNzcyUyMiUzRSUwQSUyM2J0bkN1c3RvbSUyMCU3QiUwQSUyMCUyMCUyMCUyMGNvbG9yJTNBJTIwJTIzYmJiYmJiJTIwJTIxaW1wb3J0YW50JTNCJTBBJTIwJTIwJTIwJTIwYm9yZGVyLXJhZGl1cyUzQSUyMDRweCUzQiUwQSUyMCUyMCUyMCUyMGJvcmRlciUzQSUyMDJweCUyMHNvbGlkJTIwJTIzYmJiYmJiJTIwJTIxaW1wb3J0YW50JTNCJTBBJTIwJTIwJTIwJTIwcGFkZGluZy10b3AlM0ElMjAxMHB4JTNCJTBBJTIwJTIwJTIwJTIwcGFkZGluZy1ib3R0b20lM0ElMjAxMHB4JTNCJTBBJTIwJTIwJTIwJTIwcGFkZGluZy1sZWZ0JTNBJTIwMTVweCUzQiUwQSUyMCUyMCUyMCUyMHBhZGRpbmctcmlnaHQlM0ElMjAxNXB4JTNCJTBBJTIwJTIwJTIwJTIwZm9udC1zaXplJTNBJTIwMThweCUzQiUwQSUyMCUyMCUyMCUyMGJhY2tncm91bmQlM0ElMjByZ2JhJTI4MjU1JTJDJTIwMjU1JTJDJTIwMjU1JTJDJTIwMCUyOSUzQiUwQSUyMCUyMCUyMCUyMHRleHQtdHJhbnNmb3JtJTNBJTIwdXBwZXJjYXNlJTNCJTBBJTdEJTBBJTBBJTIzYnRuQ3VzdG9tJTNBaG92ZXIlMjAlN0IlMEElMjAlMjAlMjAlMjBmaWx0ZXIlM0ElMjBub25lJTIwJTIxaW1wb3J0YW50JTNCJTBBJTIwJTIwJTIwJTIwYmFja2dyb3VuZCUzQSUyMG5vbmUlMjAlMjFpbXBvcnRhbnQlM0IlMEElMjAlMjAlMjAlMjBiYWNrZ3JvdW5kLWNvbG9yJTNBJTIwcmdiYSUyODI1NSUyQyUyMDI1NSUyQyUyMDI1NSUyQyUyMDAuMjUlMjklMjAlMjFpbXBvcnRhbnQlM0IlMEElMjAlMjAlMjAlMjBjb2xvciUzQSUyMCUyM2VkZWRlZCUyMCUyMWltcG9ydGFudCUzQiUwQSUyMCUyMCUyMCUyMGJvcmRlci1yYWRpdXMlM0ElMjA0cHglM0IlMEElMjAlMjAlMjAlMjBib3JkZXIlM0ElMjAycHglMjBzb2xpZCUyMCUyM2VkZWRlZCUyMCUyMWltcG9ydGFudCUzQiUwQSU3RCUwQSUzQyUyRnN0eWxlJTNF[\/vc_raw_html][vc_column_text]\n<div id=\"btnCustom\" style=\"width: 150px; margin: 0 auto; text-align: center;\">Contatti<\/div>\n[\/vc_column_text]<\/div><div class=\"overlay-background\" style=\"background-color: rgba(0,0,0,0.6);\"><\/div><\/section>\n","protected":false},"excerpt":{"rendered":"UnaTradizioneche viene da lontanoChi sono[vc_column_text][\/vc_column_text] La mia storia nasce da lontano, quando intorno alla fine del 1800 il mio bisnonno decise di emigrare dai paesi baschi, terra di sognatori e idealisti, verso terre lontane (Buenos Aires, Argentina). A Buenos Aires lui e la sua famiglia misero radici e fondarono una stirpe di gioiellieri di tradizione [...]","protected":false},"author":2,"featured_media":0,"parent":0,"menu_order":0,"comment_status":"closed","ping_status":"closed","template":"","meta":{"footnotes":""},"yoast_head":"<!-- This site is optimized with the Yoast SEO plugin v21.7 - https:\/\/yoast.com\/wordpress\/plugins\/seo\/ -->\n<title>Gioielliere Artigiano | Gioielli d&#039;Autore di Alta Qualit\u00e0 e Lavorazione Platino<\/title>\n<meta name=\"description\" content=\"Una tradizione che viene da lontano. Mio nonno Domingo assieme ai suoi fratelli Julian e Ezequiel abbracciano l\u2019arte tramandata di gioielliere...\" \/>\n<meta name=\"robots\" content=\"index, follow, max-snippet:-1, max-image-preview:large, max-video-preview:-1\" \/>\n<link rel=\"canonical\" href=\"https:\/\/arielgaragorri.com\/it\/chi-sono\/\" \/>\n<meta property=\"og:locale\" content=\"it_IT\" \/>\n<meta property=\"og:type\" content=\"article\" \/>\n<meta property=\"og:title\" content=\"Gioielliere Artigiano | Gioielli d&#039;Autore di Alta Qualit\u00e0 e Lavorazione Platino\" \/>\n<meta property=\"og:description\" content=\"Una tradizione che viene da lontano. Mio nonno Domingo assieme ai suoi fratelli Julian e Ezequiel abbracciano l\u2019arte tramandata di gioielliere...\" \/>\n<meta property=\"og:url\" content=\"https:\/\/arielgaragorri.com\/it\/chi-sono\/\" \/>\n<meta property=\"article:modified_time\" content=\"2024-08-08T15:11:30+00:00\" \/>\n<meta property=\"og:image\" content=\"https:\/\/arielgaragorri.com\/wp-content\/uploads\/2016\/01\/diamanteHr-300x14.png\" \/>\n<meta name=\"twitter:label1\" content=\"Tempo di lettura stimato\" \/>\n\t<meta name=\"twitter:data1\" content=\"4 minuti\" \/>\n<script type=\"application\/ld+json\" class=\"yoast-schema-graph\">{\"@context\":\"https:\/\/schema.org\",\"@graph\":[{\"@type\":\"WebPage\",\"@id\":\"https:\/\/arielgaragorri.com\/it\/chi-sono\/\",\"url\":\"https:\/\/arielgaragorri.com\/it\/chi-sono\/\",\"name\":\"Gioielliere Artigiano | Gioielli d'Autore di Alta Qualit\u00e0 e Lavorazione Platino\",\"isPartOf\":{\"@id\":\"https:\/\/arielgaragorri.com\/it\/#website\"},\"datePublished\":\"2016-01-06T20:12:52+00:00\",\"dateModified\":\"2024-08-08T15:11:30+00:00\",\"description\":\"Una tradizione che viene da lontano. Mio nonno Domingo assieme ai suoi fratelli Julian e Ezequiel abbracciano l\u2019arte tramandata di gioielliere...\",\"breadcrumb\":{\"@id\":\"https:\/\/arielgaragorri.com\/it\/chi-sono\/#breadcrumb\"},\"inLanguage\":\"it-IT\",\"potentialAction\":[{\"@type\":\"ReadAction\",\"target\":[\"https:\/\/arielgaragorri.com\/it\/chi-sono\/\"]}]},{\"@type\":\"BreadcrumbList\",\"@id\":\"https:\/\/arielgaragorri.com\/it\/chi-sono\/#breadcrumb\",\"itemListElement\":[{\"@type\":\"ListItem\",\"position\":1,\"name\":\"Home\",\"item\":\"https:\/\/arielgaragorri.com\/it\/\"},{\"@type\":\"ListItem\",\"position\":2,\"name\":\"Chi sono\"}]},{\"@type\":\"WebSite\",\"@id\":\"https:\/\/arielgaragorri.com\/it\/#website\",\"url\":\"https:\/\/arielgaragorri.com\/it\/\",\"name\":\"\",\"description\":\"\",\"potentialAction\":[{\"@type\":\"SearchAction\",\"target\":{\"@type\":\"EntryPoint\",\"urlTemplate\":\"https:\/\/arielgaragorri.com\/it\/?s={search_term_string}\"},\"query-input\":\"required name=search_term_string\"}],\"inLanguage\":\"it-IT\"}]}<\/script>\n<!-- \/ Yoast SEO plugin. -->","yoast_head_json":{"title":"Gioielliere Artigiano | Gioielli d'Autore di Alta Qualit\u00e0 e Lavorazione Platino","description":"Una tradizione che viene da lontano. Mio nonno Domingo assieme ai suoi fratelli Julian e Ezequiel abbracciano l\u2019arte tramandata di gioielliere...","robots":{"index":"index","follow":"follow","max-snippet":"max-snippet:-1","max-image-preview":"max-image-preview:large","max-video-preview":"max-video-preview:-1"},"canonical":"https:\/\/arielgaragorri.com\/it\/chi-sono\/","og_locale":"it_IT","og_type":"article","og_title":"Gioielliere Artigiano | Gioielli d'Autore di Alta Qualit\u00e0 e Lavorazione Platino","og_description":"Una tradizione che viene da lontano. Mio nonno Domingo assieme ai suoi fratelli Julian e Ezequiel abbracciano l\u2019arte tramandata di gioielliere...","og_url":"https:\/\/arielgaragorri.com\/it\/chi-sono\/","article_modified_time":"2024-08-08T15:11:30+00:00","og_image":[{"url":"https:\/\/arielgaragorri.com\/wp-content\/uploads\/2016\/01\/diamanteHr-300x14.png"}],"twitter_misc":{"Tempo di lettura stimato":"4 minuti"},"schema":{"@context":"https:\/\/schema.org","@graph":[{"@type":"WebPage","@id":"https:\/\/arielgaragorri.com\/it\/chi-sono\/","url":"https:\/\/arielgaragorri.com\/it\/chi-sono\/","name":"Gioielliere Artigiano | Gioielli d'Autore di Alta Qualit\u00e0 e Lavorazione Platino","isPartOf":{"@id":"https:\/\/arielgaragorri.com\/it\/#website"},"datePublished":"2016-01-06T20:12:52+00:00","dateModified":"2024-08-08T15:11:30+00:00","description":"Una tradizione che viene da lontano. Mio nonno Domingo assieme ai suoi fratelli Julian e Ezequiel abbracciano l\u2019arte tramandata di gioielliere...","breadcrumb":{"@id":"https:\/\/arielgaragorri.com\/it\/chi-sono\/#breadcrumb"},"inLanguage":"it-IT","potentialAction":[{"@type":"ReadAction","target":["https:\/\/arielgaragorri.com\/it\/chi-sono\/"]}]},{"@type":"BreadcrumbList","@id":"https:\/\/arielgaragorri.com\/it\/chi-sono\/#breadcrumb","itemListElement":[{"@type":"ListItem","position":1,"name":"Home","item":"https:\/\/arielgaragorri.com\/it\/"},{"@type":"ListItem","position":2,"name":"Chi sono"}]},{"@type":"WebSite","@id":"https:\/\/arielgaragorri.com\/it\/#website","url":"https:\/\/arielgaragorri.com\/it\/","name":"","description":"","potentialAction":[{"@type":"SearchAction","target":{"@type":"EntryPoint","urlTemplate":"https:\/\/arielgaragorri.com\/it\/?s={search_term_string}"},"query-input":"required name=search_term_string"}],"inLanguage":"it-IT"}]}},"_links":{"self":[{"href":"https:\/\/arielgaragorri.com\/it\/wp-json\/wp\/v2\/pages\/71"}],"collection":[{"href":"https:\/\/arielgaragorri.com\/it\/wp-json\/wp\/v2\/pages"}],"about":[{"href":"https:\/\/arielgaragorri.com\/it\/wp-json\/wp\/v2\/types\/page"}],"author":[{"embeddable":true,"href":"https:\/\/arielgaragorri.com\/it\/wp-json\/wp\/v2\/users\/2"}],"replies":[{"embeddable":true,"href":"https:\/\/arielgaragorri.com\/it\/wp-json\/wp\/v2\/comments?post=71"}],"version-history":[{"count":110,"href":"https:\/\/arielgaragorri.com\/it\/wp-json\/wp\/v2\/pages\/71\/revisions"}],"predecessor-version":[{"id":3331,"href":"https:\/\/arielgaragorri.com\/it\/wp-json\/wp\/v2\/pages\/71\/revisions\/3331"}],"wp:attachment":[{"href":"https:\/\/arielgaragorri.com\/it\/wp-json\/wp\/v2\/media?parent=71"}],"curies":[{"name":"wp","href":"https:\/\/api.w.org\/{rel}","templated":true}]}}