{"id":3301,"date":"2024-01-07T15:29:33","date_gmt":"2024-01-07T15:29:33","guid":{"rendered":"https:\/\/arielgaragorri.com\/il-platino-copy\/"},"modified":"2024-05-06T13:10:10","modified_gmt":"2024-05-06T13:10:10","slug":"il-fiore","status":"publish","type":"page","link":"https:\/\/arielgaragorri.com\/it\/il-fiore\/","title":{"rendered":"Il fiore"},"content":{"rendered":"<div class=\"wpb-content-wrapper\">[vc_row][vc_column][vc_column_text]<section id=\"content-section-1667114725\" class=\"intense content-section  breakout\"2 style=\"  margin-bottom: 0; margin-top: 0; margin-left: 0; margin-right: 0;  background-size: cover; background-position: 50% 50%;  background-image: url(https:\/\/arielgaragorri.com\/wp-content\/uploads\/2023\/07\/anelloFiore-1600x670.png);  padding-top: 250px; padding-bottom:250px; padding-left: 0; padding-right:0; \"><div class=\"intense container  \"><\/div><\/section>[\/vc_column_text][\/vc_column][\/vc_row][vc_row][vc_column][vc_column_text]\n<h3>L\u2019eccellenza di un capolavoro<\/h3>\n<p>Oggi vi invito a scoprire la mia ultima creazione: l&#8217;anello Fiore.<br \/>\nIn questa storia di eleganza e raffinatezza, l\u2019oro giallo ed il platino si uniscono per dar vita ad un gioiello unico e straordinario. L&#8217;anello Fiore \u00e8 un mosaico di 671 pietre preziose, simbolo dell\u2019unione perfetta di tradizione, esperienza e una straordinaria variet\u00e0 di pietre preziose.<br \/>\nTuttavia quest\u2019opera d\u2019arte \u00e8 molto di pi\u00f9 di un semplice gioiello. Esso racchiude in s\u00e9 il profondo significato di una storia familiare. \u00c8 una dedica affettuosa alla memoria di mia madre, una donna meravigliosa che amava la delicata bellezza dei fiori di rosa tanto quanto l&#8217;eccellenza nel mondo dei gioielli d\u2019artista.[\/vc_column_text][vc_column_text]\n<h3>L\u2019eredit\u00e0 di una famiglia di maestri gioiellieri<\/h3>\n<p>In un mondo dominato dalla modernit\u00e0 e dalla tecnologia, l\u2019anello Fiore si presenta come un&#8217;autentica manifestazione dell&#8217;arte tradizionale. Nessun computer ha partecipato alla sua creazione, nessun software, rendering, tecniche 3D hanno guidato il processo. Esso \u00e8 una testimonianza tangibile della maestria artigianale che si tramanda da generazione in generazione.<br \/>\nLa realizzazione di questo anello gioiello non sarebbe stata possibile senza la preziosa eredit\u00e0 di una famiglia di maestri gioiellieri. Attraverso i secoli, ogni generazione ha trasmesso le proprie conoscenze ed abilit\u00e0, dando vita ad un patrimonio d\u2019esperienza senza pari. L\u2019anello Fiore \u00e8 il risultato di questa tradizione, testimonianza di un&#8217;arte millenaria che vive e respira in ogni suo dettaglio.[\/vc_column_text][vc_gallery type=&#8221;nivo&#8221; interval=&#8221;3&#8243; images=&#8221;2629,2624,2619,2614,2609,2604,2599,2589,2584,2579,2574,2569&#8243; img_size=&#8221;full&#8221; css=&#8221;.vc_custom_1695977573908{margin-top: 40px !important;margin-bottom: 30px !important;padding-top: 40px !important;padding-bottom: 30px !important;}&#8221;][vc_column_text]\n<h3>671 pietre, 671 storie<\/h3>\n<p>Nessun particolare \u00e8 stato lasciato al caso nella creazione di questo anello unico. Ogni incisione svela una storia, ogni gemma racconta un segreto, ed ogni curva incanta l\u2019occhio. Tra le centinaia di pietre che ho selezionato, risplende un meraviglioso rubino adornato da zaffiri, smeraldi, tsavoriti e diamanti.<br \/>\nCiascuna pietra \u00e8 stata scelta con cura ed amore, ognuna per la sua tonalit\u00e0, la sua brillantezza, e la sua raffinatezza. Ogni pietra possiede la sua forma unica ed una sua bellezza intrinseca che si sposa armoniosamente con le altre, creando un\u2019incantevole composizione floreale ed un effetto visivo straordinario.[\/vc_column_text][vc_row_inner css=&#8221;.vc_custom_1695977689802{margin-bottom: 30px !important;padding-top: 30px !important;}&#8221;][vc_column_inner width=&#8221;1\/2&#8243; css=&#8221;.vc_custom_1695741035939{margin-bottom: 0px !important;padding-bottom: 0px !important;}&#8221;][vc_raw_html]JTIwJTIwJTNDdmlkZW8lMjB3aWR0aCUzRCUyMjEwMCUyNSUyMiUyMGhlaWdodCUzRCUyMmF1dG8lMjIlMjBjb250cm9scyUzRSUwQSUyMCUyMCUyMCUyMCUyMCUyMCUyMCUyMCUzQ3NvdXJjZSUyMHNyYyUzRCUyMmh0dHBzJTNBJTJGJTJGYXJpZWxnYXJhZ29ycmkuY29tJTJGd3AtY29udGVudCUyRnVwbG9hZHMlMkYyMDIzJTJGMDclMkZiYW5uZXJGaW9yZTIubXA0JTIyJTIwdHlwZSUzRCUyMnZpZGVvJTJGbXA0JTIyJTNFJTBBJTIwJTIwJTIwJTIwJTIwJTIwJTIwJTIwSWwlMjB0dW8lMjBicm93c2VyJTIwbm9uJTIwc3VwcG9ydGElMjBpbCUyMGZvcm1hdG8lMjB2aWRlby4lMEElMjAlMjAlMjAlMjAlM0MlMkZ2aWRlbyUzRQ==[\/vc_raw_html][\/vc_column_inner][vc_column_inner width=&#8221;1\/2&#8243;][vc_column_text]\n<h3>L\u2019arte dello smalto a fuoco<\/h3>\n<p>In un gesto audace di sperimentazione artistica, ho impiegato lo smalto a fuoco per decorare i pistilli della corona principale e parte del gambo. Questa antica tecnica artistica dona un tocco di colore ed un dettaglio sorprendente all\u2019anello, conferendogli fascino e ricercatezza.<br \/>\nL\u2019uso dello smalto a fuoco rappresenta la mia volont\u00e0 di andare oltre i confini dell\u2019ordinario, di sperimentare e di creare opere che lasciano un\u2019impronta indelebile nell\u2019anima di chi le indossa e ammira.[\/vc_column_text][\/vc_column_inner][\/vc_row_inner][vc_column_text css=&#8221;.vc_custom_1695977105414{margin-top: -15px !important;margin-bottom: 60px !important;}&#8221;]\n<h3>L\u2019eleganza in movimento<\/h3>\n<p>L&#8217;anello Fiore svela la sua vera bellezza e prende vita solo quando \u00e8 indossato. Il segreto \u00e8 custodito in un meccanismo interno che permette ai petali di danzare in risposta al movimento delle dita. Questa caratteristica unica crea un&#8217;armoniosa sinfonia di bellezza e dinamismo, trasformando ogni gesto in un&#8217;emozionante espressione di eleganza infinita.[\/vc_column_text][\/vc_column][\/vc_row]\n<\/div>","protected":false},"excerpt":{"rendered":"<p>[vc_row][vc_column][vc_column_text][\/vc_column_text][\/vc_column][\/vc_row][vc_row][vc_column][vc_column_text] L\u2019eccellenza di un capolavoro Oggi vi invito a scoprire la mia ultima creazione: l&#8217;anello Fiore. In questa storia di eleganza e raffinatezza, l\u2019oro giallo ed il platino si uniscono per dar vita ad un gioiello unico e straordinario. L&#8217;anello Fiore \u00e8 un mosaico di 671 pietre preziose, simbolo dell\u2019unione perfetta di tradizione, esperienza e [&hellip;]<\/p>\n","protected":false},"author":15,"featured_media":0,"parent":0,"menu_order":0,"comment_status":"closed","ping_status":"closed","template":"","meta":{"footnotes":""},"yoast_head":"<!-- This site is optimized with the Yoast SEO plugin v21.7 - https:\/\/yoast.com\/wordpress\/plugins\/seo\/ -->\n<title>Lavorazione del Patino - Gioielliere Specializzato<\/title>\n<meta name=\"description\" content=\"Nel mio atelier produciamo particolari in platino per il comparto industriale. Alcune delle maggiori aziende di fama mondiale ci commissionano piccole serie\" \/>\n<meta name=\"robots\" content=\"index, follow, max-snippet:-1, max-image-preview:large, max-video-preview:-1\" \/>\n<link rel=\"canonical\" href=\"https:\/\/arielgaragorri.com\/it\/il-fiore\/\" \/>\n<meta property=\"og:locale\" content=\"it_IT\" \/>\n<meta property=\"og:type\" content=\"article\" \/>\n<meta property=\"og:title\" content=\"Lavorazione del Patino - Gioielliere Specializzato\" \/>\n<meta property=\"og:description\" content=\"Nel mio atelier produciamo particolari in platino per il comparto industriale. Alcune delle maggiori aziende di fama mondiale ci commissionano piccole serie\" \/>\n<meta property=\"og:url\" content=\"https:\/\/arielgaragorri.com\/it\/il-fiore\/\" \/>\n<meta property=\"article:modified_time\" content=\"2024-05-06T13:10:10+00:00\" \/>\n<meta name=\"twitter:label1\" content=\"Tempo di lettura stimato\" \/>\n\t<meta name=\"twitter:data1\" content=\"3 minuti\" \/>\n<script type=\"application\/ld+json\" class=\"yoast-schema-graph\">{\"@context\":\"https:\/\/schema.org\",\"@graph\":[{\"@type\":\"WebPage\",\"@id\":\"https:\/\/arielgaragorri.com\/it\/il-fiore\/\",\"url\":\"https:\/\/arielgaragorri.com\/it\/il-fiore\/\",\"name\":\"Lavorazione del Patino - Gioielliere Specializzato\",\"isPartOf\":{\"@id\":\"https:\/\/arielgaragorri.com\/it\/#website\"},\"datePublished\":\"2024-01-07T15:29:33+00:00\",\"dateModified\":\"2024-05-06T13:10:10+00:00\",\"description\":\"Nel mio atelier produciamo particolari in platino per il comparto industriale. Alcune delle maggiori aziende di fama mondiale ci commissionano piccole serie\",\"breadcrumb\":{\"@id\":\"https:\/\/arielgaragorri.com\/it\/il-fiore\/#breadcrumb\"},\"inLanguage\":\"it-IT\",\"potentialAction\":[{\"@type\":\"ReadAction\",\"target\":[\"https:\/\/arielgaragorri.com\/it\/il-fiore\/\"]}]},{\"@type\":\"BreadcrumbList\",\"@id\":\"https:\/\/arielgaragorri.com\/it\/il-fiore\/#breadcrumb\",\"itemListElement\":[{\"@type\":\"ListItem\",\"position\":1,\"name\":\"Home\",\"item\":\"https:\/\/arielgaragorri.com\/it\/\"},{\"@type\":\"ListItem\",\"position\":2,\"name\":\"Il fiore\"}]},{\"@type\":\"WebSite\",\"@id\":\"https:\/\/arielgaragorri.com\/it\/#website\",\"url\":\"https:\/\/arielgaragorri.com\/it\/\",\"name\":\"\",\"description\":\"\",\"potentialAction\":[{\"@type\":\"SearchAction\",\"target\":{\"@type\":\"EntryPoint\",\"urlTemplate\":\"https:\/\/arielgaragorri.com\/it\/?s={search_term_string}\"},\"query-input\":\"required name=search_term_string\"}],\"inLanguage\":\"it-IT\"}]}<\/script>\n<!-- \/ Yoast SEO plugin. -->","yoast_head_json":{"title":"Lavorazione del Patino - Gioielliere Specializzato","description":"Nel mio atelier produciamo particolari in platino per il comparto industriale. Alcune delle maggiori aziende di fama mondiale ci commissionano piccole serie","robots":{"index":"index","follow":"follow","max-snippet":"max-snippet:-1","max-image-preview":"max-image-preview:large","max-video-preview":"max-video-preview:-1"},"canonical":"https:\/\/arielgaragorri.com\/it\/il-fiore\/","og_locale":"it_IT","og_type":"article","og_title":"Lavorazione del Patino - Gioielliere Specializzato","og_description":"Nel mio atelier produciamo particolari in platino per il comparto industriale. Alcune delle maggiori aziende di fama mondiale ci commissionano piccole serie","og_url":"https:\/\/arielgaragorri.com\/it\/il-fiore\/","article_modified_time":"2024-05-06T13:10:10+00:00","twitter_misc":{"Tempo di lettura stimato":"3 minuti"},"schema":{"@context":"https:\/\/schema.org","@graph":[{"@type":"WebPage","@id":"https:\/\/arielgaragorri.com\/it\/il-fiore\/","url":"https:\/\/arielgaragorri.com\/it\/il-fiore\/","name":"Lavorazione del Patino - Gioielliere Specializzato","isPartOf":{"@id":"https:\/\/arielgaragorri.com\/it\/#website"},"datePublished":"2024-01-07T15:29:33+00:00","dateModified":"2024-05-06T13:10:10+00:00","description":"Nel mio atelier produciamo particolari in platino per il comparto industriale. Alcune delle maggiori aziende di fama mondiale ci commissionano piccole serie","breadcrumb":{"@id":"https:\/\/arielgaragorri.com\/it\/il-fiore\/#breadcrumb"},"inLanguage":"it-IT","potentialAction":[{"@type":"ReadAction","target":["https:\/\/arielgaragorri.com\/it\/il-fiore\/"]}]},{"@type":"BreadcrumbList","@id":"https:\/\/arielgaragorri.com\/it\/il-fiore\/#breadcrumb","itemListElement":[{"@type":"ListItem","position":1,"name":"Home","item":"https:\/\/arielgaragorri.com\/it\/"},{"@type":"ListItem","position":2,"name":"Il fiore"}]},{"@type":"WebSite","@id":"https:\/\/arielgaragorri.com\/it\/#website","url":"https:\/\/arielgaragorri.com\/it\/","name":"","description":"","potentialAction":[{"@type":"SearchAction","target":{"@type":"EntryPoint","urlTemplate":"https:\/\/arielgaragorri.com\/it\/?s={search_term_string}"},"query-input":"required name=search_term_string"}],"inLanguage":"it-IT"}]}},"_links":{"self":[{"href":"https:\/\/arielgaragorri.com\/it\/wp-json\/wp\/v2\/pages\/3301"}],"collection":[{"href":"https:\/\/arielgaragorri.com\/it\/wp-json\/wp\/v2\/pages"}],"about":[{"href":"https:\/\/arielgaragorri.com\/it\/wp-json\/wp\/v2\/types\/page"}],"author":[{"embeddable":true,"href":"https:\/\/arielgaragorri.com\/it\/wp-json\/wp\/v2\/users\/15"}],"replies":[{"embeddable":true,"href":"https:\/\/arielgaragorri.com\/it\/wp-json\/wp\/v2\/comments?post=3301"}],"version-history":[{"count":7,"href":"https:\/\/arielgaragorri.com\/it\/wp-json\/wp\/v2\/pages\/3301\/revisions"}],"predecessor-version":[{"id":3315,"href":"https:\/\/arielgaragorri.com\/it\/wp-json\/wp\/v2\/pages\/3301\/revisions\/3315"}],"wp:attachment":[{"href":"https:\/\/arielgaragorri.com\/it\/wp-json\/wp\/v2\/media?parent=3301"}],"curies":[{"name":"wp","href":"https:\/\/api.w.org\/{rel}","templated":true}]}}