{"id":2706,"date":"2023-09-25T07:08:37","date_gmt":"2023-09-25T07:08:37","guid":{"rendered":"https:\/\/arielgaragorri.com\/catalogo-copy\/"},"modified":"2023-10-10T07:46:02","modified_gmt":"2023-10-10T07:46:02","slug":"catalogo-gioielli-dartista","status":"publish","type":"page","link":"https:\/\/arielgaragorri.com\/it\/catalogo-gioielli-dartista\/","title":{"rendered":"Catalogo gioielli d&#8217;artista"},"content":{"rendered":"<div class=\"wpb-content-wrapper\"><section id=\"content-section-479365366\" class=\"intense content-section  breakout\"2 style=\"  margin-bottom: 0; margin-top: 0; margin-left: 0; margin-right: 0;  background-size: cover; background-position: 50% 50%;  background-image: url(https:\/\/arielgaragorri.com\/wp-content\/uploads\/2022\/03\/Vetrina-1600x680.jpg);  padding-top: 200px; padding-bottom:200px; padding-left: 0; padding-right:0; \"><div class=\"intense container  \"><div data-100-top='opacity: 1' data-top='opacity: 0' class=\"animated-scroll skrollable skrollable-after \"><link href=\"\/\/fonts.googleapis.com\/css?family=Playfair+Display\" rel=\"stylesheet\" type=\"text\/css\"><script>jQuery(window).load(function() { jQuery('#heading-969468837').fitText(1, { maxFontSize: \"70px\" }); });<\/script><h1 id=\"heading-969468837\" class=\"intense heading\" style=\" color: #ffffff; font-size: 70px; line-height: initial; text-align: center; font-weight: 500; margin-top: 0px; margin-bottom: 0px; font-family: Playfair Display; text-transform: uppercase; -webkit-font-smoothing: antialiased;\">Gioielli d&#8217;Artista<\/h1><script>jQuery(window).load(function() { jQuery('#heading-1069932660').fitText(1, { maxFontSize: \"18px\" }); });<\/script><h1 id=\"heading-1069932660\" class=\"intense heading\" style=\" color: #ffffff; font-size: 18px; line-height: initial; text-align: center; font-weight: 400; margin-top: 0px; margin-bottom: 0px; font-family: Playfair Display; text-transform: none; -webkit-font-smoothing: antialiased;\">Ogni gioiello d&#8217;artista \u00e8 sempre corredato da autentica.<\/h1><\/div><\/div><div class=\"overlay-background\" style=\"background-color: rgba(0,0,0,0.6);\"><\/div><\/section>[vc_row][vc_column]<div class='intense spacer ' style='height: 50px; '><\/div><h1 id=\"heading-896521939\" class=\"intense heading\" style=\" font-size: 40px; line-height: 48px; text-align: center; text-transform: none; -webkit-font-smoothing: antialiased;\">Gioielli <strong>d&#8217;Artista<\/strong><\/h1>[vc_single_image image=&#8221;329&#8243; img_size=&#8221;full&#8221; alignment=&#8221;center&#8221;][\/vc_column][\/vc_row][vc_row css=&#8221;.vc_custom_1646836752795{margin-top: 50px !important;}&#8221;][vc_column width=&#8221;1\/2&#8243;][vc_gallery type=&#8221;nivo&#8221; interval=&#8221;3&#8243; images=&#8221;2787,2792,2797,2802,3096,3101,3106,3111,3116&#8243; img_size=&#8221;full&#8221; onclick=&#8221;&#8221;][\/vc_column][vc_column width=&#8221;1\/2&#8243;]<h2 id=\"heading-1349053079\" class=\"intense heading\" style=\" font-size: 35px; line-height: 42px; text-align: left; font-weight: 700; text-transform: none; -webkit-font-smoothing: antialiased;\">Arman <span style=\"font-weight: 400;\">|<\/span> <span style=\"font-size: 22px; font-weight: 400;\">Bracciale<\/span><\/h2>[vc_column_text css=&#8221;.vc_custom_1696262684538{margin-bottom: 15px !important;}&#8221;]<strong>Disponibilit\u00e0 materiale:<\/strong><br \/>\nArgento 925 o oro giallo 18kt e rubini o oro giallo 18kt e zaffiri.[\/vc_column_text][vc_column_text css=&#8221;.vc_custom_1695633434028{margin-bottom: 15px !important;}&#8221;]<strong>Misure:\u00a0<\/strong><br \/>\nLunghezza 16.5cm[\/vc_column_text][vc_column_text]<strong>Descrizione oggetto:\u00a0<\/strong><br \/>\nIl bracciale Arman \u00e8 la trasposizione dell\u2019artista Arman Fernandez, delle sue opere scultoree monumentali in versione portatile, caratterizzate spesso da un tono ironico e provocatorio.<br \/>\nQuesto gioiello celebra l&#8217;audacia e la creativit\u00e0 dell&#8217;artista stesso. Ogni pezzo \u00e8 realizzato a mano, certificato e disponibile in edizione limitata.[\/vc_column_text]<a id='btn_1269651860' style='' href='\/contatti' target='_self'  class='intense  btn btn-default '>Richiedi Informazioni<\/a>[\/vc_column][\/vc_row][vc_row css=&#8221;.vc_custom_1646836752795{margin-top: 50px !important;}&#8221;][vc_column width=&#8221;1\/2&#8243;][vc_gallery type=&#8221;nivo&#8221; interval=&#8221;3&#8243; images=&#8221;2853,3139,3144,3149,3154,3159&#8243; img_size=&#8221;full&#8221; onclick=&#8221;&#8221;][\/vc_column][vc_column width=&#8221;1\/2&#8243;]<h2 id=\"heading-237125892\" class=\"intense heading\" style=\" font-size: 35px; line-height: 42px; text-align: left; font-weight: 700; text-transform: none; -webkit-font-smoothing: antialiased;\">Arman <span style=\"font-weight: 400;\">|<\/span> <span style=\"font-size: 22px; font-weight: 400;\">Bracciale oro bianco e diamanti<\/span><\/h2>[vc_column_text css=&#8221;.vc_custom_1695633106722{margin-bottom: 15px !important;}&#8221;]<strong>Disponibilit\u00e0 materiale:\u00a0<\/strong><br \/>\nOro bianco 18kt e diamanti[\/vc_column_text][vc_column_text css=&#8221;.vc_custom_1695633447938{margin-bottom: 15px !important;}&#8221;]<strong>Misure:\u00a0<\/strong><br \/>\nLunghezza 5.8cm[\/vc_column_text][vc_column_text]<strong>Descrizione oggetto:\u00a0<\/strong><br \/>\nIl bracciale Arman \u00e8 la trasposizione dell\u2019artista Arman Fernandez, delle sue opere scultoree monumentali in versione portatile.<br \/>\nQuesto bracciale cattura l&#8217;essenza dell&#8217;artista franco-americano, celebre per l&#8217;incorporazione di strumenti musicali come violini, violoncelli e strumenti a fiato nelle sue creazioni.<br \/>\nOgni pezzo \u00e8 realizzato a mano, certificato e disponibile in edizione limitata.[\/vc_column_text]<a id='btn_582126943' style='' href='\/contatti' target='_self'  class='intense  btn btn-default '>Richiedi Informazioni<\/a>[\/vc_column][\/vc_row][vc_row css=&#8221;.vc_custom_1646836752795{margin-top: 50px !important;}&#8221;][vc_column width=&#8221;1\/2&#8243;][vc_gallery type=&#8221;nivo&#8221; interval=&#8221;3&#8243; images=&#8221;2859,2864,2869&#8243; img_size=&#8221;full&#8221; onclick=&#8221;&#8221;][\/vc_column][vc_column width=&#8221;1\/2&#8243;]<h2 id=\"heading-2071860663\" class=\"intense heading\" style=\" font-size: 35px; line-height: 42px; text-align: left; font-weight: 700; text-transform: none; -webkit-font-smoothing: antialiased;\">Pol Bury <span style=\"font-weight: 400;\">|<\/span> <span style=\"font-size: 22px; font-weight: 400;\">Anello Bastoncini <\/span><\/h2>[vc_column_text css=&#8221;.vc_custom_1695633116439{margin-bottom: 15px !important;}&#8221;]<strong>Disponibilit\u00e0 materiale:\u00a0<\/strong><br \/>\nOro bianco 18kt[\/vc_column_text][vc_column_text css=&#8221;.vc_custom_1695633474095{margin-bottom: 15px !important;}&#8221;]<strong>Misure:\u00a0<\/strong><br \/>\nLunghezza 4cm, larghezza 2cm ed altezza 3.5cm[\/vc_column_text][vc_column_text]<strong>Descrizione oggetto:\u00a0<\/strong><br \/>\nL&#8217;anello Bastoncini \u00e8 la trasposizione dell\u2019Artista delle sue celebri fontane di cui la pi\u00f9 importante presente alla Fondation Maeght.<br \/>\nInfluenzato dall&#8217;arte surrealista, Pol Bury \u00e8 stato un pioniere della scultura cinetica sottolineando che le sue opere non erano complete finch\u00e9 non avevano movimento.<br \/>\nQuesto gioiello, realizzato in oro bianco 18kt, rappresenta l&#8217;artista nel movimento cinetico dei bastoncini che lo compongono.[\/vc_column_text]<a id='btn_1030069181' style='' href='\/contatti' target='_self'  class='intense  btn btn-default '>Richiedi Informazioni<\/a>[\/vc_column][\/vc_row][vc_row css=&#8221;.vc_custom_1646836752795{margin-top: 50px !important;}&#8221;][vc_column width=&#8221;1\/2&#8243;][vc_gallery type=&#8221;nivo&#8221; interval=&#8221;3&#8243; images=&#8221;2874,2879,2884,2889,2894,3122&#8243; img_size=&#8221;full&#8221; onclick=&#8221;&#8221;][\/vc_column][vc_column width=&#8221;1\/2&#8243;]<h2 id=\"heading-623471068\" class=\"intense heading\" style=\" font-size: 35px; line-height: 42px; text-align: left; font-weight: 700; text-transform: none; -webkit-font-smoothing: antialiased;\">Pol Bury <span style=\"font-weight: 400;\">|<\/span> <span style=\"font-size: 22px; font-weight: 400;\">Anello Esagono<\/span><\/h2>[vc_column_text css=&#8221;.vc_custom_1696923822498{margin-bottom: 15px !important;}&#8221;]<strong>Disponibilit\u00e0 materiale:\u00a0<\/strong><br \/>\nArgento 925 o fascia ed esagono oro bianco 18kt e sfere oro giallo 18kt, in alternativa tutto oro bianco 18kt[\/vc_column_text][vc_column_text css=&#8221;.vc_custom_1695633701220{margin-bottom: 15px !important;}&#8221;]<strong>Misure:\u00a0<\/strong><br \/>\nEsagono 3&#215;3.5cm ed altezza 3.2cm[\/vc_column_text][vc_column_text]<strong>Descrizione oggetto:\u00a0<\/strong><br \/>\nQui l\u2019Artista ha voluto riprodurre in scala portabile l\u2019idea delle sue fontane scultura, presenti al Palais Royal di Parigi.<br \/>\nIn risposta alla crescente richiesta di trasformare le sue sculture in gioielli da indossare, l&#8217;anello Esagono rappresenta il dinamismo artistico ed incarna l&#8217;arte cinetica di cui l\u2019Artista belga era maestro.[\/vc_column_text]<a id='btn_1639478699' style='' href='\/contatti' target='_self'  class='intense  btn btn-default '>Richiedi Informazioni<\/a>[\/vc_column][\/vc_row][vc_row css=&#8221;.vc_custom_1646836752795{margin-top: 50px !important;}&#8221;][vc_column width=&#8221;1\/2&#8243;][vc_gallery type=&#8221;nivo&#8221; interval=&#8221;3&#8243; images=&#8221;2899,2904,2909,2914&#8243; img_size=&#8221;full&#8221; onclick=&#8221;&#8221;][\/vc_column][vc_column width=&#8221;1\/2&#8243;]<h2 id=\"heading-768243489\" class=\"intense heading\" style=\" font-size: 35px; line-height: 42px; text-align: left; font-weight: 700; text-transform: none; -webkit-font-smoothing: antialiased;\">Pol Bury <span style=\"font-weight: 400;\">|<\/span> <span style=\"font-size: 22px; font-weight: 400;\">Anello Fascia<\/span><\/h2>[vc_column_text css=&#8221;.vc_custom_1695975806709{margin-bottom: 15px !important;}&#8221;]<strong>Disponibilit\u00e0 materiale:\u00a0<\/strong><br \/>\nOro bianco 18kt e sfere oro giallo 18kt, in alternativa tutto oro bianco 18kt[\/vc_column_text][vc_column_text css=&#8221;.vc_custom_1695829649497{margin-bottom: 15px !important;}&#8221;]<strong>Misure:\u00a0<\/strong><br \/>\nSu richiesta[\/vc_column_text][vc_column_text]<strong>Descrizione oggetto:\u00a0<\/strong><br \/>\nL&#8217;anello Fascia \u00e8 pura espressione della visione unica di Pol Bury. Questo gioiello fonde l&#8217;astrazione geometrica con l&#8217;intramontabile raffinatezza di un gioiello realizzato a mano. La danza delle sfere lungo la fascia ne trasforma la geometria rendendo questo anello un capolavoro di design e artigianato.[\/vc_column_text]<a id='btn_1789180387' style='' href='\/contatti' target='_self'  class='intense  btn btn-default '>Richiedi Informazioni<\/a>[\/vc_column][\/vc_row][vc_row css=&#8221;.vc_custom_1646836752795{margin-top: 50px !important;}&#8221;][vc_column width=&#8221;1\/2&#8243;][vc_gallery type=&#8221;nivo&#8221; interval=&#8221;3&#8243; images=&#8221;3013,3018,2874,3133&#8243; img_size=&#8221;full&#8221; onclick=&#8221;&#8221;][\/vc_column][vc_column width=&#8221;1\/2&#8243;]<h2 id=\"heading-361806932\" class=\"intense heading\" style=\" font-size: 35px; line-height: 42px; text-align: left; font-weight: 700; text-transform: none; -webkit-font-smoothing: antialiased;\">Pol Bury <span style=\"font-weight: 400;\">|<\/span> <span style=\"font-size: 22px; font-weight: 400;\">Bracciale Sfere<\/span><\/h2>[vc_column_text css=&#8221;.vc_custom_1696923737303{margin-bottom: 15px !important;}&#8221;]<strong>Disponibilit\u00e0 materiale:\u00a0<\/strong><br \/>\nFascia oro bianco 18k e sfere oro giallo 18kt o fascia oro giallo 18kt e sfere oro bianco 18kt[\/vc_column_text][vc_column_text css=&#8221;.vc_custom_1695975925758{margin-bottom: 15px !important;}&#8221;]<strong>Misure:\u00a0<\/strong><br \/>\nDiametro 7cm e peso 180gr indicativi[\/vc_column_text][vc_column_text]<strong>Descrizione oggetto:\u00a0<\/strong><br \/>\nIl bracciale Sfere rappresenta un prolungamento concettuale delle sculture di Pol Bury.<br \/>\nNonostante la sua struttura rigida, questo gioiello offre un\u2019ottima vestibilit\u00e0 e crea un effetto visivo straordinario grazie alla notevole volumetria e alla continua rifrazione della luce sulle sfere.<br \/>\nIn piena sintonia con l&#8217;arte di Pol Bury, questo effetto ottico \u00e8 enfatizzato dal movimento delle sfere che si trovano rappresentate specularmente all\u2019esterno e all\u2019interno del bracciale.[\/vc_column_text]<a id='btn_238885149' style='' href='\/contatti' target='_self'  class='intense  btn btn-default '>Richiedi Informazioni<\/a>[\/vc_column][\/vc_row][vc_row css=&#8221;.vc_custom_1669886760389{margin-top: 50px !important;}&#8221;][vc_column width=&#8221;1\/2&#8243;][vc_gallery type=&#8221;nivo&#8221; interval=&#8221;3&#8243; images=&#8221;2920,2925,2930,2935&#8243; img_size=&#8221;full&#8221; onclick=&#8221;&#8221;][\/vc_column][vc_column width=&#8221;1\/2&#8243;]<h2 id=\"heading-25870915\" class=\"intense heading\" style=\" font-size: 35px; line-height: 42px; text-align: left; font-weight: 700; text-transform: none; -webkit-font-smoothing: antialiased;\">Pol Bury <span style=\"font-weight: 400;\">|<\/span> <span style=\"font-size: 22px; font-weight: 400;\">Anello Mezzaluna<\/span><\/h2>[vc_column_text css=&#8221;.vc_custom_1696923811261{margin-bottom: 15px !important;}&#8221;]<strong>Disponibilit\u00e0 materiale:\u00a0<\/strong><br \/>\nArgento 925 o oro bianco 18kt o oro giallo 18kt[\/vc_column_text][vc_column_text css=&#8221;.vc_custom_1695633736808{margin-bottom: 15px !important;}&#8221;]<strong>Misure:\u00a0<\/strong><br \/>\nDiametro mezza luna 2.5cm[\/vc_column_text][vc_column_text]<strong>Descrizione oggetto:\u00a0<\/strong><br \/>\nL\u2019anello Mezzaluna incarna l&#8217;essenza del dinamismo artistico dell\u2019artista Pol Bury, che \u00e8 la trasposizione dell\u2019Artista in monile portabile, ispirato alle sue fontane, la pi\u00f9 celebre presente alla Fondation Maeght.<br \/>\nQuesto gioiello \u00e8 uno tra i pi\u00f9 rari all&#8217;interno della limitata collezione disegnata dall&#8217;artista.<br \/>\nL\u2019anello Mezzaluna si rivela completo solo quando indossato, poich\u00e9 il movimento della mano d\u00e0 vita agli elementi, creando cos\u00ec un&#8217;armoniosa fusione tra bellezza e dinamismo.[\/vc_column_text]<a id='btn_1419326705' style='' href='\/contatti' target='_self'  class='intense  btn btn-default '>Richiedi Informazioni<\/a>[\/vc_column][\/vc_row][vc_row css=&#8221;.vc_custom_1669886760389{margin-top: 50px !important;}&#8221;][vc_column width=&#8221;1\/2&#8243;][vc_raw_html]JTNDdmlkZW8lMjBhdXRvcGxheSUyMG11dGVkJTIwd2lkdGglM0QlMjIxMDAlMjUlMjIlM0UlMEElMjAlMjAlM0Nzb3VyY2UlMjBzcmMlM0QlMjJodHRwcyUzQSUyRiUyRmFyaWVsZ2FyYWdvcnJpLmNvbSUyRndwLWNvbnRlbnQlMkZ1cGxvYWRzJTJGMjAyMiUyRjAzJTJGSnVsaWV0SGVhcnRBZy5tcDQlMjIlMjB0eXBlJTNEJTIydmlkZW8lMkZtcDQlMjIlM0UlMEElM0MlMkZ2aWRlbyUzRQ==[\/vc_raw_html][\/vc_column][vc_column width=&#8221;1\/2&#8243;]<h2 id=\"heading-1916351795\" class=\"intense heading\" style=\" font-size: 35px; line-height: 42px; text-align: left; font-weight: 700; text-transform: none; -webkit-font-smoothing: antialiased;\">Ariel Garagorri <span style=\"font-weight: 400;\">|<\/span> <span style=\"font-size: 22px; font-weight: 400;\">Anello Cuore di Giulietta<\/span><\/h2>[vc_column_text css=&#8221;.vc_custom_1695976110279{margin-bottom: 15px !important;}&#8221;]<strong>Disponibilit\u00e0 materiale:\u00a0<\/strong><br \/>\nArgento 925 o oro bianco 18kt con diamanti[\/vc_column_text][vc_column_text css=&#8221;.vc_custom_1695633216926{margin-bottom: 15px !important;}&#8221;]<strong>Misure:\u00a0<\/strong><br \/>\nPersonalizzate[\/vc_column_text][vc_column_text]<strong>Descrizione oggetto:\u00a0<\/strong><br \/>\nL&#8217;anello Cuore di Giulietta \u00e8 un omaggio all&#8217;amore e alla citt\u00e0 di Verona, di cui mi sono innamorato e ho scelto di stabilirmi.<br \/>\nQuesto gioiello racchiude in s\u00e9 la vera quintessenza della passione e della determinazione di Giulietta, un&#8217;icona dell&#8217;amore eterno.<\/p>\n<p>.[\/vc_column_text]<a id='btn_827870119' style='' href='\/contatti' target='_self'  class='intense  btn btn-default '>Richiedi Informazioni<\/a>[\/vc_column][\/vc_row][vc_row css=&#8221;.vc_custom_1669886760389{margin-top: 50px !important;}&#8221;][vc_column width=&#8221;1\/2&#8243;][vc_gallery type=&#8221;nivo&#8221; interval=&#8221;3&#8243; images=&#8221;2940,3023&#8243; img_size=&#8221;full&#8221; onclick=&#8221;&#8221;][\/vc_column][vc_column width=&#8221;1\/2&#8243;]<h2 id=\"heading-210880547\" class=\"intense heading\" style=\" font-size: 35px; line-height: 42px; text-align: left; font-weight: 700; text-transform: none; -webkit-font-smoothing: antialiased;\">Yoko Ono <span style=\"font-weight: 400;\">|<\/span> <span style=\"font-size: 22px; font-weight: 400;\">Anello<\/span><\/h2>[vc_column_text css=&#8221;.vc_custom_1695633142935{margin-bottom: 15px !important;}&#8221;]<strong>Disponibilit\u00e0 materiale:\u00a0<\/strong><br \/>\nOro giallo 18kt[\/vc_column_text][vc_column_text css=&#8221;.vc_custom_1695633857973{margin-bottom: 15px !important;}&#8221;]<strong>Misure:\u00a0<\/strong><br \/>\nDiametro 4.1cm ed altezza 3.2cm[\/vc_column_text][vc_column_text]<strong>Descrizione oggetto:\u00a0<\/strong><br \/>\nYoko Ono, icona dell&#8217;arte concettuale e Fluxus degli anni &#8217;60, \u00e8 riconosciuta a livello internazionale come una delle figure pi\u00f9 provocatorie e affascinanti della nostra epoca.<br \/>\nQuesto gioiello incarna l&#8217;estetica audace e innovativa dell&#8217;artista, trasmettendo un senso di sperimentazione e liberazione creativa che caratterizza gran parte del suo lavoro, in questo caso frutto della collaborazione artistica e musicale col marito John Lennon.[\/vc_column_text]<a id='btn_409523024' style='' href='\/contatti' target='_self'  class='intense  btn btn-default '>Richiedi Informazioni<\/a>[\/vc_column][\/vc_row][vc_row css=&#8221;.vc_custom_1669886760389{margin-top: 50px !important;}&#8221;][\/vc_row]\n<\/div>","protected":false},"excerpt":{"rendered":"<p>[vc_row][vc_column][vc_single_image image=&#8221;329&#8243; img_size=&#8221;full&#8221; alignment=&#8221;center&#8221;][\/vc_column][\/vc_row][vc_row css=&#8221;.vc_custom_1646836752795{margin-top: 50px !important;}&#8221;][vc_column width=&#8221;1\/2&#8243;][vc_gallery type=&#8221;nivo&#8221; interval=&#8221;3&#8243; images=&#8221;2787,2792,2797,2802,3096,3101,3106,3111,3116&#8243; img_size=&#8221;full&#8221; onclick=&#8221;&#8221;][\/vc_column][vc_column width=&#8221;1\/2&#8243;][vc_column_text css=&#8221;.vc_custom_1696262684538{margin-bottom: 15px !important;}&#8221;]Disponibilit\u00e0 materiale: Argento 925 o oro giallo 18kt e rubini o oro giallo 18kt e zaffiri.[\/vc_column_text][vc_column_text css=&#8221;.vc_custom_1695633434028{margin-bottom: 15px !important;}&#8221;]Misure:\u00a0 Lunghezza 16.5cm[\/vc_column_text][vc_column_text]Descrizione oggetto:\u00a0 Il bracciale Arman \u00e8 la trasposizione dell\u2019artista Arman Fernandez, delle sue opere scultoree monumentali in versione portatile, [&hellip;]<\/p>\n","protected":false},"author":15,"featured_media":0,"parent":0,"menu_order":0,"comment_status":"closed","ping_status":"closed","template":"","meta":{"footnotes":""},"yoast_head":"<!-- This site is optimized with the Yoast SEO plugin v21.7 - https:\/\/yoast.com\/wordpress\/plugins\/seo\/ -->\n<title>Gioielliere Specializzato a Verona | Contatti Ariel Garagorri<\/title>\n<meta name=\"description\" content=\"Gioielliere specializzato nella realizzazione di Gioielli di Alta Qualit\u00e0, Pezzi Unici dal valore unico. Vuoi conoscere il mio mondo? Contattami\" \/>\n<meta name=\"robots\" content=\"noindex, follow\" \/>\n<meta property=\"og:locale\" content=\"it_IT\" \/>\n<meta property=\"og:type\" content=\"article\" \/>\n<meta property=\"og:title\" content=\"Gioielliere Specializzato a Verona | Contatti Ariel Garagorri\" \/>\n<meta property=\"og:description\" content=\"Gioielliere specializzato nella realizzazione di Gioielli di Alta Qualit\u00e0, Pezzi Unici dal valore unico. Vuoi conoscere il mio mondo? Contattami\" \/>\n<meta property=\"og:url\" content=\"https:\/\/arielgaragorri.com\/it\/catalogo-gioielli-dartista\/\" \/>\n<meta property=\"article:modified_time\" content=\"2023-10-10T07:46:02+00:00\" \/>\n<meta name=\"twitter:label1\" content=\"Tempo di lettura stimato\" \/>\n\t<meta name=\"twitter:data1\" content=\"7 minuti\" \/>\n<script type=\"application\/ld+json\" class=\"yoast-schema-graph\">{\"@context\":\"https:\/\/schema.org\",\"@graph\":[{\"@type\":\"WebPage\",\"@id\":\"https:\/\/arielgaragorri.com\/it\/catalogo-gioielli-dartista\/\",\"url\":\"https:\/\/arielgaragorri.com\/it\/catalogo-gioielli-dartista\/\",\"name\":\"Gioielliere Specializzato a Verona | Contatti Ariel Garagorri\",\"isPartOf\":{\"@id\":\"https:\/\/arielgaragorri.com\/it\/#website\"},\"datePublished\":\"2023-09-25T07:08:37+00:00\",\"dateModified\":\"2023-10-10T07:46:02+00:00\",\"description\":\"Gioielliere specializzato nella realizzazione di Gioielli di Alta Qualit\u00e0, Pezzi Unici dal valore unico. Vuoi conoscere il mio mondo? Contattami\",\"breadcrumb\":{\"@id\":\"https:\/\/arielgaragorri.com\/it\/catalogo-gioielli-dartista\/#breadcrumb\"},\"inLanguage\":\"it-IT\",\"potentialAction\":[{\"@type\":\"ReadAction\",\"target\":[\"https:\/\/arielgaragorri.com\/it\/catalogo-gioielli-dartista\/\"]}]},{\"@type\":\"BreadcrumbList\",\"@id\":\"https:\/\/arielgaragorri.com\/it\/catalogo-gioielli-dartista\/#breadcrumb\",\"itemListElement\":[{\"@type\":\"ListItem\",\"position\":1,\"name\":\"Home\",\"item\":\"https:\/\/arielgaragorri.com\/it\/\"},{\"@type\":\"ListItem\",\"position\":2,\"name\":\"Catalogo gioielli d&#8217;artista\"}]},{\"@type\":\"WebSite\",\"@id\":\"https:\/\/arielgaragorri.com\/it\/#website\",\"url\":\"https:\/\/arielgaragorri.com\/it\/\",\"name\":\"\",\"description\":\"\",\"potentialAction\":[{\"@type\":\"SearchAction\",\"target\":{\"@type\":\"EntryPoint\",\"urlTemplate\":\"https:\/\/arielgaragorri.com\/it\/?s={search_term_string}\"},\"query-input\":\"required name=search_term_string\"}],\"inLanguage\":\"it-IT\"}]}<\/script>\n<!-- \/ Yoast SEO plugin. -->","yoast_head_json":{"title":"Gioielliere Specializzato a Verona | Contatti Ariel Garagorri","description":"Gioielliere specializzato nella realizzazione di Gioielli di Alta Qualit\u00e0, Pezzi Unici dal valore unico. Vuoi conoscere il mio mondo? Contattami","robots":{"index":"noindex","follow":"follow"},"og_locale":"it_IT","og_type":"article","og_title":"Gioielliere Specializzato a Verona | Contatti Ariel Garagorri","og_description":"Gioielliere specializzato nella realizzazione di Gioielli di Alta Qualit\u00e0, Pezzi Unici dal valore unico. Vuoi conoscere il mio mondo? Contattami","og_url":"https:\/\/arielgaragorri.com\/it\/catalogo-gioielli-dartista\/","article_modified_time":"2023-10-10T07:46:02+00:00","twitter_misc":{"Tempo di lettura stimato":"7 minuti"},"schema":{"@context":"https:\/\/schema.org","@graph":[{"@type":"WebPage","@id":"https:\/\/arielgaragorri.com\/it\/catalogo-gioielli-dartista\/","url":"https:\/\/arielgaragorri.com\/it\/catalogo-gioielli-dartista\/","name":"Gioielliere Specializzato a Verona | Contatti Ariel Garagorri","isPartOf":{"@id":"https:\/\/arielgaragorri.com\/it\/#website"},"datePublished":"2023-09-25T07:08:37+00:00","dateModified":"2023-10-10T07:46:02+00:00","description":"Gioielliere specializzato nella realizzazione di Gioielli di Alta Qualit\u00e0, Pezzi Unici dal valore unico. Vuoi conoscere il mio mondo? Contattami","breadcrumb":{"@id":"https:\/\/arielgaragorri.com\/it\/catalogo-gioielli-dartista\/#breadcrumb"},"inLanguage":"it-IT","potentialAction":[{"@type":"ReadAction","target":["https:\/\/arielgaragorri.com\/it\/catalogo-gioielli-dartista\/"]}]},{"@type":"BreadcrumbList","@id":"https:\/\/arielgaragorri.com\/it\/catalogo-gioielli-dartista\/#breadcrumb","itemListElement":[{"@type":"ListItem","position":1,"name":"Home","item":"https:\/\/arielgaragorri.com\/it\/"},{"@type":"ListItem","position":2,"name":"Catalogo gioielli d&#8217;artista"}]},{"@type":"WebSite","@id":"https:\/\/arielgaragorri.com\/it\/#website","url":"https:\/\/arielgaragorri.com\/it\/","name":"","description":"","potentialAction":[{"@type":"SearchAction","target":{"@type":"EntryPoint","urlTemplate":"https:\/\/arielgaragorri.com\/it\/?s={search_term_string}"},"query-input":"required name=search_term_string"}],"inLanguage":"it-IT"}]}},"_links":{"self":[{"href":"https:\/\/arielgaragorri.com\/it\/wp-json\/wp\/v2\/pages\/2706"}],"collection":[{"href":"https:\/\/arielgaragorri.com\/it\/wp-json\/wp\/v2\/pages"}],"about":[{"href":"https:\/\/arielgaragorri.com\/it\/wp-json\/wp\/v2\/types\/page"}],"author":[{"embeddable":true,"href":"https:\/\/arielgaragorri.com\/it\/wp-json\/wp\/v2\/users\/15"}],"replies":[{"embeddable":true,"href":"https:\/\/arielgaragorri.com\/it\/wp-json\/wp\/v2\/comments?post=2706"}],"version-history":[{"count":54,"href":"https:\/\/arielgaragorri.com\/it\/wp-json\/wp\/v2\/pages\/2706\/revisions"}],"predecessor-version":[{"id":3240,"href":"https:\/\/arielgaragorri.com\/it\/wp-json\/wp\/v2\/pages\/2706\/revisions\/3240"}],"wp:attachment":[{"href":"https:\/\/arielgaragorri.com\/it\/wp-json\/wp\/v2\/media?parent=2706"}],"curies":[{"name":"wp","href":"https:\/\/api.w.org\/{rel}","templated":true}]}}