{"id":1471,"date":"2016-01-06T20:12:52","date_gmt":"2016-01-06T20:12:52","guid":{"rendered":"https:\/\/arielgaragorri.com\/es\/chi-sono\/"},"modified":"2023-09-29T06:50:01","modified_gmt":"2023-09-29T06:50:01","slug":"quien-soy","status":"publish","type":"page","link":"https:\/\/arielgaragorri.com\/es\/quien-soy\/","title":{"rendered":"Quien soy"},"content":{"rendered":"<section id=\"content-section-1793730959\" class=\"intense content-section  breakout\"2 style=\"  margin-bottom: 0; margin-top: 0; margin-left: 0; margin-right: 0;  background-size: cover; background-position: 0 100%;  background-image: url(https:\/\/arielgaragorri.com\/wp-content\/uploads\/2016\/01\/L2.png);  padding-top: 200px; padding-bottom:200px; padding-left: 0; padding-right:0; \"><div class=\"intense container  \"><div data-100-top='opacity: 1' data-top='opacity: 0' class=\"animated-scroll skrollable skrollable-after \"><link href=\"\/\/fonts.googleapis.com\/css?family=Playfair+Display\" rel=\"stylesheet\" type=\"text\/css\"><script>jQuery(window).load(function() { jQuery('#heading-789640516').fitText(1, { maxFontSize: \"20px\" }); });<\/script><h1 id=\"heading-789640516\" class=\"intense heading\" style=\" color: #ffffff; font-size: 20px; line-height: initial; text-align: center; font-weight: 400; margin-top: 0px; margin-bottom: 0px; font-family: Playfair Display; text-transform: none; -webkit-font-smoothing: antialiased;\">Una<\/h1><script>jQuery(window).load(function() { jQuery('#heading-310531064').fitText(1, { maxFontSize: \"70px\" }); });<\/script><h1 id=\"heading-310531064\" class=\"intense heading\" style=\" color: #ffffff; font-size: 70px; line-height: initial; text-align: center; font-weight: 500; margin-top: 0px; margin-bottom: 0px; font-family: Playfair Display; text-transform: uppercase; -webkit-font-smoothing: antialiased;\">TRADICI\u00d3N<\/h1><script>jQuery(window).load(function() { jQuery('#heading-367459698').fitText(1, { maxFontSize: \"20px\" }); });<\/script><h1 id=\"heading-367459698\" class=\"intense heading\" style=\" color: #ffffff; font-size: 20px; line-height: initial; text-align: center; font-weight: 400; margin-top: 0px; margin-bottom: 0px; font-family: Playfair Display; text-transform: none; -webkit-font-smoothing: antialiased;\">que llega desde lejos<\/h1><\/div><\/div><div class=\"overlay-background\" style=\"background-color: rgba(0,0,0,0);\"><\/div><\/section><section id=\"content-section-33962813\" class=\"intense content-section  breakout\"2 style=\" background-color: #1f1f1f; margin-bottom: 0; margin-top: 0; margin-left: 0; margin-right: 0;  padding-top: 50px; padding-bottom:30px; padding-left: 0; padding-right:0; \"><div class=\"intense container  \"><div class='intense spacer ' style='height: 50px; '><\/div><script>jQuery(window).load(function() { jQuery('#heading-1792986617').fitText(1, { maxFontSize: \"40px\" }); });<\/script><h1 id=\"heading-1792986617\" class=\"intense heading\" style=\" color: #bbbbbb; font-size: 40px; line-height: initial; text-align: center; font-weight: 500; margin-top: 0px; margin-bottom: 15px; font-family: Playfair Display; text-transform: none; -webkit-font-smoothing: antialiased;\">Quien <strong>soy<\/strong><\/h1>[vc_column_text]<a href=\"https:\/\/arielgaragorri.com\/?attachment_id=886#main\" rel=\"attachment wp-att-329\"><img loading=\"lazy\" decoding=\"async\" class=\"size-medium wp-image-886 aligncenter\" src=\"https:\/\/arielgaragorri.com\/wp-content\/uploads\/2016\/01\/diamanteHr-300x14.png\" alt=\"diamantehr\" width=\"300\" height=\"14\" srcset=\"https:\/\/arielgaragorri.com\/wp-content\/uploads\/2016\/01\/diamanteHr-300x14.png 300w, https:\/\/arielgaragorri.com\/wp-content\/uploads\/2016\/01\/diamanteHr.png 342w\" sizes=\"(max-width: 300px) 100vw, 300px\" \/><\/a>[\/vc_column_text]<div  class='intense row ' style='padding-top: ; padding-bottom: 0; margin-top: 0; margin-bottom: 0; '><div class='intense col-lg-6 col-xs-12 col-sm-12 col-md-6 '><div class='intense scroll-animated start-hidden' data-delay='0' data-scrollpercent='20' data-starthidden='1' data-endhidden='' data-animation='fadeInLeft'>\n<p class=\"Standard\">Esta es mi historia personal, un cuento que nace desde lejos, cuando mi bisabuelo, ya joyero, emigra desde el Pa\u00eds Vasco, una tierra de artistas, so\u00f1adores y guerrilleros, para desembarcar en Argentina al final del siglo XIX.<\/p>\n<p class=\"Standard\">En Buenos Aires planta sus ra\u00edces, fundando un linaje de maestros joyeros. Mi abuelo Domingo, junto con sus hermanos Julian y Ezequiel, abrazan el arte transmitida, y as\u00ed seguiendo hasta las generaciones futuras. Hoy la familia Garagorri en Argentina sigue diferenci\u00e1ndose en esta especialidad.<\/p>\n<p><img loading=\"lazy\" decoding=\"async\" class=\"wp-image-890 alignleft\" src=\"https:\/\/arielgaragorri.com\/wp-content\/uploads\/2016\/01\/chisono1.jpg\" alt=\"chisono1\" width=\"260\" height=\"173\" \/><\/p>\n<p>Yo tambi\u00e9n soy un so\u00f1ador, cultivo el deseo de crear desde siempre. Desde que era un ni\u00f1o me sent\u00eda atra\u00eddo por todo lo que es bonito, la belleza entendida como sofisticaci\u00f3n de los detalles, la hermosura y la unicidad en su g\u00e9nero.<\/p>\n<p class=\"Standard\">Siempre me ha gustado crear, ententar innovar, pero sobretodo arriesgar, ponendo a mi mismo ah\u00ed fuera. Gracias a la suerte que tuve en nacer y crecer en un entorno de artistas, pude compartir todo esto con incre\u00edbles momentos de alegr\u00eda, porque todas mis aspiraciones ven\u00edan entendidas y apoyadas.<\/p>\n<\/div><\/div><div class='intense col-lg-6 col-xs-12 col-sm-12 col-md-6 '><div class='intense spacer ' style='height: 16px; '><\/div><div class='intense scroll-animated start-hidden' data-delay='0' data-scrollpercent='20' data-starthidden='1' data-endhidden='' data-animation='fadeInRight'>Desde all\u00ed, me mud\u00e9 a los Estados Unidos, precisamente a Nueva York, convertiendo todas mis aspiraciones en una concreta oportunidad laboral como constructor de maquetas para una empresa especializada en la producci\u00f3n de joyer\u00eda de alto nivel\/de alta calidad. Esto fue mi punto de partida.<\/p>\n<p>Durante aquella experiencia, tuve el gran honor de encontrar y trabajar junto con uno de los mayores maestros, \u201cAlberto Codorniu\u201d. Este encuentro contribuy\u00f3 al hondo enriquecimiento de mi trasfondo laboral.<\/p>\n<p><img loading=\"lazy\" decoding=\"async\" class=\"size-full wp-image-894 alignleft\" src=\"https:\/\/arielgaragorri.com\/wp-content\/uploads\/2016\/01\/nonno.jpg\" alt=\"nonno\" width=\"260\" height=\"173\" \/><\/p>\n<p>Acostumbrado al esfuerzo, quer\u00eda siempre algo m\u00e1s, lo que estaba asimilando no me parec\u00eda suficiente. Tom\u00e9 la decisi\u00f3n, por lo tanto, de inscribirme en la escuela de dise\u00f1o \u201cParsons School of design en Nueva York\u201d para aprender nuevas t\u00e9cnicas de dise\u00f1o.<\/p>\n<p class=\"Standard\">Segu\u00ed trabajando tambi\u00e9n para otras realidades neoyorquinas durante alg\u00fan tiempo, pero la excitaci\u00f3n nunca ha sido buena compa\u00f1era del arte y, entonces, en alg\u00fan momento, decid\u00ed trasladarme otra vez, quer\u00eda cambiar una vez m\u00e1s, buscando nuevos est\u00edmulos. Verona me sonri\u00f3, conseguiendo mi coraz\u00f3n con su hermosura y no fue capaz de renunciar a aquella oferta que no pod\u00eda absolutamente denegar. En 2004, plant\u00e9 mis ra\u00edces en la ciudad del amor, abriendo mi personal taller\u2026<\/p>\n<\/div><\/div><\/div>[vc_raw_html]JTNDZGl2JTIwY2xhc3MlM0QlMjJpbnRlbnNlJTIwcm93JTIwJTIyJTIwc3R5bGUlM0QlMjJwYWRkaW5nLXRvcCUzQSUyMDEwcHglM0IlMjBwYWRkaW5nLWJvdHRvbSUzQSUyMDAlM0IlMjBtYXJnaW4tdG9wJTNBJTIwMCUzQiUyMG1hcmdpbi1ib3R0b20lM0ElMjAwJTNCJTIwJTIyJTNFJTNDZGl2JTIwY2xhc3MlM0QlMjJpbnRlbnNlJTIwY29sLWxnLTEyJTIwY29sLXhzLTEyJTIwY29sLXNtLTEyJTIwY29sLW1kLTEyJTIwJTIyJTNFJTNDZGl2JTIwY2xhc3MlM0QlMjJpbnRlbnNlJTIwc2Nyb2xsLWFuaW1hdGVkJTIwaW5zdGFudGlhdGVkJTIwYW5pbWF0ZWQlMjBmYWRlSW5VcCUyMiUyMGRhdGEtZGVsYXklM0QlMjIwJTIyJTIwZGF0YS1zY3JvbGxwZXJjZW50JTNEJTIyMjAlMjIlMjBkYXRhLXN0YXJ0aGlkZGVuJTNEJTIyMSUyMiUyMGRhdGEtZW5kaGlkZGVuJTNEJTIyJTIyJTIwZGF0YS1hbmltYXRpb24lM0QlMjJmYWRlSW5VcCUyMiUzRSUzQ2RpdiUyMGNsYXNzJTNEJTIyaW50ZW5zZSUyMHRlc3RpbW9uaWVzJTIwJTIwJTIwZnVsbC13aWR0aC10ZXN0aW1vbnklMjAlMjIlM0UlMEElM0NkaXYlMjBjbGFzcyUzRCUyMnRlc3RpbW9uaWFsX2JveGVkX2NvbnRhaW5lciUyMiUzRSUwQSUzQ2lucHV0JTIwdHlwZSUzRCUyMnJhZGlvJTIyJTIwbmFtZSUzRCUyMm5hdiUyMiUzRSUwQSUzQ2RpdiUzRSUwQSUzQ2Jsb2NrcXVvdGUlMjBpZCUzRCUyMnRlc3RpbW9uaWFsXzExNTEyODUyODUlMjIlMjBjbGFzcyUzRCUyMmludGVuc2UlMjIlM0UlMEElM0NzcGFuJTIwY2xhc3MlM0QlMjJsZWZ0cSUyMHF1b3RlcyUyMiUzRSVFMiU4MCU5QyUzQyUyRnNwYW4lM0UlMjAlM0NzdHJvbmclM0VDdWFuZG8lMjBhY2FibyUyMHVuYSUyMGpveWElMjB5JTIwbGElMjBlbnRyZWdvJTIwZW4lMjBsYXMlMjBtYW5vcyUyMGRlJTIwcXVpZW4lMjBsYSUyMGhhciVDMyVBMSUyMHN1eWElMkMlMjBtaXJvJTIwc2llbXByZSUyMHN1JTIwY2FyYSUyQyUyMHN1cyUyMG11ZWNhcy4lMjBMYSUyMGNhcmElMjBubyUyMGVzY29uZGUlMjBzZWNyZXRvcyUyQyUyMHNpJTIwdCVDMyVCQSUyMGVyZXMlMjBjYXBheiUyMGRlJTIwaW50ZXJwcmV0YXJsYSUyQyUyMGVzdGElMjB0ZSUyMGNvbXBlbnNhciVDMyVBMSUyMGRlJTIwdG9kbyUyMGVuJTIwc2VndW5kb3MuJTNDJTJGc3Ryb25nJTNFJTNDcCUzRSUzQyUyRnAlM0UlMEElM0NwJTNFQWxndW5hcyUyMHZlY2VzJTIwdW5hJTIwc29ucmlzYSUyMGFzdHV0YSUyMHB1ZWRlJTIwZW5zY29uZGVyJTIwbGElMjB2ZXJkYWRlcmElMjBlbW9jaSVDMyVCM24lMkMlMjBwZXJvJTIwciVDMyVBMXBpZGFtZW50ZSUyMGxvcyUyMG9qb3MlMjB2YW4lMjB0cmFzJTIwZWwlMjBicmlsbG8lMkMlMjBpbHVtaW4lQzMlQTFuZG9zZSUyMGRlJTIwaW5tZW5zaWRhZCVFMiU4MCVBNiUyMCUzQ3NwYW4lMjBjbGFzcyUzRCUyMnJpZ2h0cSUyMHF1b3RlcyUyMiUzRSVFMiU4MCU5RSUyMCUzQyUyRnNwYW4lM0UlMEElM0MlMkZwJTNFJTNDJTJGYmxvY2txdW90ZSUzRSUwQSUzQ3N0eWxlJTNFJTIzdGVzdGltb25pYWxfMTE1MTI4NTI4NSUyMCU3QiUyMGJhY2tncm91bmQtY29sb3IlM0ElMjNhNDkyNmMlMjAlMjFpbXBvcnRhbnQlM0IlMjAlN0QlMjAlMjN0ZXN0aW1vbmlhbF8xMTUxMjg1Mjg1JTNBYWZ0ZXIlMjAlN0IlMjBib3JkZXItdG9wLWNvbG9yJTNBJTIwJTIzYTQ5MjZjJTIwJTIxaW1wb3J0YW50JTNCJTIwYm9yZGVyLWxlZnQtY29sb3IlM0ElMjAlMjNhNDkyNmMlMjAlMjFpbXBvcnRhbnQlM0IlN0QlMjN0ZXN0aW1vbmlhbF8xMTUxMjg1Mjg1JTIwJTdCJTIwY29sb3IlM0ElMjMxZjFmMWYlMjAlMjFpbXBvcnRhbnQlM0IlMjAlN0QlMjAlMjN0ZXN0aW1vbmlhbF8xMTUxMjg1Mjg1JTIwLnF1b3RlcyUyMCU3QiUyMGNvbG9yJTNBcmdiYSUyODMxJTJDMzElMkMzMSUyQzAuNSUyOSUyMCUyMWltcG9ydGFudCUzQiUyMCU3RCUzQyUyRnN0eWxlJTNFJTNDaW1nJTIwaWQlM0QlMjJpbWcxODkyXzE5ODg2MzkyMzglMjIlMjB3aWR0aCUzRCUyMjE1MCUyMiUyMGhlaWdodCUzRCUyMjE1MCUyMiUyMHN0eWxlJTNEJTIyZGlzcGxheSUzQWJsb2NrJTNCJTIwJTIyJTIwc3JjJTNEJTIyaHR0cHMlM0ElMkYlMkZhcmllbGdhcmFnb3JyaS5jb20lMkZ3cC1jb250ZW50JTJGdXBsb2FkcyUyRjIwMjMlMkYwOSUyRmFyaWVsR0cuanBnJTIyJTIwYWx0JTNEJTIyJTIyJTIwY2xhc3MlM0QlMjJpbnRlbnNlJTIwaW1hZ2UlMjIlMjB0aXRsZSUzRCUyMiUyMiUzRSUyMCUzQ2gyJTNFQXJpZWwlMjBHYXJhZ29ycmklM0MlMkZoMiUzRSUwQSUzQyUyRmRpdiUzRSUwQSUzQyUyRmRpdiUzRSUzQyUyRmRpdiUzRSUzQyUyRmRpdiUzRSUzQyUyRmRpdiUzRSUzQyUyRmRpdiUzRQ==[\/vc_raw_html]<\/div><\/section><section id=\"content-section-327125443\" class=\"intense content-section  breakout\"2 style=\"  margin-bottom: 0; margin-top: 0; margin-left: 0; margin-right: 0;  background-size: cover; background-position: 50% 33%;  background-image: url(https:\/\/arielgaragorri.com\/wp-content\/uploads\/2016\/01\/veronaContatti.jpg);  padding-top: 60px; padding-bottom:80px; padding-left: 0; padding-right:0; \"><div class=\"intense container  \"><script>jQuery(window).load(function() { jQuery('#heading-1239662824').fitText(1, { maxFontSize: \"40px\" }); });<\/script><h1 id=\"heading-1239662824\" class=\"intense heading\" style=\" font-size: 40px; line-height: initial; text-align: center; font-weight: 500; margin-top: 0px; margin-bottom: 15px; font-family: Playfair Display; text-transform: none; -webkit-font-smoothing: antialiased;\">Estoy a Su disposici\u00f3n <\/h1><script>jQuery(window).load(function() { jQuery('#heading-979841019').fitText(1, { maxFontSize: \"22px\" }); });<\/script><h1 id=\"heading-979841019\" class=\"intense heading\" style=\" font-size: 22px; line-height: initial; text-align: center; font-weight: 500; margin-top: 0px; margin-bottom: 25px; font-family: Playfair Display; text-transform: none; -webkit-font-smoothing: antialiased;\">para cualquiera solicitud.<\/h1>[vc_raw_html]JTNDc3R5bGUlMjB0eXBlJTNEJTIydGV4dCUyRmNzcyUyMiUzRSUwQSUyM2J0bkN1c3RvbSUyMCU3QiUwQSUyMCUyMCUyMCUyMGNvbG9yJTNBJTIwJTIzYmJiYmJiJTIwJTIxaW1wb3J0YW50JTNCJTBBJTIwJTIwJTIwJTIwYm9yZGVyLXJhZGl1cyUzQSUyMDRweCUzQiUwQSUyMCUyMCUyMCUyMGJvcmRlciUzQSUyMDJweCUyMHNvbGlkJTIwJTIzYmJiYmJiJTIwJTIxaW1wb3J0YW50JTNCJTBBJTIwJTIwJTIwJTIwcGFkZGluZy10b3AlM0ElMjAxMHB4JTNCJTBBJTIwJTIwJTIwJTIwcGFkZGluZy1ib3R0b20lM0ElMjAxMHB4JTNCJTBBJTIwJTIwJTIwJTIwcGFkZGluZy1sZWZ0JTNBJTIwMTVweCUzQiUwQSUyMCUyMCUyMCUyMHBhZGRpbmctcmlnaHQlM0ElMjAxNXB4JTNCJTBBJTIwJTIwJTIwJTIwZm9udC1zaXplJTNBJTIwMThweCUzQiUwQSUyMCUyMCUyMCUyMGJhY2tncm91bmQlM0ElMjByZ2JhJTI4MjU1JTJDJTIwMjU1JTJDJTIwMjU1JTJDJTIwMCUyOSUzQiUwQSUyMCUyMCUyMCUyMHRleHQtdHJhbnNmb3JtJTNBJTIwdXBwZXJjYXNlJTNCJTBBJTdEJTBBJTBBJTIzYnRuQ3VzdG9tJTNBaG92ZXIlMjAlN0IlMEElMjAlMjAlMjAlMjBmaWx0ZXIlM0ElMjBub25lJTIwJTIxaW1wb3J0YW50JTNCJTBBJTIwJTIwJTIwJTIwYmFja2dyb3VuZCUzQSUyMG5vbmUlMjAlMjFpbXBvcnRhbnQlM0IlMEElMjAlMjAlMjAlMjBiYWNrZ3JvdW5kLWNvbG9yJTNBJTIwcmdiYSUyODI1NSUyQyUyMDI1NSUyQyUyMDI1NSUyQyUyMDAuMjUlMjklMjAlMjFpbXBvcnRhbnQlM0IlMEElMjAlMjAlMjAlMjBjb2xvciUzQSUyMCUyM2VkZWRlZCUyMCUyMWltcG9ydGFudCUzQiUwQSUyMCUyMCUyMCUyMGJvcmRlci1yYWRpdXMlM0ElMjA0cHglM0IlMEElMjAlMjAlMjAlMjBib3JkZXIlM0ElMjAycHglMjBzb2xpZCUyMCUyM2VkZWRlZCUyMCUyMWltcG9ydGFudCUzQiUwQSU3RCUwQSUzQyUyRnN0eWxlJTNF[\/vc_raw_html][vc_column_text]\n<div id=\"btnCustom\" style=\"width: 150px; margin: 0 auto; text-align: center;\">Contactos<\/div>\n[\/vc_column_text]<\/div><div class=\"overlay-background\" style=\"background-color: rgba(0,0,0,0.6);\"><\/div><\/section>\n","protected":false},"excerpt":{"rendered":"UnaTRADICI\u00d3Nque llega desde lejosQuien soy[vc_column_text][\/vc_column_text] Esta es mi historia personal, un cuento que nace desde lejos, cuando mi bisabuelo, ya joyero, emigra desde el Pa\u00eds Vasco, una tierra de artistas, so\u00f1adores y guerrilleros, para desembarcar en Argentina al final del siglo XIX. En Buenos Aires planta sus ra\u00edces, fundando un linaje de maestros joyeros. Mi [...]","protected":false},"author":2,"featured_media":0,"parent":0,"menu_order":0,"comment_status":"closed","ping_status":"closed","template":"","meta":{"footnotes":""},"yoast_head":"<!-- This site is optimized with the Yoast SEO plugin v21.7 - https:\/\/yoast.com\/wordpress\/plugins\/seo\/ -->\n<title>Gioielliere specializzato | Gioielli di Alta Qualit\u00e0 e Lavorazione Platino<\/title>\n<meta name=\"description\" content=\"Una tradizione che viene da lontano. Mio nonno Domingo assieme ai suoi fratelli Julian e Ezequiel abbracciano l\u2019arte tramandata di gioielliere...\" \/>\n<meta name=\"robots\" content=\"index, follow, max-snippet:-1, max-image-preview:large, max-video-preview:-1\" \/>\n<link rel=\"canonical\" href=\"https:\/\/arielgaragorri.com\/it\/chi-sono\/\" \/>\n<meta property=\"og:locale\" content=\"es_ES\" \/>\n<meta property=\"og:type\" content=\"article\" \/>\n<meta property=\"og:title\" content=\"Gioielliere specializzato | Gioielli di Alta Qualit\u00e0 e Lavorazione Platino\" \/>\n<meta property=\"og:description\" content=\"Una tradizione che viene da lontano. Mio nonno Domingo assieme ai suoi fratelli Julian e Ezequiel abbracciano l\u2019arte tramandata di gioielliere...\" \/>\n<meta property=\"og:url\" content=\"https:\/\/arielgaragorri.com\/it\/chi-sono\/\" \/>\n<meta property=\"article:modified_time\" content=\"2023-09-29T06:50:01+00:00\" \/>\n<meta property=\"og:image\" content=\"https:\/\/arielgaragorri.com\/wp-content\/uploads\/2016\/01\/diamanteHr-300x14.png\" \/>\n<meta name=\"twitter:label1\" content=\"Tiempo de lectura\" \/>\n\t<meta name=\"twitter:data1\" content=\"4 minutos\" \/>\n<script type=\"application\/ld+json\" class=\"yoast-schema-graph\">{\"@context\":\"https:\/\/schema.org\",\"@graph\":[{\"@type\":\"WebPage\",\"@id\":\"https:\/\/arielgaragorri.com\/it\/chi-sono\/\",\"url\":\"https:\/\/arielgaragorri.com\/it\/chi-sono\/\",\"name\":\"Gioielliere specializzato | Gioielli di Alta Qualit\u00e0 e Lavorazione Platino\",\"isPartOf\":{\"@id\":\"https:\/\/arielgaragorri.com\/it\/#website\"},\"datePublished\":\"2016-01-06T20:12:52+00:00\",\"dateModified\":\"2023-09-29T06:50:01+00:00\",\"description\":\"Una tradizione che viene da lontano. Mio nonno Domingo assieme ai suoi fratelli Julian e Ezequiel abbracciano l\u2019arte tramandata di gioielliere...\",\"breadcrumb\":{\"@id\":\"https:\/\/arielgaragorri.com\/it\/chi-sono\/#breadcrumb\"},\"inLanguage\":\"es\",\"potentialAction\":[{\"@type\":\"ReadAction\",\"target\":[\"https:\/\/arielgaragorri.com\/it\/chi-sono\/\"]}]},{\"@type\":\"BreadcrumbList\",\"@id\":\"https:\/\/arielgaragorri.com\/it\/chi-sono\/#breadcrumb\",\"itemListElement\":[{\"@type\":\"ListItem\",\"position\":1,\"name\":\"Home\",\"item\":\"https:\/\/arielgaragorri.com\/es\/\"},{\"@type\":\"ListItem\",\"position\":2,\"name\":\"Quien soy\"}]},{\"@type\":\"WebSite\",\"@id\":\"https:\/\/arielgaragorri.com\/it\/#website\",\"url\":\"https:\/\/arielgaragorri.com\/it\/\",\"name\":\"\",\"description\":\"\",\"potentialAction\":[{\"@type\":\"SearchAction\",\"target\":{\"@type\":\"EntryPoint\",\"urlTemplate\":\"https:\/\/arielgaragorri.com\/it\/?s={search_term_string}\"},\"query-input\":\"required name=search_term_string\"}],\"inLanguage\":\"es\"}]}<\/script>\n<!-- \/ Yoast SEO plugin. -->","yoast_head_json":{"title":"Gioielliere specializzato | Gioielli di Alta Qualit\u00e0 e Lavorazione Platino","description":"Una tradizione che viene da lontano. Mio nonno Domingo assieme ai suoi fratelli Julian e Ezequiel abbracciano l\u2019arte tramandata di gioielliere...","robots":{"index":"index","follow":"follow","max-snippet":"max-snippet:-1","max-image-preview":"max-image-preview:large","max-video-preview":"max-video-preview:-1"},"canonical":"https:\/\/arielgaragorri.com\/it\/chi-sono\/","og_locale":"es_ES","og_type":"article","og_title":"Gioielliere specializzato | Gioielli di Alta Qualit\u00e0 e Lavorazione Platino","og_description":"Una tradizione che viene da lontano. Mio nonno Domingo assieme ai suoi fratelli Julian e Ezequiel abbracciano l\u2019arte tramandata di gioielliere...","og_url":"https:\/\/arielgaragorri.com\/it\/chi-sono\/","article_modified_time":"2023-09-29T06:50:01+00:00","og_image":[{"url":"https:\/\/arielgaragorri.com\/wp-content\/uploads\/2016\/01\/diamanteHr-300x14.png"}],"twitter_misc":{"Tiempo de lectura":"4 minutos"},"schema":{"@context":"https:\/\/schema.org","@graph":[{"@type":"WebPage","@id":"https:\/\/arielgaragorri.com\/it\/chi-sono\/","url":"https:\/\/arielgaragorri.com\/it\/chi-sono\/","name":"Gioielliere specializzato | Gioielli di Alta Qualit\u00e0 e Lavorazione Platino","isPartOf":{"@id":"https:\/\/arielgaragorri.com\/it\/#website"},"datePublished":"2016-01-06T20:12:52+00:00","dateModified":"2023-09-29T06:50:01+00:00","description":"Una tradizione che viene da lontano. Mio nonno Domingo assieme ai suoi fratelli Julian e Ezequiel abbracciano l\u2019arte tramandata di gioielliere...","breadcrumb":{"@id":"https:\/\/arielgaragorri.com\/it\/chi-sono\/#breadcrumb"},"inLanguage":"es","potentialAction":[{"@type":"ReadAction","target":["https:\/\/arielgaragorri.com\/it\/chi-sono\/"]}]},{"@type":"BreadcrumbList","@id":"https:\/\/arielgaragorri.com\/it\/chi-sono\/#breadcrumb","itemListElement":[{"@type":"ListItem","position":1,"name":"Home","item":"https:\/\/arielgaragorri.com\/es\/"},{"@type":"ListItem","position":2,"name":"Quien soy"}]},{"@type":"WebSite","@id":"https:\/\/arielgaragorri.com\/it\/#website","url":"https:\/\/arielgaragorri.com\/it\/","name":"","description":"","potentialAction":[{"@type":"SearchAction","target":{"@type":"EntryPoint","urlTemplate":"https:\/\/arielgaragorri.com\/it\/?s={search_term_string}"},"query-input":"required name=search_term_string"}],"inLanguage":"es"}]}},"_links":{"self":[{"href":"https:\/\/arielgaragorri.com\/es\/wp-json\/wp\/v2\/pages\/1471"}],"collection":[{"href":"https:\/\/arielgaragorri.com\/es\/wp-json\/wp\/v2\/pages"}],"about":[{"href":"https:\/\/arielgaragorri.com\/es\/wp-json\/wp\/v2\/types\/page"}],"author":[{"embeddable":true,"href":"https:\/\/arielgaragorri.com\/es\/wp-json\/wp\/v2\/users\/2"}],"replies":[{"embeddable":true,"href":"https:\/\/arielgaragorri.com\/es\/wp-json\/wp\/v2\/comments?post=1471"}],"version-history":[{"count":13,"href":"https:\/\/arielgaragorri.com\/es\/wp-json\/wp\/v2\/pages\/1471\/revisions"}],"predecessor-version":[{"id":3050,"href":"https:\/\/arielgaragorri.com\/es\/wp-json\/wp\/v2\/pages\/1471\/revisions\/3050"}],"wp:attachment":[{"href":"https:\/\/arielgaragorri.com\/es\/wp-json\/wp\/v2\/media?parent=1471"}],"curies":[{"name":"wp","href":"https:\/\/api.w.org\/{rel}","templated":true}]}}