{"id":1451,"date":"2016-01-06T20:18:56","date_gmt":"2016-01-06T20:18:56","guid":{"rendered":"https:\/\/arielgaragorri.com\/es\/il-laboratorio\/"},"modified":"2023-08-03T07:45:12","modified_gmt":"2023-08-03T07:45:12","slug":"el-laboratorio","status":"publish","type":"page","link":"https:\/\/arielgaragorri.com\/es\/el-laboratorio\/","title":{"rendered":"El laboratorio"},"content":{"rendered":"<div class=\"wpb-content-wrapper\"><section id=\"content-section-707693060\" class=\"intense content-section  breakout\"2 style=\"  margin-bottom: 0; margin-top: 0; margin-left: 0; margin-right: 0;  background-size: cover; background-position: 50% 50%;  background-image: url(https:\/\/arielgaragorri.com\/wp-content\/uploads\/2016\/01\/Laboratorio2.jpg);  padding-top: 200px; padding-bottom:200px; padding-left: 0; padding-right:0; \"><div class=\"intense container  \"><div data-100-top='opacity: 1' data-top='opacity: 0' class=\"animated-scroll skrollable skrollable-after \"><link href=\"\/\/fonts.googleapis.com\/css?family=Playfair+Display\" rel=\"stylesheet\" type=\"text\/css\"><script>jQuery(window).load(function() { jQuery('#heading-602541953').fitText(1, { maxFontSize: \"20px\" }); });<\/script><h1 id=\"heading-602541953\" class=\"intense heading\" style=\" color: #ffffff; font-size: 20px; line-height: initial; text-align: center; font-weight: 400; margin-top: 0px; margin-bottom: 0px; font-family: Playfair Display; text-transform: none; -webkit-font-smoothing: antialiased;\"><\/h1><script>jQuery(window).load(function() { jQuery('#heading-1473895817').fitText(1, { maxFontSize: \"70px\" }); });<\/script><h1 id=\"heading-1473895817\" class=\"intense heading\" style=\" color: #ffffff; font-size: 70px; line-height: initial; text-align: center; font-weight: 500; margin-top: 0px; margin-bottom: 0px; font-family: Playfair Display; text-transform: uppercase; -webkit-font-smoothing: antialiased;\">NO SOLO PASI\u00d3N<\/h1><script>jQuery(window).load(function() { jQuery('#heading-1920649273').fitText(1, { maxFontSize: \"20px\" }); });<\/script><h1 id=\"heading-1920649273\" class=\"intense heading\" style=\" color: #ffffff; font-size: 20px; line-height: initial; text-align: center; font-weight: 400; margin-top: 0px; margin-bottom: 0px; font-family: Playfair Display; text-transform: none; -webkit-font-smoothing: antialiased;\">por un resultado impecable<\/h1><\/div><\/div><div class=\"overlay-background\" style=\"background-color: rgba(0,0,0,0.4);\"><\/div><\/section>[vc_row][vc_column]<div class='intense spacer ' style='height: 50px; '><\/div><script>jQuery(window).load(function() { jQuery('#heading-1330752081').fitText(1, { maxFontSize: \"40px\" }); });<\/script><h1 id=\"heading-1330752081\" class=\"intense heading\" style=\" font-size: 40px; line-height: initial; text-align: center; text-transform: none; -webkit-font-smoothing: antialiased;\">Esto es mi <strong>equipo<\/strong><\/h1>[vc_column_text]<a href=\"https:\/\/arielgaragorri.com\/?attachment_id=886#main\" rel=\"attachment wp-att-329\"><img loading=\"lazy\" decoding=\"async\" class=\"size-medium wp-image-329 aligncenter\" src=\"https:\/\/arielgaragorri.com\/wp-content\/uploads\/2016\/01\/diamanteHr-300x14.png\" alt=\"diamantehr\" width=\"300\" height=\"14\" srcset=\"https:\/\/arielgaragorri.com\/wp-content\/uploads\/2016\/01\/diamanteHr-300x14.png 300w, https:\/\/arielgaragorri.com\/wp-content\/uploads\/2016\/01\/diamanteHr.png 342w\" sizes=\"(max-width: 300px) 100vw, 300px\" \/><\/a>[\/vc_column_text]<div class='intense spacer ' style='height: 50px; '><\/div>[vc_raw_html]JTNDdmlkZW8lMjBhdXRvcGxheSUyMG11dGVkJTIwd2lkdGglM0QlMjIxMDAlMjUlMjIlMjBjb250cm9scyUzRSUwQSUyMCUyMCUzQ3NvdXJjZSUyMHNyYyUzRCUyMmh0dHBzJTNBJTJGJTJGYXJpZWxnYXJhZ29ycmkuY29tJTJGbGFib3JhdG9yaW8ubXA0JTIyJTIwdHlwZSUzRCUyMnZpZGVvJTJGbXA0JTIyJTNFJTBBJTNDJTJGdmlkZW8lM0U=[\/vc_raw_html][\/vc_column][\/vc_row][vc_row][vc_column width=\u00bb1\/3&#8243; css=\u00bb.vc_custom_1476377999861{background-color: #343434 !important;}\u00bb][vc_single_image image=\u00bb926&#8243; img_size=\u00bbfull\u00bb][vc_column_text]\n<p style=\"text-align: center;\">Vittorio. Experto en maquinaria ergon, encargado de las m\u00e1quinas de control num\u00e9rico, corte con l\u00e1ser y prototipos.<\/p>\n[\/vc_column_text][\/vc_column][vc_column width=\u00bb1\/3&#8243; css=\u00bb.vc_custom_1476378020917{background-color: #343434 !important;}\u00bb][vc_single_image image=\u00bb1338&#8243; img_size=\u00bbfull\u00bb][vc_column_text]\n<p style=\"text-align: center;\">Ariel. Soy el director general, superviso personalmente cada fase de trabajo y me dedico a la producci\u00f3n de joyas por encargo.<\/p>\n[\/vc_column_text][\/vc_column][vc_column width=\u00bb1\/3&#8243; css=\u00bb.vc_custom_1476378173228{background-color: #343434 !important;}\u00bb][vc_single_image image=\u00bb1392&#8243; img_size=\u00bbfull\u00bb][vc_column_text]\n<p style=\"text-align: center;\">Moreno. Experto cobrador de piedras preciosas, escultor y grabador con gran experiencia. Encargado de la supervisi\u00f3n de los metales.<\/p>\n[\/vc_column_text][\/vc_column][\/vc_row][vc_row][vc_column css=\u00bb.vc_custom_1476378405724{padding-top: 40px !important;}\u00bb]<div  class='intense row ' style='padding-top: 10px; padding-bottom: 0; margin-top: 0; margin-bottom: 0; '><div class='intense col-lg-12 col-xs-12 col-sm-12 col-md-12 '><div class='intense spacer ' style='height: 50px; '><\/div><script>jQuery(window).load(function() { jQuery('#heading-458110875').fitText(1, { maxFontSize: \"40px\" }); });<\/script><h1 id=\"heading-458110875\" class=\"intense heading\" style=\" color: #bbbbbb; font-size: 40px; line-height: initial; text-align: center; font-weight: 500; margin-top: 0px; margin-bottom: 15px; font-family: Playfair Display; text-transform: none; -webkit-font-smoothing: antialiased;\">La <strong>producci\u00f3n<\/strong><\/h1><div class='intense spacer ' style='height: 50px; '><\/div><div class='intense scroll-animated start-hidden' data-delay='0' data-scrollpercent='40' data-starthidden='1' data-endhidden='' data-animation='fadeInUp'>\n<p style=\"text-align: center;\">Nuestra empresa est\u00e1 compuesta por un equipo de personas con gran experiencia en el sector, que trabaja con dedicaci\u00f3n y pasi\u00f3n. Cada uno de nosotros act\u00faa con la conciencia de que cada pieza es \u00fanica y valiosa, no s\u00f3lo por su valor intr\u00ednseco, sino sobre todo por el significado que representa para la persona a la que pertenece. La empresa es capaz de realizar por s\u00ed misma todas las fases del proceso de producci\u00f3n, con el fin de garantizar a nuestros clientes el mayor grado de confidencialidad posible. Un riguroso procedimiento de control de calidad acompa\u00f1a a cada objeto, creado y realizado por nosotros, en todas las fases de la producci\u00f3n. Estoy siempre en la b\u00fasqueda incesante de la excelencia en todos sus matices, dando importancia a nuevas formas y a audaces vol\u00famenes.<\/p>\n<\/div><\/div><\/div><div class='intense spacer ' style='height: 50px; '><\/div>[\/vc_column][\/vc_row][vc_row][vc_column width=\u00bb1\/4&#8243;][vc_single_image image=\u00bb2192&#8243; img_size=\u00bbmedium\u00bb alignment=\u00bbcenter\u00bb][\/vc_column][vc_column width=\u00bb1\/4&#8243;][vc_single_image image=\u00bb2207&#8243; img_size=\u00bbmedium\u00bb alignment=\u00bbcenter\u00bb][\/vc_column][vc_column width=\u00bb1\/4&#8243;][vc_single_image image=\u00bb2693&#8243; img_size=\u00bbmedium\u00bb alignment=\u00bbcenter\u00bb][\/vc_column][vc_column width=\u00bb1\/4&#8243;][vc_single_image image=\u00bb2197&#8243; img_size=\u00bbmedium\u00bb alignment=\u00bbcenter\u00bb][\/vc_column][\/vc_row]\n<\/div>","protected":false},"excerpt":{"rendered":"<p>[vc_row][vc_column][vc_column_text][\/vc_column_text][vc_raw_html]JTNDdmlkZW8lMjBhdXRvcGxheSUyMG11dGVkJTIwd2lkdGglM0QlMjIxMDAlMjUlMjIlMjBjb250cm9scyUzRSUwQSUyMCUyMCUzQ3NvdXJjZSUyMHNyYyUzRCUyMmh0dHBzJTNBJTJGJTJGYXJpZWxnYXJhZ29ycmkuY29tJTJGbGFib3JhdG9yaW8ubXA0JTIyJTIwdHlwZSUzRCUyMnZpZGVvJTJGbXA0JTIyJTNFJTBBJTNDJTJGdmlkZW8lM0U=[\/vc_raw_html][\/vc_column][\/vc_row][vc_row][vc_column width=\u00bb1\/3&#8243; css=\u00bb.vc_custom_1476377999861{background-color: #343434 !important;}\u00bb][vc_single_image image=\u00bb926&#8243; img_size=\u00bbfull\u00bb][vc_column_text] Vittorio. Experto en maquinaria ergon, encargado de las m\u00e1quinas de control num\u00e9rico, corte con l\u00e1ser y prototipos. [\/vc_column_text][\/vc_column][vc_column width=\u00bb1\/3&#8243; css=\u00bb.vc_custom_1476378020917{background-color: #343434 !important;}\u00bb][vc_single_image image=\u00bb1338&#8243; img_size=\u00bbfull\u00bb][vc_column_text] Ariel. Soy el director general, superviso personalmente cada fase de trabajo y me dedico a la producci\u00f3n de joyas por encargo. [\/vc_column_text][\/vc_column][vc_column width=\u00bb1\/3&#8243; css=\u00bb.vc_custom_1476378173228{background-color: [&hellip;]<\/p>\n","protected":false},"author":2,"featured_media":0,"parent":0,"menu_order":0,"comment_status":"closed","ping_status":"closed","template":"","meta":{"footnotes":""},"yoast_head":"<!-- This site is optimized with the Yoast SEO plugin v21.7 - https:\/\/yoast.com\/wordpress\/plugins\/seo\/ -->\n<title>Laboratorio di alta gioilleria artigiana | Lavorazione metalli e pietre preziose<\/title>\n<meta name=\"description\" content=\"Il laboratorio \u00e8 organizzato ognuno compiti ben definiti affich\u00e9 si possano ottenere gradi d\u2019avanzamento necessariamente programmati.\" \/>\n<meta name=\"robots\" content=\"index, follow, max-snippet:-1, max-image-preview:large, max-video-preview:-1\" \/>\n<link rel=\"canonical\" href=\"https:\/\/arielgaragorri.com\/it\/il-laboratorio\/\" \/>\n<meta property=\"og:locale\" content=\"es_ES\" \/>\n<meta property=\"og:type\" content=\"article\" \/>\n<meta property=\"og:title\" content=\"Laboratorio di alta gioilleria artigiana | Lavorazione metalli e pietre preziose\" \/>\n<meta property=\"og:description\" content=\"Il laboratorio \u00e8 organizzato ognuno compiti ben definiti affich\u00e9 si possano ottenere gradi d\u2019avanzamento necessariamente programmati.\" \/>\n<meta property=\"og:url\" content=\"https:\/\/arielgaragorri.com\/it\/il-laboratorio\/\" \/>\n<meta property=\"article:modified_time\" content=\"2023-08-03T07:45:12+00:00\" \/>\n<meta property=\"og:image\" content=\"https:\/\/arielgaragorri.com\/wp-content\/uploads\/2016\/01\/diamanteHr-300x14.png\" \/>\n<meta name=\"twitter:label1\" content=\"Tiempo de lectura\" \/>\n\t<meta name=\"twitter:data1\" content=\"2 minutos\" \/>\n<script type=\"application\/ld+json\" class=\"yoast-schema-graph\">{\"@context\":\"https:\/\/schema.org\",\"@graph\":[{\"@type\":\"WebPage\",\"@id\":\"https:\/\/arielgaragorri.com\/it\/il-laboratorio\/\",\"url\":\"https:\/\/arielgaragorri.com\/it\/il-laboratorio\/\",\"name\":\"Laboratorio di alta gioilleria artigiana | Lavorazione metalli e pietre preziose\",\"isPartOf\":{\"@id\":\"https:\/\/arielgaragorri.com\/it\/#website\"},\"datePublished\":\"2016-01-06T20:18:56+00:00\",\"dateModified\":\"2023-08-03T07:45:12+00:00\",\"description\":\"Il laboratorio \u00e8 organizzato ognuno compiti ben definiti affich\u00e9 si possano ottenere gradi d\u2019avanzamento necessariamente programmati.\",\"breadcrumb\":{\"@id\":\"https:\/\/arielgaragorri.com\/it\/il-laboratorio\/#breadcrumb\"},\"inLanguage\":\"es\",\"potentialAction\":[{\"@type\":\"ReadAction\",\"target\":[\"https:\/\/arielgaragorri.com\/it\/il-laboratorio\/\"]}]},{\"@type\":\"BreadcrumbList\",\"@id\":\"https:\/\/arielgaragorri.com\/it\/il-laboratorio\/#breadcrumb\",\"itemListElement\":[{\"@type\":\"ListItem\",\"position\":1,\"name\":\"Home\",\"item\":\"https:\/\/arielgaragorri.com\/es\/\"},{\"@type\":\"ListItem\",\"position\":2,\"name\":\"El laboratorio\"}]},{\"@type\":\"WebSite\",\"@id\":\"https:\/\/arielgaragorri.com\/it\/#website\",\"url\":\"https:\/\/arielgaragorri.com\/it\/\",\"name\":\"\",\"description\":\"\",\"potentialAction\":[{\"@type\":\"SearchAction\",\"target\":{\"@type\":\"EntryPoint\",\"urlTemplate\":\"https:\/\/arielgaragorri.com\/it\/?s={search_term_string}\"},\"query-input\":\"required name=search_term_string\"}],\"inLanguage\":\"es\"}]}<\/script>\n<!-- \/ Yoast SEO plugin. -->","yoast_head_json":{"title":"Laboratorio di alta gioilleria artigiana | Lavorazione metalli e pietre preziose","description":"Il laboratorio \u00e8 organizzato ognuno compiti ben definiti affich\u00e9 si possano ottenere gradi d\u2019avanzamento necessariamente programmati.","robots":{"index":"index","follow":"follow","max-snippet":"max-snippet:-1","max-image-preview":"max-image-preview:large","max-video-preview":"max-video-preview:-1"},"canonical":"https:\/\/arielgaragorri.com\/it\/il-laboratorio\/","og_locale":"es_ES","og_type":"article","og_title":"Laboratorio di alta gioilleria artigiana | Lavorazione metalli e pietre preziose","og_description":"Il laboratorio \u00e8 organizzato ognuno compiti ben definiti affich\u00e9 si possano ottenere gradi d\u2019avanzamento necessariamente programmati.","og_url":"https:\/\/arielgaragorri.com\/it\/il-laboratorio\/","article_modified_time":"2023-08-03T07:45:12+00:00","og_image":[{"url":"https:\/\/arielgaragorri.com\/wp-content\/uploads\/2016\/01\/diamanteHr-300x14.png"}],"twitter_misc":{"Tiempo de lectura":"2 minutos"},"schema":{"@context":"https:\/\/schema.org","@graph":[{"@type":"WebPage","@id":"https:\/\/arielgaragorri.com\/it\/il-laboratorio\/","url":"https:\/\/arielgaragorri.com\/it\/il-laboratorio\/","name":"Laboratorio di alta gioilleria artigiana | Lavorazione metalli e pietre preziose","isPartOf":{"@id":"https:\/\/arielgaragorri.com\/it\/#website"},"datePublished":"2016-01-06T20:18:56+00:00","dateModified":"2023-08-03T07:45:12+00:00","description":"Il laboratorio \u00e8 organizzato ognuno compiti ben definiti affich\u00e9 si possano ottenere gradi d\u2019avanzamento necessariamente programmati.","breadcrumb":{"@id":"https:\/\/arielgaragorri.com\/it\/il-laboratorio\/#breadcrumb"},"inLanguage":"es","potentialAction":[{"@type":"ReadAction","target":["https:\/\/arielgaragorri.com\/it\/il-laboratorio\/"]}]},{"@type":"BreadcrumbList","@id":"https:\/\/arielgaragorri.com\/it\/il-laboratorio\/#breadcrumb","itemListElement":[{"@type":"ListItem","position":1,"name":"Home","item":"https:\/\/arielgaragorri.com\/es\/"},{"@type":"ListItem","position":2,"name":"El laboratorio"}]},{"@type":"WebSite","@id":"https:\/\/arielgaragorri.com\/it\/#website","url":"https:\/\/arielgaragorri.com\/it\/","name":"","description":"","potentialAction":[{"@type":"SearchAction","target":{"@type":"EntryPoint","urlTemplate":"https:\/\/arielgaragorri.com\/it\/?s={search_term_string}"},"query-input":"required name=search_term_string"}],"inLanguage":"es"}]}},"_links":{"self":[{"href":"https:\/\/arielgaragorri.com\/es\/wp-json\/wp\/v2\/pages\/1451"}],"collection":[{"href":"https:\/\/arielgaragorri.com\/es\/wp-json\/wp\/v2\/pages"}],"about":[{"href":"https:\/\/arielgaragorri.com\/es\/wp-json\/wp\/v2\/types\/page"}],"author":[{"embeddable":true,"href":"https:\/\/arielgaragorri.com\/es\/wp-json\/wp\/v2\/users\/2"}],"replies":[{"embeddable":true,"href":"https:\/\/arielgaragorri.com\/es\/wp-json\/wp\/v2\/comments?post=1451"}],"version-history":[{"count":11,"href":"https:\/\/arielgaragorri.com\/es\/wp-json\/wp\/v2\/pages\/1451\/revisions"}],"predecessor-version":[{"id":2696,"href":"https:\/\/arielgaragorri.com\/es\/wp-json\/wp\/v2\/pages\/1451\/revisions\/2696"}],"wp:attachment":[{"href":"https:\/\/arielgaragorri.com\/es\/wp-json\/wp\/v2\/media?parent=1451"}],"curies":[{"name":"wp","href":"https:\/\/api.w.org\/{rel}","templated":true}]}}