{"id":1448,"date":"2016-01-06T19:04:07","date_gmt":"2016-01-06T19:04:07","guid":{"rendered":"https:\/\/arielgaragorri.com\/es\/home\/"},"modified":"2024-08-08T14:15:22","modified_gmt":"2024-08-08T14:15:22","slug":"home","status":"publish","type":"page","link":"https:\/\/arielgaragorri.com\/es\/","title":{"rendered":"Home"},"content":{"rendered":"<section id=\"content-section-1113605363\" class=\"intense content-section  breakout\"2 style=\" background-color: #1f1f1f; margin-bottom: 0px; margin-top: 0px; margin-left: 0px; margin-right: 0px;  padding-top: 0px; padding-bottom:0px; padding-left: 0px; padding-right:0px; \">\t\t\t<script src=\"\/\/arielgaragorri.com\/wp-content\/plugins\/revslider\/public\/assets\/js\/rbtools.min.js?rev=6.6.16\"><\/script>\n\t\t\t<script src=\"\/\/arielgaragorri.com\/wp-content\/plugins\/revslider\/public\/assets\/js\/rs6.min.js?rev=6.6.16\"><\/script>\n\n\t\t\t<!-- START Slider 1 REVOLUTION SLIDER 6.6.16 --><p class=\"rs-p-wp-fix\"><\/p>\n\t\t\t<rs-module-wrap id=\"rev_slider_1_1_wrapper\" data-source=\"gallery\" style=\"visibility:hidden;background:transparent;padding:0;margin:0px auto;margin-top:0;margin-bottom:0;\">\n\t\t\t\t<rs-module id=\"rev_slider_1_1\" style=\"\" data-version=\"6.6.16\">\n\t\t\t\t\t<rs-slides style=\"overflow: hidden; position: absolute;\">\n\t\t\t\t\t\t<rs-slide style=\"position: absolute;\" data-key=\"rs-1\" data-title=\"Slide\" data-in=\"o:0;\" data-out=\"a:false;\">\n\t\t\t\t\t\t\t<img decoding=\"async\" src=\"\/\/arielgaragorri.com\/wp-content\/plugins\/revslider\/public\/assets\/assets\/dummy.png\" alt=\"\" title=\"bannerFiore_1.jpeg\" width=\"2000\" height=\"954\" class=\"rev-slidebg tp-rs-img rs-lazyload\" data-lazyload=\"\/\/arielgaragorri.com\/wp-content\/uploads\/revslider\/video-media\/bannerFiore_1.jpeg\" data-no-retina>\n\t\t\t\t\t\t\t<rs-bgvideo \n\t\t\t\t\t\t\t\tdata-video=\"w:100%;h:100%;nse:false;l:true;ptimer:false;vfc:true;\"\n\t\t\t\t\t\t\t\tdata-mp4=\"\/\/arielgaragorri.com\/wp-content\/uploads\/2023\/07\/bannerFiore.mp4\"\n\t\t\t\t\t\t\t><\/rs-bgvideo>\n<!---->\t\t\t\t\t\t<\/rs-slide>\n\t\t\t\t\t<\/rs-slides>\n\t\t\t\t<\/rs-module>\n\t\t\t\t<script>\n\t\t\t\t\tsetREVStartSize({c: 'rev_slider_1_1',rl:[1240,1024,778,480],el:[900],gw:[1240],gh:[900],type:'standard',justify:'',layout:'fullwidth',mh:\"0\"});if (window.RS_MODULES!==undefined && window.RS_MODULES.modules!==undefined && window.RS_MODULES.modules[\"revslider11\"]!==undefined) {window.RS_MODULES.modules[\"revslider11\"].once = false;window.revapi1 = undefined;if (window.RS_MODULES.checkMinimal!==undefined) window.RS_MODULES.checkMinimal()}\n\t\t\t\t<\/script>\n\t\t\t<\/rs-module-wrap>\n\t\t\t<!-- END REVOLUTION SLIDER -->\n\n\t\t\t<!-- START Slider 2 REVOLUTION SLIDER 6.6.16 --><p class=\"rs-p-wp-fix\"><\/p>\n\t\t\t<rs-module-wrap id=\"rev_slider_2_2_wrapper\" data-source=\"gallery\" style=\"visibility:hidden;background:transparent;padding:0;margin:0px auto;margin-top:0;margin-bottom:0;\">\n\t\t\t\t<rs-module id=\"rev_slider_2_2\" style=\"\" data-version=\"6.6.16\">\n\t\t\t\t\t<rs-slides style=\"overflow: hidden; position: absolute;\">\n\t\t\t\t\t\t<rs-slide style=\"position: absolute;\" data-key=\"rs-2\" data-title=\"Slide\" data-in=\"o:0;\" data-out=\"a:false;\">\n\t\t\t\t\t\t\t<img decoding=\"async\" src=\"\/\/arielgaragorri.com\/wp-content\/plugins\/revslider\/public\/assets\/assets\/dummy.png\" alt=\"\" title=\"anello-fiore-verticale-senza-titoli-Large-540p_2.jpeg\" width=\"540\" height=\"960\" class=\"rev-slidebg tp-rs-img rs-lazyload\" data-lazyload=\"\/\/arielgaragorri.com\/wp-content\/uploads\/revslider\/video-media\/anello-fiore-verticale-senza-titoli-Large-540p_2.jpeg\" data-no-retina>\n\t\t\t\t\t\t\t<rs-bgvideo \n\t\t\t\t\t\t\t\tdata-video=\"w:100%;h:100%;nse:false;l:true;ptimer:false;vfc:false;\"\n\t\t\t\t\t\t\t\tdata-mp4=\"\/\/arielgaragorri.com\/wp-content\/uploads\/2023\/07\/bannerFiore.mp4\"\n\t\t\t\t\t\t\t><\/rs-bgvideo>\n<!---->\t\t\t\t\t\t<\/rs-slide>\n\t\t\t\t\t<\/rs-slides>\n\t\t\t\t<\/rs-module>\n\t\t\t\t<script>\n\t\t\t\t\tsetREVStartSize({c: 'rev_slider_2_2',rl:[1240,1240,1240,480],el:[900,900,900,1243],gw:[1240,1240,1240,700],gh:[900,900,900,1243],type:'standard',justify:'',layout:'fullwidth',mh:\"0\"});if (window.RS_MODULES!==undefined && window.RS_MODULES.modules!==undefined && window.RS_MODULES.modules[\"revslider22\"]!==undefined) {window.RS_MODULES.modules[\"revslider22\"].once = false;window.revapi2 = undefined;if (window.RS_MODULES.checkMinimal!==undefined) window.RS_MODULES.checkMinimal()}\n\t\t\t\t<\/script>\n\t\t\t<\/rs-module-wrap>\n\t\t\t<!-- END REVOLUTION SLIDER -->\n<\/section><section id=\"content-section-314826159\" class=\"intense content-section  breakout\"2 style=\" background-color: #1f1f1f; margin-bottom: 0; margin-top: 0; margin-left: 0; margin-right: 0;  padding-top: 50px; padding-bottom:30px; padding-left: 0; padding-right:0; \"><div class=\"intense container  \"><div class='intense spacer ' style='height: 50px; '><\/div><link href=\"\/\/fonts.googleapis.com\/css?family=Playfair+Display\" rel=\"stylesheet\" type=\"text\/css\"><script>jQuery(window).load(function() { jQuery('#heading-1449551469').fitText(1, { maxFontSize: \"40px\" }); });<\/script><h1 id=\"heading-1449551469\" class=\"intense heading\" style=\" color: #bbbbbb; font-size: 40px; line-height: initial; text-align: center; font-weight: 500; margin-top: 0px; margin-bottom: 15px; font-family: Playfair Display; text-transform: none; -webkit-font-smoothing: antialiased;\">Bienvenidos en mi <strong>Mundo<\/strong><\/h1>[vc_column_text]<a href=\"https:\/\/arielgaragorri.com\/?attachment_id=883#main\" rel=\"attachment wp-att-329\"><img loading=\"lazy\" decoding=\"async\" class=\"size-medium wp-image-883 aligncenter\" src=\"https:\/\/arielgaragorri.com\/wp-content\/uploads\/2016\/01\/diamanteHr-300x14.png\" alt=\"diamantehr\" width=\"300\" height=\"14\" srcset=\"https:\/\/arielgaragorri.com\/wp-content\/uploads\/2016\/01\/diamanteHr-300x14.png 300w, https:\/\/arielgaragorri.com\/wp-content\/uploads\/2016\/01\/diamanteHr.png 342w\" sizes=\"(max-width: 300px) 100vw, 300px\" \/><\/a>[\/vc_column_text]<div  class='intense row ' style='padding-top: 10px; padding-bottom: 0; margin-top: 0; margin-bottom: 0; '><div class='intense col-lg-6 col-xs-12 col-sm-12 col-md-6 '><div class='intense scroll-animated start-hidden' data-delay='0' data-scrollpercent='40' data-starthidden='1' data-endhidden='' data-animation='fadeInLeft'>El mundo de la alta joyer\u00eda es un mundo m\u00e1gico, lleno de satisfacciones obtenidas del duro trabajo, maestr\u00eda y gran cuidado y atenci\u00f3n a los detalles. Nuestras creaciones son verdaderas obras de arte. Esto no es s\u00f3lo un trabajo, sino un arte que se transmite en el tiempo de generaci\u00f3n en generaci\u00f3n. Se trata de un mundo rico en proyectos, algunos simples y otros complejos, a menudo fruto de meses de trabajo.<\/div><\/div><div class='intense col-lg-6 col-xs-12 col-sm-12 col-md-6 '><div class='intense scroll-animated start-hidden' data-delay='0' data-scrollpercent='40' data-starthidden='1' data-endhidden='' data-animation='fadeInRight'>Es incre\u00edble c\u00f3mo un simple metal o una piedra pueden dar origen a algo tan \u00fanico y deseable como una joya. Creo que este debe ser el espejo del alma de la persona que lo lleva. Busco continuamente la perfecci\u00f3n, para que cada pieza de mi producci\u00f3n sea \u00fanica e irrepetible, dando al cliente una emoci\u00f3n que pueda exhibir con orgullo.<\/div><\/div><\/div><div class='intense spacer ' style='height: 50px; '><\/div><\/div><\/section><div  class='intense row nogutter ' style='padding-top: 0; padding-bottom: 0; margin-top: 0; margin-bottom: 0; '><div class='intense col-lg-4 col-xs-12 col-sm-12 col-md-4 nogutter '><section id=\"content-section-286569786\" class=\"intense content-section \"2 style=\"height:300px;   margin-bottom: 0; margin-top: 0; margin-left: 0; margin-right: 0;  background-size: cover; background-position: ;  background-image: url(https:\/\/arielgaragorri.com\/wp-content\/uploads\/2023\/08\/pagodaAriel-640x427.jpg);  padding-top: 0; padding-bottom:0; padding-left: 0; padding-right:0; \"><div class=\"intense container  \"><\/div><\/section><\/div><div class='intense col-lg-4 col-xs-12 col-sm-12 col-md-4 nogutter '><section id=\"content-section-2083542956\" class=\"intense content-section \"2 style=\"height:300px;   margin-bottom: 0; margin-top: 0; margin-left: 0; margin-right: 0;  background-size: cover; background-position: 50% 50%;  background-image: url(https:\/\/arielgaragorri.com\/wp-content\/uploads\/2016\/01\/Slide2-1-640x427.jpg);  padding-top: 0; padding-bottom:0; padding-left: 0; padding-right:0; \"><div class=\"intense container  \"><\/div><\/section><\/div><div class='intense col-lg-4 col-xs-12 col-sm-12 col-md-4 nogutter '><section id=\"content-section-739439124\" class=\"intense content-section \"2 style=\"height:300px;   margin-bottom: 0; margin-top: 0; margin-left: 0; margin-right: 0;  background-size: cover; background-position: 50% 50%;  background-image: url(https:\/\/arielgaragorri.com\/wp-content\/uploads\/2023\/07\/Banner3gioiellohome-640x427.jpg);  padding-top: 0; padding-bottom:0; padding-left: 0; padding-right:0; \"><div class=\"intense container  \"><\/div><\/section><\/div><\/div><section id=\"content-section-366889343\" class=\"intense content-section  breakout\"2 style=\" background-color: #1f1f1f; margin-bottom: 0; margin-top: 0; margin-left: 0; margin-right: 0;  padding-top: 60px; padding-bottom:60px; padding-left: 60px; padding-right:60px; \"><div  class='intense row ' style='padding-top: 0px; padding-bottom: 0; margin-top: 0; margin-bottom: 0; '><div class='intense col-lg-4 col-xs-12 col-sm-12 col-md-4 '><div class='intense scroll-animated start-hidden' data-delay='0' data-scrollpercent='40' data-starthidden='1' data-endhidden='' data-animation='fadeInLeft'><h2 id=\"heading-1032885905\" class=\"intense heading\" style=\" text-align: left; text-transform: none; -webkit-font-smoothing: antialiased;\">\n<p>internaci\u00f3nal <strong>Prestigio<\/strong><\/p>\n<\/h2>\n<p>En 2014 recib\u00ed el \u00abHonorable Mention Award Winner Prize\u00bb de parte de Baselworld, la exposici\u00f3n mundial de relojes y joyas, por el dise\u00f1o de la joya \u00abPagoda\u00bb.<\/div><\/div><div class='intense col-lg-4 col-xs-12 col-sm-12 col-md-4 '><div class='intense scroll-animated start-hidden' data-delay='0' data-scrollpercent='40' data-starthidden='1' data-endhidden='' data-animation='fadeInRight'><h2 id=\"heading-1366743109\" class=\"intense heading\" style=\" text-align: left; text-transform: none; -webkit-font-smoothing: antialiased;\">\n<p>Encuentros que alimentan la <strong>pasi\u00f3n<\/strong><\/p>\n<\/h2>\n<p>Durante mi carrera he tenido la oportunidad de trabajar para algunas prestigiosas empresas y artistas de todo el mundo, con la oportunidad de expresar lo mejor posible mi creatividad. Estos encuentros se han transformado en amistades sinceras que hoy cultivo con profunda simpat\u00eda.<\/div><\/div><div class='intense col-lg-4 col-xs-12 col-sm-12 col-md-4 '><div class='intense scroll-animated start-hidden' data-delay='300' data-scrollpercent='40' data-starthidden='1' data-endhidden='' data-animation='fadeInUp'><h2 id=\"heading-24899799\" class=\"intense heading\" style=\" text-align: left; text-transform: none; -webkit-font-smoothing: antialiased;\">\n<p>Asombro y <strong>unicidad<\/strong><\/p>\n<\/h2>\n<p>No s\u00f3lo joyas para usar. El glamour no tiene l\u00edmites. Armon\u00eda de dise\u00f1o, confort y ergonom\u00eda caracterizan mis obras, todo ello despu\u00e9s de un profundo estudio de formas, pesos y estructuras.<\/div><\/div><\/div><\/section><div id='testimonies'  class='intense row nogutter ' style='padding-top: 0; padding-bottom: 0; margin-top: 0; margin-bottom: 0; '><div class='intense col-lg-6 col-xs-12 col-sm-12 col-md-6 nogutter '><section id=\"content-section-73903185\" class=\"intense content-section \"2 style=\"height:400px;   margin-bottom: 0; margin-top: 0; margin-left: 0; margin-right: 0;  background-size: cover; background-position: 50% 50%;  background-image: url(https:\/\/arielgaragorri.com\/wp-content\/uploads\/2022\/03\/Ariel-2-1600x1067.jpg);  padding-top: 25px; padding-bottom:25px; padding-left: 0; padding-right:0; \"><div class=\"intense container  \"><\/div><\/section><\/div><div class='intense col-lg-6 col-xs-12 col-sm-12 col-md-6 nogutter '><section id=\"content-section-2073925610\" class=\"intense content-section \"2 style=\"height:400px;  background-color: #a4926c; margin-bottom: 0; margin-top: 0; margin-left: 0; margin-right: 0;  padding-top: 25px; padding-bottom:25px; padding-left: 0; padding-right:0; \"><div class=\"intense container  \"><div class='intense alert alert-block' style='color: #fff; background: rgba(255,255,255,0); ; margin-bottom: 10px;  padding-left: 50px;  padding-right: 50px; '>[vc_raw_html css=\u00bb.vc_custom_1671181718018{margin-top: 50px !important;}\u00bb]JTNDaDIlMjBjbGFzcyUzRCUyMmludGVuc2UlMjBoZWFkaW5nJTIyJTIwc3R5bGUlM0QlMjJjb2xvciUzQSUyMCUyMzFmMWYxZiUzQiUyMHRleHQtYWxpZ24lM0ElMjBsZWZ0JTNCJTIwdGV4dC10cmFuc2Zvcm0lM0ElMjBub25lJTNCJTIwLXdlYmtpdC1mb250LXNtb290aGluZyUzQSUyMGFudGlhbGlhc2VkJTNCJTIyJTNFQXJpZWwlMjAlM0NzdHJvbmclM0VHYXJhZ29ycmklM0MlMkZzdHJvbmclM0UlM0MlMkZoMiUzRSUwQSUzQ2RpdiUyMGNsYXNzJTNEJTIydGV4dC1jb250ZW50JTIyJTNFJTBBJTNDcCUyMHN0eWxlJTNEJTIyY29sb3IlM0ElMjAlMjMxZjFmMWYlM0IlMjIlM0UlM0NzcGFuJTIwc3R5bGUlM0QlMjJmb250LXNpemUlM0EzMHB4JTNCJTIyJTNFJUUyJTlEJTlEJTNDJTJGc3BhbiUzRSUyMENvbW8lMjB1biUyMHNhc3RyZSUyMGNvbmZlY2Npb25hJTIwdW4lMjBtYXJhdmlsbG9zbyUyMHZlc3RpZG8lMjBlbiUyMHRvcm5vJTIwYSUyMGxhcyUyMGN1cnZhcyUyMHNpbnVvc2FzJTIwZGUlMjB1bmElMjBtdXNhJTJDJTIwZWwlMjBqb3llcm8lMjB0aWVuZSUyMHF1ZSUyMHNlciUyMGNhcGF6JTIwZGUlMjBjcmVhciUyMHVuJTIwZXNwbCVDMyVBOW5kaWRvJTIwbWFudWZhY3R1cmFkbyUyMGludGVycHJldGFuZG8lMjBsYXMlMjBzZW5zYWNpb25lcyUyMGRlJTIwcXVpZW4lMjBsbyUyMGRlc2VhLiUyMEVzdGUlMjBzZSUyMGNvbnZpZXJ0ZSUyMGVuJTIwdW5hJTIwb2JyYSUyMGRlJTIwYXJ0ZSUyMHF1ZSUyMGR1cmElMjBwYXJhJTIwc2llbXByZS4lM0NzcGFuJTIwc3R5bGUlM0QlMjJmb250LXNpemUlM0EzMHB4JTNCJTIyJTNFJUUyJTlEJTlFJTNDJTJGc3BhbiUzRSUzQyUyRnAlM0UlMEElM0MlMkZkaXYlM0U=[\/vc_raw_html]<\/div><\/div><\/section><\/div><\/div>\n","protected":false},"excerpt":{"rendered":"Bienvenidos en mi Mundo[vc_column_text][\/vc_column_text]El mundo de la alta joyer\u00eda es un mundo m\u00e1gico, lleno de satisfacciones obtenidas del duro trabajo, maestr\u00eda y gran cuidado y atenci\u00f3n a los detalles. Nuestras creaciones son verdaderas obras de arte. Esto no es s\u00f3lo un trabajo, sino un arte que se transmite en el tiempo de generaci\u00f3n en generaci\u00f3n. [...]","protected":false},"author":2,"featured_media":0,"parent":0,"menu_order":0,"comment_status":"closed","ping_status":"closed","template":"full-width.php","meta":{"footnotes":""},"yoast_head":"<!-- This site is optimized with the Yoast SEO plugin v21.7 - https:\/\/yoast.com\/wordpress\/plugins\/seo\/ -->\n<title>Ariel Garaggori - Gioielliere Verona<\/title>\n<meta name=\"description\" content=\"Ariel Garagorri gioielliere Verona\" \/>\n<meta name=\"robots\" content=\"index, follow, max-snippet:-1, max-image-preview:large, max-video-preview:-1\" \/>\n<link rel=\"canonical\" href=\"https:\/\/arielgaragorri.com\/es\/\" \/>\n<meta property=\"og:locale\" content=\"es_ES\" \/>\n<meta property=\"og:type\" content=\"article\" \/>\n<meta property=\"og:title\" content=\"Ariel Garaggori - Gioielliere Verona\" \/>\n<meta property=\"og:description\" content=\"Ariel Garagorri gioielliere Verona\" \/>\n<meta property=\"og:url\" content=\"https:\/\/arielgaragorri.com\/es\/\" \/>\n<meta property=\"article:modified_time\" content=\"2024-08-08T14:15:22+00:00\" \/>\n<meta property=\"og:image\" content=\"https:\/\/arielgaragorri.com\/wp-content\/uploads\/2016\/01\/diamanteHr-300x14.png\" \/>\n<meta name=\"twitter:label1\" content=\"Tiempo de lectura\" \/>\n\t<meta name=\"twitter:data1\" content=\"4 minutos\" \/>\n<script type=\"application\/ld+json\" class=\"yoast-schema-graph\">{\"@context\":\"https:\/\/schema.org\",\"@graph\":[{\"@type\":\"WebPage\",\"@id\":\"https:\/\/arielgaragorri.com\/es\/\",\"url\":\"https:\/\/arielgaragorri.com\/es\/\",\"name\":\"Ariel Garaggori - Gioielliere Verona\",\"isPartOf\":{\"@id\":\"https:\/\/arielgaragorri.com\/it\/#website\"},\"datePublished\":\"2016-01-06T19:04:07+00:00\",\"dateModified\":\"2024-08-08T14:15:22+00:00\",\"description\":\"Ariel Garagorri gioielliere Verona\",\"breadcrumb\":{\"@id\":\"https:\/\/arielgaragorri.com\/es\/#breadcrumb\"},\"inLanguage\":\"es\",\"potentialAction\":[{\"@type\":\"ReadAction\",\"target\":[\"https:\/\/arielgaragorri.com\/es\/\"]}]},{\"@type\":\"BreadcrumbList\",\"@id\":\"https:\/\/arielgaragorri.com\/es\/#breadcrumb\",\"itemListElement\":[{\"@type\":\"ListItem\",\"position\":1,\"name\":\"Home\",\"item\":\"https:\/\/arielgaragorri.com\/es\/\"},{\"@type\":\"ListItem\",\"position\":2,\"name\":\"Home\"}]},{\"@type\":\"WebSite\",\"@id\":\"https:\/\/arielgaragorri.com\/it\/#website\",\"url\":\"https:\/\/arielgaragorri.com\/it\/\",\"name\":\"\",\"description\":\"\",\"potentialAction\":[{\"@type\":\"SearchAction\",\"target\":{\"@type\":\"EntryPoint\",\"urlTemplate\":\"https:\/\/arielgaragorri.com\/it\/?s={search_term_string}\"},\"query-input\":\"required name=search_term_string\"}],\"inLanguage\":\"es\"}]}<\/script>\n<!-- \/ Yoast SEO plugin. -->","yoast_head_json":{"title":"Ariel Garaggori - Gioielliere Verona","description":"Ariel Garagorri gioielliere Verona","robots":{"index":"index","follow":"follow","max-snippet":"max-snippet:-1","max-image-preview":"max-image-preview:large","max-video-preview":"max-video-preview:-1"},"canonical":"https:\/\/arielgaragorri.com\/es\/","og_locale":"es_ES","og_type":"article","og_title":"Ariel Garaggori - Gioielliere Verona","og_description":"Ariel Garagorri gioielliere Verona","og_url":"https:\/\/arielgaragorri.com\/es\/","article_modified_time":"2024-08-08T14:15:22+00:00","og_image":[{"url":"https:\/\/arielgaragorri.com\/wp-content\/uploads\/2016\/01\/diamanteHr-300x14.png"}],"twitter_misc":{"Tiempo de lectura":"4 minutos"},"schema":{"@context":"https:\/\/schema.org","@graph":[{"@type":"WebPage","@id":"https:\/\/arielgaragorri.com\/es\/","url":"https:\/\/arielgaragorri.com\/es\/","name":"Ariel Garaggori - Gioielliere Verona","isPartOf":{"@id":"https:\/\/arielgaragorri.com\/it\/#website"},"datePublished":"2016-01-06T19:04:07+00:00","dateModified":"2024-08-08T14:15:22+00:00","description":"Ariel Garagorri gioielliere Verona","breadcrumb":{"@id":"https:\/\/arielgaragorri.com\/es\/#breadcrumb"},"inLanguage":"es","potentialAction":[{"@type":"ReadAction","target":["https:\/\/arielgaragorri.com\/es\/"]}]},{"@type":"BreadcrumbList","@id":"https:\/\/arielgaragorri.com\/es\/#breadcrumb","itemListElement":[{"@type":"ListItem","position":1,"name":"Home","item":"https:\/\/arielgaragorri.com\/es\/"},{"@type":"ListItem","position":2,"name":"Home"}]},{"@type":"WebSite","@id":"https:\/\/arielgaragorri.com\/it\/#website","url":"https:\/\/arielgaragorri.com\/it\/","name":"","description":"","potentialAction":[{"@type":"SearchAction","target":{"@type":"EntryPoint","urlTemplate":"https:\/\/arielgaragorri.com\/it\/?s={search_term_string}"},"query-input":"required name=search_term_string"}],"inLanguage":"es"}]}},"_links":{"self":[{"href":"https:\/\/arielgaragorri.com\/es\/wp-json\/wp\/v2\/pages\/1448"}],"collection":[{"href":"https:\/\/arielgaragorri.com\/es\/wp-json\/wp\/v2\/pages"}],"about":[{"href":"https:\/\/arielgaragorri.com\/es\/wp-json\/wp\/v2\/types\/page"}],"author":[{"embeddable":true,"href":"https:\/\/arielgaragorri.com\/es\/wp-json\/wp\/v2\/users\/2"}],"replies":[{"embeddable":true,"href":"https:\/\/arielgaragorri.com\/es\/wp-json\/wp\/v2\/comments?post=1448"}],"version-history":[{"count":21,"href":"https:\/\/arielgaragorri.com\/es\/wp-json\/wp\/v2\/pages\/1448\/revisions"}],"predecessor-version":[{"id":3323,"href":"https:\/\/arielgaragorri.com\/es\/wp-json\/wp\/v2\/pages\/1448\/revisions\/3323"}],"wp:attachment":[{"href":"https:\/\/arielgaragorri.com\/es\/wp-json\/wp\/v2\/media?parent=1448"}],"curies":[{"name":"wp","href":"https:\/\/api.w.org\/{rel}","templated":true}]}}