{"id":1526,"date":"2016-01-06T20:12:52","date_gmt":"2016-01-06T20:12:52","guid":{"rendered":"https:\/\/arielgaragorri.com\/de\/chi-sono\/"},"modified":"2023-09-28T15:20:10","modified_gmt":"2023-09-28T15:20:10","slug":"wer-ich-bin","status":"publish","type":"page","link":"https:\/\/arielgaragorri.com\/de\/wer-ich-bin\/","title":{"rendered":"Wer ich bin"},"content":{"rendered":"<section id=\"content-section-856959342\" class=\"intense content-section  breakout\"2 style=\"  margin-bottom: 0; margin-top: 0; margin-left: 0; margin-right: 0;  background-size: cover; background-position: 0 100%;  background-image: url(https:\/\/arielgaragorri.com\/wp-content\/uploads\/2016\/01\/L2.png);  padding-top: 200px; padding-bottom:200px; padding-left: 0; padding-right:0; \"><div class=\"intense container  \"><div data-100-top='opacity: 1' data-top='opacity: 0' class=\"animated-scroll skrollable skrollable-after \"><link href=\"\/\/fonts.googleapis.com\/css?family=Playfair+Display\" rel=\"stylesheet\" type=\"text\/css\"><script>jQuery(window).load(function() { jQuery('#heading-1387393783').fitText(1, { maxFontSize: \"20px\" }); });<\/script><h1 id=\"heading-1387393783\" class=\"intense heading\" style=\" color: #ffffff; font-size: 20px; line-height: initial; text-align: center; font-weight: 400; margin-top: 0px; margin-bottom: 0px; font-family: Playfair Display; text-transform: none; -webkit-font-smoothing: antialiased;\">Eine <\/h1><script>jQuery(window).load(function() { jQuery('#heading-1712362516').fitText(1, { maxFontSize: \"70px\" }); });<\/script><h1 id=\"heading-1712362516\" class=\"intense heading\" style=\" color: #ffffff; font-size: 70px; line-height: initial; text-align: center; font-weight: 500; margin-top: 0px; margin-bottom: 0px; font-family: Playfair Display; text-transform: uppercase; -webkit-font-smoothing: antialiased;\">TRADITION<\/h1><script>jQuery(window).load(function() { jQuery('#heading-716600461').fitText(1, { maxFontSize: \"20px\" }); });<\/script><h1 id=\"heading-716600461\" class=\"intense heading\" style=\" color: #ffffff; font-size: 20px; line-height: initial; text-align: center; font-weight: 400; margin-top: 0px; margin-bottom: 0px; font-family: Playfair Display; text-transform: none; -webkit-font-smoothing: antialiased;\">die aus der ferne kommt<\/h1><\/div><\/div><div class=\"overlay-background\" style=\"background-color: rgba(0,0,0,0);\"><\/div><\/section><section id=\"content-section-1770005677\" class=\"intense content-section  breakout\"2 style=\" background-color: #1f1f1f; margin-bottom: 0; margin-top: 0; margin-left: 0; margin-right: 0;  padding-top: 50px; padding-bottom:30px; padding-left: 0; padding-right:0; \"><div class=\"intense container  \"><div class='intense spacer ' style='height: 50px; '><\/div><script>jQuery(window).load(function() { jQuery('#heading-585581977').fitText(1, { maxFontSize: \"40px\" }); });<\/script><h1 id=\"heading-585581977\" class=\"intense heading\" style=\" color: #bbbbbb; font-size: 40px; line-height: initial; text-align: center; font-weight: 500; margin-top: 0px; margin-bottom: 15px; font-family: Playfair Display; text-transform: none; -webkit-font-smoothing: antialiased;\">Wer <strong>ich bin <\/strong><\/h1>[vc_column_text]<a href=\"https:\/\/arielgaragorri.com\/?attachment_id=885#main\" rel=\"attachment wp-att-329\"><img loading=\"lazy\" decoding=\"async\" class=\"size-medium wp-image-885 aligncenter\" src=\"https:\/\/arielgaragorri.com\/wp-content\/uploads\/2016\/01\/diamanteHr-300x14.png\" alt=\"diamantehr\" width=\"300\" height=\"14\" srcset=\"https:\/\/arielgaragorri.com\/wp-content\/uploads\/2016\/01\/diamanteHr-300x14.png 300w, https:\/\/arielgaragorri.com\/wp-content\/uploads\/2016\/01\/diamanteHr.png 342w\" sizes=\"(max-width: 300px) 100vw, 300px\" \/><\/a>[\/vc_column_text]<div  class='intense row ' style='padding-top: ; padding-bottom: 0; margin-top: 0; margin-bottom: 0; '><div class='intense col-lg-6 col-xs-12 col-sm-12 col-md-6 '><div class='intense scroll-animated start-hidden' data-delay='0' data-scrollpercent='20' data-starthidden='1' data-endhidden='' data-animation='fadeInLeft'>\n<p class=\"Standard\">Diese ist meien geschichte, eine geschichte, die aus der ferne entsteht, wann meinen urgro\u00dfvater, genug juwelier, am ende des 19. Jahrhundert aus dem baskenland, eine k\u00fcnstlerbuches, tr\u00e4umers und guerrillerosland, nach argentinien eimigriert.<\/p>\n<p class=\"Standard\">In Buenos Aires schlagt er wurzeln und er st\u00fctzt seine blutlinie von juwelieremeistern. Meine gro\u00dfvater Domingo, mit seinen br\u00fcdern Julian und Ezequiel, umarmen die weitergegeben kunst, und wachsende zur die k\u00fcnftige generationen. Heute unterscheidet die argentinischen famile Garagorri f\u00fcr diese spezialit\u00e4t.<\/p>\n<p><img loading=\"lazy\" decoding=\"async\" class=\"wp-image-889 alignleft\" src=\"https:\/\/arielgaragorri.com\/wp-content\/uploads\/2016\/01\/chisono1.jpg\" alt=\"chisono1\" width=\"260\" height=\"173\" \/><\/p>\n<p>Ich auch bin ein tr\u00e4umer, ich habe immer das wunsch pfligt, um zu schaffen. Seit ich ein kleiner junge ware, f\u00fchlte ich mich von allem, das sch\u00f6n ist. Die sch\u00f6nheit m\u00fcss verstanden sein, als die einzelheitenraffinesse, die kostbarkeit und einzigartigkeit in ihre art.<\/p>\n<p class=\"Standard\">Ich habe immer geliebt, um etwas neu zu schaffen, zu erneuern, aber, \u00fcber alles, zu riskieren: Ich will immer ins spiel sein. Ich hatte die gl\u00fcck, um in einem k\u00fcnstlerischen umfeld zu entstehen und wachsen; Ich konnte alle diesen mit wunderbar gl\u00fccklichen momenten teilen, weil meine bestrebungen immer verstanden und unterst\u00fctzet wurden.<\/p>\n<\/div><\/div><div class='intense col-lg-6 col-xs-12 col-sm-12 col-md-6 '><div class='intense spacer ' style='height: 16px; '><\/div><div class='intense scroll-animated start-hidden' data-delay='0' data-scrollpercent='20' data-starthidden='1' data-endhidden='' data-animation='fadeInRight'>Von dort, habe ich in die USA umzogen, insbesondere in New York, und ich habe bestrebungen bei einen konkreten m\u00f6glichkeit trasformiert: ich arbeitete als modellbauer f\u00fcr einen betrieb spezialisiert auf die herstellung von hohe juwelier.<\/p>\n<p>Dieses war meiner ausgangspunkt. W\u00e4hrend dieser erfahrung, hatte ich die ehre, um zu kennen und mit einem sehr wichtig kunstlehrer zu arbeiten: \u201cAlberto Codorniu\u201d. Dieses treffen beitr\u00e4gt dazu, um au\u00dferordentlich meine besch\u00e4ftigung hintergrund zu bereichern.<\/p>\n<p><img loading=\"lazy\" decoding=\"async\" class=\"size-full wp-image-893 alignleft\" src=\"https:\/\/arielgaragorri.com\/wp-content\/uploads\/2016\/01\/nonno.jpg\" alt=\"nonno\" width=\"260\" height=\"173\" \/><\/p>\n<p>Ich war es gew\u00f6hnt, m\u00fche zu ertragen, ich w\u00fcnschte immer mehr: was ich verkraftet habe, bleibte ich, dass nicht genug war. Ich entschlosste, um \u201cParson School of design in NY\u201d designschule zu studieren: ich brauchte neuer designtechnische.<\/p>\n<p class=\"Standard\">Ich weinte f\u00fcr andere new yorker wirklichkeit \u00fcber einen l\u00e4ngeren zeitraum zu arbeiten, aber die hektik war nie eine freundinen von der kunst und so entschlosste ich ein anderes mal zu ziehen: ich wollte noch einmal \u00e4ndern, ich suchte neuer anreize. Verona l\u00e4chelte mich, sie hat mich mit ihrer sch\u00f6nheit entf\u00fchrt, und ich konnte nicht dieses angebot verweigern. In 2004, habe ich wurzen geschlagen in der stadt der liebe, und ich habe meinen pers\u00f6nlichen atelier\u2026<\/p>\n<\/div><\/div><\/div>[vc_raw_html]JTNDZGl2JTIwY2xhc3MlM0QlMjJpbnRlbnNlJTIwcm93JTIwJTIyJTIwc3R5bGUlM0QlMjJwYWRkaW5nLXRvcCUzQSUyMDEwcHglM0IlMjBwYWRkaW5nLWJvdHRvbSUzQSUyMDAlM0IlMjBtYXJnaW4tdG9wJTNBJTIwMCUzQiUyMG1hcmdpbi1ib3R0b20lM0ElMjAwJTNCJTIwJTIyJTNFJTNDZGl2JTIwY2xhc3MlM0QlMjJpbnRlbnNlJTIwY29sLWxnLTEyJTIwY29sLXhzLTEyJTIwY29sLXNtLTEyJTIwY29sLW1kLTEyJTIwJTIyJTNFJTNDZGl2JTIwY2xhc3MlM0QlMjJpbnRlbnNlJTIwc2Nyb2xsLWFuaW1hdGVkJTIwaW5zdGFudGlhdGVkJTIwYW5pbWF0ZWQlMjBmYWRlSW5VcCUyMiUyMGRhdGEtZGVsYXklM0QlMjIwJTIyJTIwZGF0YS1zY3JvbGxwZXJjZW50JTNEJTIyMjAlMjIlMjBkYXRhLXN0YXJ0aGlkZGVuJTNEJTIyMSUyMiUyMGRhdGEtZW5kaGlkZGVuJTNEJTIyJTIyJTIwZGF0YS1hbmltYXRpb24lM0QlMjJmYWRlSW5VcCUyMiUzRSUzQ2RpdiUyMGNsYXNzJTNEJTIyaW50ZW5zZSUyMHRlc3RpbW9uaWVzJTIwJTIwJTIwZnVsbC13aWR0aC10ZXN0aW1vbnklMjAlMjIlM0UlMEElM0NkaXYlMjBjbGFzcyUzRCUyMnRlc3RpbW9uaWFsX2JveGVkX2NvbnRhaW5lciUyMiUzRSUwQSUzQ2lucHV0JTIwdHlwZSUzRCUyMnJhZGlvJTIyJTIwbmFtZSUzRCUyMm5hdiUyMiUzRSUwQSUzQ2RpdiUzRSUwQSUzQ2Jsb2NrcXVvdGUlMjBpZCUzRCUyMnRlc3RpbW9uaWFsXzE5MTg0MzUxMSUyMiUyMGNsYXNzJTNEJTIyaW50ZW5zZSUyMiUzRSUwQSUzQ3NwYW4lMjBjbGFzcyUzRCUyMmxlZnRxJTIwcXVvdGVzJTIyJTNFJUUyJTgwJTlDJTNDJTJGc3BhbiUzRSUyMCUzQ3N0cm9uZyUzRVdlbm4lMjBpY2glMjBlaW4lMjBqdXdlbCUyMGVuZGUlMjB1bmQlMjBpY2glMjBlcyUyMGluJTIwZGVuJTIwaCVDMyVBNG5kZW4lMjBkZXMlMjBzZWluZXMlMjBuZXVlcyUyMGVpZ2VudCVDMyVCQ21lcnMlMjAlQzMlQkNiZXJnZWJlJTJDJTIwYmVvYmFjaHRlJTIwaWNoJTIwZGFzJTIwZ2VzaWNodCUyMHVuZCUyMGRpZSUyMGdyaW1hc3NlbiUyQyUyMGRhc3MlMjBkaWVzZSUyMHBlcnNvbiUyMHNjaG5laWRldC4lMjBEYXMlMjBnZXNpY2h0JTIwa2FubiUyMGtlaW5lJTIwZ2VoZWltbmlzc2UlMjB2ZXJzdGVja2VuJTJDJTIwdW5kJTIwd2VubiUyMGR1JTIwaW4lMjBkZXIlMjBsYWdlJTIwYmlzdCUyQyUyMHVtJTIwZXMlMjB6dSUyMGludGVycHJldGllcmVuJTJDJTIwd2lyZHN0JTIwZHUlMjB2b24lMjBhbGxlbSUyMGluJTIwZWluaWdlbiUyMHdlbmluZ2VuJTIwbW9tZW50ZW4lMjB6dXIlQzMlQkNja3phaGxlbi4lM0MlMkZzdHJvbmclM0UlM0NwJTNFJTNDJTJGcCUzRSUwQSUzQ3AlM0VNYW5jaG1hbCUyMGthbm4lMjBlaW4lMjBzY2hlaW5oZWlsaWclMjBsJUMzJUE0Y2hlbG4lMjBkYXMlMjBlY2h0ZXMlMjBnZWYlQzMlQkNobCUyMHZlcnN0ZWNrZW4lMkMlMjBhYmVyJTIwZGllJTIwYXVnZW4lMjB3aXJkJTIwaW4lMjBrdXJ6ZXIlMjB6ZWl0JTIwZGFzJTIwZnVua2VsbiUyMG5hY2hqYWdlbiUyQyUyMGdyZW55ZWxvc2VyJTIwYXVmenVsZXVjaHRlbiVFMiU4MCVBNiUyMCUzQ3NwYW4lMjBjbGFzcyUzRCUyMnJpZ2h0cSUyMHF1b3RlcyUyMiUzRSVFMiU4MCU5RSUyMCUzQyUyRnNwYW4lM0UlMEElM0MlMkZwJTNFJTNDJTJGYmxvY2txdW90ZSUzRSUwQSUzQ3N0eWxlJTNFJTIzdGVzdGltb25pYWxfMTkxODQzNTExJTIwJTdCJTIwYmFja2dyb3VuZC1jb2xvciUzQSUyM2E0OTI2YyUyMCUyMWltcG9ydGFudCUzQiUyMCU3RCUyMCUyM3Rlc3RpbW9uaWFsXzE5MTg0MzUxMSUzQWFmdGVyJTIwJTdCJTIwYm9yZGVyLXRvcC1jb2xvciUzQSUyMCUyM2E0OTI2YyUyMCUyMWltcG9ydGFudCUzQiUyMGJvcmRlci1sZWZ0LWNvbG9yJTNBJTIwJTIzYTQ5MjZjJTIwJTIxaW1wb3J0YW50JTNCJTdEJTIzdGVzdGltb25pYWxfMTkxODQzNTExJTIwJTdCJTIwY29sb3IlM0ElMjMxZjFmMWYlMjAlMjFpbXBvcnRhbnQlM0IlMjAlN0QlMjAlMjN0ZXN0aW1vbmlhbF8xOTE4NDM1MTElMjAucXVvdGVzJTIwJTdCJTIwY29sb3IlM0FyZ2JhJTI4MzElMkMzMSUyQzMxJTJDMC41JTI5JTIwJTIxaW1wb3J0YW50JTNCJTIwJTdEJTNDJTJGc3R5bGUlM0UlM0NpbWclMjBpZCUzRCUyMmltZzE4OTJfMTk3MTI5MDgyMiUyMiUyMHdpZHRoJTNEJTIyMTUwJTIyJTIwaGVpZ2h0JTNEJTIyMTUwJTIyJTIwc3R5bGUlM0QlMjJkaXNwbGF5JTNBYmxvY2slM0IlMjAlMjIlMjBzcmMlM0QlMjJodHRwcyUzQSUyRiUyRmFyaWVsZ2FyYWdvcnJpLmNvbSUyRndwLWNvbnRlbnQlMkZ1cGxvYWRzJTJGMjAyMyUyRjA5JTJGYXJpZWxHRy5qcGclMjIlMjBhbHQlM0QlMjIlMjIlMjBjbGFzcyUzRCUyMmludGVuc2UlMjBpbWFnZSUyMiUyMHRpdGxlJTNEJTIyJTIyJTNFJTIwJTNDaDIlM0VBcmllbCUyMEdhcmFnb3JyaSUzQyUyRmgyJTNFJTBBJTNDJTJGZGl2JTNFJTBBJTNDJTJGZGl2JTNFJTNDJTJGZGl2JTNFJTNDJTJGZGl2JTNFJTNDJTJGZGl2JTNFJTNDJTJGZGl2JTNF[\/vc_raw_html]<\/div><\/section><section id=\"content-section-678051269\" class=\"intense content-section  breakout\"2 style=\"  margin-bottom: 0; margin-top: 0; margin-left: 0; margin-right: 0;  background-size: cover; background-position: 50% 33%;  background-image: url(https:\/\/arielgaragorri.com\/wp-content\/uploads\/2016\/01\/veronaContatti.jpg);  padding-top: 60px; padding-bottom:80px; padding-left: 0; padding-right:0; \"><div class=\"intense container  \"><script>jQuery(window).load(function() { jQuery('#heading-160950923').fitText(1, { maxFontSize: \"40px\" }); });<\/script><h1 id=\"heading-160950923\" class=\"intense heading\" style=\" font-size: 40px; line-height: initial; text-align: center; font-weight: 500; margin-top: 0px; margin-bottom: 15px; font-family: Playfair Display; text-transform: none; -webkit-font-smoothing: antialiased;\">Ich stehe zur verf\u00fcgung<\/h1><script>jQuery(window).load(function() { jQuery('#heading-2018686465').fitText(1, { maxFontSize: \"22px\" }); });<\/script><h1 id=\"heading-2018686465\" class=\"intense heading\" style=\" font-size: 22px; line-height: initial; text-align: center; font-weight: 500; margin-top: 0px; margin-bottom: 25px; font-family: Playfair Display; text-transform: none; -webkit-font-smoothing: antialiased;\">f\u00fcr jede antrage k\u00f6nnte sie haben.<\/h1>[vc_raw_html]JTNDc3R5bGUlMjB0eXBlJTNEJTIydGV4dCUyRmNzcyUyMiUzRSUwQSUyM2J0bkN1c3RvbSUyMCU3QiUwQSUyMCUyMCUyMCUyMGNvbG9yJTNBJTIwJTIzYmJiYmJiJTIwJTIxaW1wb3J0YW50JTNCJTBBJTIwJTIwJTIwJTIwYm9yZGVyLXJhZGl1cyUzQSUyMDRweCUzQiUwQSUyMCUyMCUyMCUyMGJvcmRlciUzQSUyMDJweCUyMHNvbGlkJTIwJTIzYmJiYmJiJTIwJTIxaW1wb3J0YW50JTNCJTBBJTIwJTIwJTIwJTIwcGFkZGluZy10b3AlM0ElMjAxMHB4JTNCJTBBJTIwJTIwJTIwJTIwcGFkZGluZy1ib3R0b20lM0ElMjAxMHB4JTNCJTBBJTIwJTIwJTIwJTIwcGFkZGluZy1sZWZ0JTNBJTIwMTVweCUzQiUwQSUyMCUyMCUyMCUyMHBhZGRpbmctcmlnaHQlM0ElMjAxNXB4JTNCJTBBJTIwJTIwJTIwJTIwZm9udC1zaXplJTNBJTIwMThweCUzQiUwQSUyMCUyMCUyMCUyMGJhY2tncm91bmQlM0ElMjByZ2JhJTI4MjU1JTJDJTIwMjU1JTJDJTIwMjU1JTJDJTIwMCUyOSUzQiUwQSUyMCUyMCUyMCUyMHRleHQtdHJhbnNmb3JtJTNBJTIwdXBwZXJjYXNlJTNCJTBBJTdEJTBBJTBBJTIzYnRuQ3VzdG9tJTNBaG92ZXIlMjAlN0IlMEElMjAlMjAlMjAlMjBmaWx0ZXIlM0ElMjBub25lJTIwJTIxaW1wb3J0YW50JTNCJTBBJTIwJTIwJTIwJTIwYmFja2dyb3VuZCUzQSUyMG5vbmUlMjAlMjFpbXBvcnRhbnQlM0IlMEElMjAlMjAlMjAlMjBiYWNrZ3JvdW5kLWNvbG9yJTNBJTIwcmdiYSUyODI1NSUyQyUyMDI1NSUyQyUyMDI1NSUyQyUyMDAuMjUlMjklMjAlMjFpbXBvcnRhbnQlM0IlMEElMjAlMjAlMjAlMjBjb2xvciUzQSUyMCUyM2VkZWRlZCUyMCUyMWltcG9ydGFudCUzQiUwQSUyMCUyMCUyMCUyMGJvcmRlci1yYWRpdXMlM0ElMjA0cHglM0IlMEElMjAlMjAlMjAlMjBib3JkZXIlM0ElMjAycHglMjBzb2xpZCUyMCUyM2VkZWRlZCUyMCUyMWltcG9ydGFudCUzQiUwQSU3RCUwQSUzQyUyRnN0eWxlJTNF[\/vc_raw_html][vc_column_text]\n<div id=\"btnCustom\" style=\"width: 150px; margin: 0 auto; text-align: center;\">KONTAKTE<\/div>\n[\/vc_column_text]<\/div><div class=\"overlay-background\" style=\"background-color: rgba(0,0,0,0.6);\"><\/div><\/section>\n","protected":false},"excerpt":{"rendered":"Eine TRADITIONdie aus der ferne kommtWer ich bin [vc_column_text][\/vc_column_text] Diese ist meien geschichte, eine geschichte, die aus der ferne entsteht, wann meinen urgro\u00dfvater, genug juwelier, am ende des 19. Jahrhundert aus dem baskenland, eine k\u00fcnstlerbuches, tr\u00e4umers und guerrillerosland, nach argentinien eimigriert. In Buenos Aires schlagt er wurzeln und er st\u00fctzt seine blutlinie von juwelieremeistern. Meine [...]","protected":false},"author":2,"featured_media":0,"parent":0,"menu_order":0,"comment_status":"closed","ping_status":"closed","template":"","meta":{"footnotes":""},"yoast_head":"<!-- This site is optimized with the Yoast SEO plugin v21.7 - https:\/\/yoast.com\/wordpress\/plugins\/seo\/ -->\n<title>Gioielliere specializzato | Gioielli di Alta Qualit\u00e0 e Lavorazione Platino<\/title>\n<meta name=\"description\" content=\"Una tradizione che viene da lontano. Mio nonno Domingo assieme ai suoi fratelli Julian e Ezequiel abbracciano l\u2019arte tramandata di gioielliere...\" \/>\n<meta name=\"robots\" content=\"index, follow, max-snippet:-1, max-image-preview:large, max-video-preview:-1\" \/>\n<link rel=\"canonical\" href=\"https:\/\/arielgaragorri.com\/it\/chi-sono\/\" \/>\n<meta property=\"og:locale\" content=\"de_DE\" \/>\n<meta property=\"og:type\" content=\"article\" \/>\n<meta property=\"og:title\" content=\"Gioielliere specializzato | Gioielli di Alta Qualit\u00e0 e Lavorazione Platino\" \/>\n<meta property=\"og:description\" content=\"Una tradizione che viene da lontano. Mio nonno Domingo assieme ai suoi fratelli Julian e Ezequiel abbracciano l\u2019arte tramandata di gioielliere...\" \/>\n<meta property=\"og:url\" content=\"https:\/\/arielgaragorri.com\/it\/chi-sono\/\" \/>\n<meta property=\"article:modified_time\" content=\"2023-09-28T15:20:10+00:00\" \/>\n<meta property=\"og:image\" content=\"https:\/\/arielgaragorri.com\/wp-content\/uploads\/2016\/01\/diamanteHr-300x14.png\" \/>\n<meta name=\"twitter:label1\" content=\"Gesch\u00e4tzte Lesezeit\" \/>\n\t<meta name=\"twitter:data1\" content=\"4\u00a0Minuten\" \/>\n<script type=\"application\/ld+json\" class=\"yoast-schema-graph\">{\"@context\":\"https:\/\/schema.org\",\"@graph\":[{\"@type\":\"WebPage\",\"@id\":\"https:\/\/arielgaragorri.com\/it\/chi-sono\/\",\"url\":\"https:\/\/arielgaragorri.com\/it\/chi-sono\/\",\"name\":\"Gioielliere specializzato | Gioielli di Alta Qualit\u00e0 e Lavorazione Platino\",\"isPartOf\":{\"@id\":\"https:\/\/arielgaragorri.com\/it\/#website\"},\"datePublished\":\"2016-01-06T20:12:52+00:00\",\"dateModified\":\"2023-09-28T15:20:10+00:00\",\"description\":\"Una tradizione che viene da lontano. Mio nonno Domingo assieme ai suoi fratelli Julian e Ezequiel abbracciano l\u2019arte tramandata di gioielliere...\",\"breadcrumb\":{\"@id\":\"https:\/\/arielgaragorri.com\/it\/chi-sono\/#breadcrumb\"},\"inLanguage\":\"de\",\"potentialAction\":[{\"@type\":\"ReadAction\",\"target\":[\"https:\/\/arielgaragorri.com\/it\/chi-sono\/\"]}]},{\"@type\":\"BreadcrumbList\",\"@id\":\"https:\/\/arielgaragorri.com\/it\/chi-sono\/#breadcrumb\",\"itemListElement\":[{\"@type\":\"ListItem\",\"position\":1,\"name\":\"Home\",\"item\":\"https:\/\/arielgaragorri.com\/de\/\"},{\"@type\":\"ListItem\",\"position\":2,\"name\":\"Wer ich bin\"}]},{\"@type\":\"WebSite\",\"@id\":\"https:\/\/arielgaragorri.com\/it\/#website\",\"url\":\"https:\/\/arielgaragorri.com\/it\/\",\"name\":\"\",\"description\":\"\",\"potentialAction\":[{\"@type\":\"SearchAction\",\"target\":{\"@type\":\"EntryPoint\",\"urlTemplate\":\"https:\/\/arielgaragorri.com\/it\/?s={search_term_string}\"},\"query-input\":\"required name=search_term_string\"}],\"inLanguage\":\"de\"}]}<\/script>\n<!-- \/ Yoast SEO plugin. -->","yoast_head_json":{"title":"Gioielliere specializzato | Gioielli di Alta Qualit\u00e0 e Lavorazione Platino","description":"Una tradizione che viene da lontano. Mio nonno Domingo assieme ai suoi fratelli Julian e Ezequiel abbracciano l\u2019arte tramandata di gioielliere...","robots":{"index":"index","follow":"follow","max-snippet":"max-snippet:-1","max-image-preview":"max-image-preview:large","max-video-preview":"max-video-preview:-1"},"canonical":"https:\/\/arielgaragorri.com\/it\/chi-sono\/","og_locale":"de_DE","og_type":"article","og_title":"Gioielliere specializzato | Gioielli di Alta Qualit\u00e0 e Lavorazione Platino","og_description":"Una tradizione che viene da lontano. Mio nonno Domingo assieme ai suoi fratelli Julian e Ezequiel abbracciano l\u2019arte tramandata di gioielliere...","og_url":"https:\/\/arielgaragorri.com\/it\/chi-sono\/","article_modified_time":"2023-09-28T15:20:10+00:00","og_image":[{"url":"https:\/\/arielgaragorri.com\/wp-content\/uploads\/2016\/01\/diamanteHr-300x14.png"}],"twitter_misc":{"Gesch\u00e4tzte Lesezeit":"4\u00a0Minuten"},"schema":{"@context":"https:\/\/schema.org","@graph":[{"@type":"WebPage","@id":"https:\/\/arielgaragorri.com\/it\/chi-sono\/","url":"https:\/\/arielgaragorri.com\/it\/chi-sono\/","name":"Gioielliere specializzato | Gioielli di Alta Qualit\u00e0 e Lavorazione Platino","isPartOf":{"@id":"https:\/\/arielgaragorri.com\/it\/#website"},"datePublished":"2016-01-06T20:12:52+00:00","dateModified":"2023-09-28T15:20:10+00:00","description":"Una tradizione che viene da lontano. Mio nonno Domingo assieme ai suoi fratelli Julian e Ezequiel abbracciano l\u2019arte tramandata di gioielliere...","breadcrumb":{"@id":"https:\/\/arielgaragorri.com\/it\/chi-sono\/#breadcrumb"},"inLanguage":"de","potentialAction":[{"@type":"ReadAction","target":["https:\/\/arielgaragorri.com\/it\/chi-sono\/"]}]},{"@type":"BreadcrumbList","@id":"https:\/\/arielgaragorri.com\/it\/chi-sono\/#breadcrumb","itemListElement":[{"@type":"ListItem","position":1,"name":"Home","item":"https:\/\/arielgaragorri.com\/de\/"},{"@type":"ListItem","position":2,"name":"Wer ich bin"}]},{"@type":"WebSite","@id":"https:\/\/arielgaragorri.com\/it\/#website","url":"https:\/\/arielgaragorri.com\/it\/","name":"","description":"","potentialAction":[{"@type":"SearchAction","target":{"@type":"EntryPoint","urlTemplate":"https:\/\/arielgaragorri.com\/it\/?s={search_term_string}"},"query-input":"required name=search_term_string"}],"inLanguage":"de"}]}},"_links":{"self":[{"href":"https:\/\/arielgaragorri.com\/de\/wp-json\/wp\/v2\/pages\/1526"}],"collection":[{"href":"https:\/\/arielgaragorri.com\/de\/wp-json\/wp\/v2\/pages"}],"about":[{"href":"https:\/\/arielgaragorri.com\/de\/wp-json\/wp\/v2\/types\/page"}],"author":[{"embeddable":true,"href":"https:\/\/arielgaragorri.com\/de\/wp-json\/wp\/v2\/users\/2"}],"replies":[{"embeddable":true,"href":"https:\/\/arielgaragorri.com\/de\/wp-json\/wp\/v2\/comments?post=1526"}],"version-history":[{"count":15,"href":"https:\/\/arielgaragorri.com\/de\/wp-json\/wp\/v2\/pages\/1526\/revisions"}],"predecessor-version":[{"id":3049,"href":"https:\/\/arielgaragorri.com\/de\/wp-json\/wp\/v2\/pages\/1526\/revisions\/3049"}],"wp:attachment":[{"href":"https:\/\/arielgaragorri.com\/de\/wp-json\/wp\/v2\/media?parent=1526"}],"curies":[{"name":"wp","href":"https:\/\/api.w.org\/{rel}","templated":true}]}}