{"id":1506,"date":"2016-10-04T16:20:09","date_gmt":"2016-10-04T16:20:09","guid":{"rendered":"https:\/\/arielgaragorri.com\/de\/il-platino\/"},"modified":"2026-03-17T16:20:59","modified_gmt":"2026-03-17T16:20:59","slug":"der-platin","status":"publish","type":"page","link":"https:\/\/arielgaragorri.com\/de\/der-platin\/","title":{"rendered":"der Platin"},"content":{"rendered":"<section id=\"content-section-816972797\" class=\"intense content-section  breakout\"2 style=\"  margin-bottom: 0; margin-top: 0; margin-left: 0; margin-right: 0;  background-size: cover; background-position: 0 100%;  background-image: url(https:\/\/arielgaragorri.com\/wp-content\/uploads\/2022\/12\/platinoAriel.jpg);  padding-top: 200px; padding-bottom:200px; padding-left: 0; padding-right:0; \"><div data-100-top='opacity: 1' data-top='opacity: 0' class=\"animated-scroll skrollable skrollable-after \"><link href=\"\/\/fonts.googleapis.com\/css?family=Playfair+Display\" rel=\"stylesheet\" type=\"text\/css\"><script>jQuery(window).load(function() { jQuery('#heading-1481168473').fitText(1, { maxFontSize: \"20px\" }); });<\/script><h1 id=\"heading-1481168473\" class=\"intense heading\" style=\" color: #ffffff; font-size: 20px; line-height: initial; text-align: center; font-weight: 400; margin-top: 0px; margin-bottom: 0px; font-family: Playfair Display; text-transform: none; -webkit-font-smoothing: antialiased;\"><\/h1><script>jQuery(window).load(function() { jQuery('#heading-668925520').fitText(1, { maxFontSize: \"70px\" }); });<\/script><h1 id=\"heading-668925520\" class=\"intense heading\" style=\" color: #ffffff; font-size: 70px; line-height: initial; text-align: center; font-weight: 500; margin-top: 0px; margin-bottom: 0px; font-family: Playfair Display; text-transform: uppercase; -webkit-font-smoothing: antialiased;\">78 Pt<\/h1><script>jQuery(window).load(function() { jQuery('#heading-1858877280').fitText(1, { maxFontSize: \"20px\" }); });<\/script><h1 id=\"heading-1858877280\" class=\"intense heading\" style=\" color: #ffffff; font-size: 20px; line-height: initial; text-align: center; font-weight: 400; margin-top: 0px; margin-bottom: 0px; font-family: Playfair Display; text-transform: none; -webkit-font-smoothing: antialiased;\">ein Metall, das in der zeit unver\u00e4ndert bleibt.<\/h1><\/div><div class=\"overlay-background\" style=\"background-color: rgba(0,0,0,0);\"><\/div><\/section><section id=\"content-section-1655804952\" class=\"intense content-section  breakout\"2 style=\" background-color: #1f1f1f; margin-bottom: 0; margin-top: 0; margin-left: 0; margin-right: 0;  padding-top: 50px; padding-bottom:30px; padding-left: 0; padding-right:0; \"><div class=\"intense container  \"><div class='intense spacer ' style='height: 50px; '><\/div><script>jQuery(window).load(function() { jQuery('#heading-644919797').fitText(1, { maxFontSize: \"40px\" }); });<\/script><h1 id=\"heading-644919797\" class=\"intense heading\" style=\" color: #bbbbbb; font-size: 40px; line-height: initial; text-align: center; font-weight: 500; margin-top: 0px; margin-bottom: 15px; font-family: Playfair Display; text-transform: none; -webkit-font-smoothing: antialiased;\">Die verarbeitung des <strong>Platin<\/strong><\/h1>[vc_column_text]<a href=\"https:\/\/arielgaragorri.com\/chi-sono\/diamantehr\/#main\" rel=\"attachment wp-att-329\"><img loading=\"lazy\" decoding=\"async\" class=\"size-medium wp-image-329 aligncenter\" src=\"https:\/\/arielgaragorri.com\/wp-content\/uploads\/2016\/01\/diamanteHr-300x14.png\" alt=\"diamantehr\" width=\"300\" height=\"14\" srcset=\"https:\/\/arielgaragorri.com\/wp-content\/uploads\/2016\/01\/diamanteHr-300x14.png 300w, https:\/\/arielgaragorri.com\/wp-content\/uploads\/2016\/01\/diamanteHr.png 342w\" sizes=\"(max-width: 300px) 100vw, 300px\" \/><\/a>[\/vc_column_text]<div  class='intense row ' style='padding-top: 10px; padding-bottom: 0; margin-top: 0; margin-bottom: 0; '><div class='intense col-lg-6 col-xs-12 col-sm-12 col-md-6 '><div class='intense scroll-animated start-hidden' data-delay='0' data-scrollpercent='20' data-starthidden='1' data-endhidden='' data-animation='fadeInLeft'>\n<p class=\"Standard\">Der Platin ist ein selten metall, schwer zu finden und zu arbeiten. Er ist auch als \u201cneuer metall\u201d festgelegt, aber er ist viel \u00e4lter als die gemeinsame missverst\u00e4ndnis. Einige fragmente wurden in den meteroriten gefindet, die vor mehreren millionen jahren auf der erde einschlug.<\/p>\n<p class=\"Standard\">Dieses metall bezaubernt seit dem anbeginn der zeit die personen, die ihn traf: Von die alten v\u00f6lker zur die ungleich gesellschaften, und ab dem 18. Jahrhundert begann er immer in gr\u00f6\u00dferem umfang die monarchen zu bezaubern.<\/p>\n<div class=\"pull-left\" style=\"width: 250px; padding: 7px 10px 0px 0px;\"><a href=\"https:\/\/arielgaragorri.com\/wp-content\/uploads\/2023\/09\/Platino-1.jpg\"><img loading=\"lazy\" decoding=\"async\" class=\"alignnone wp-image-3029 size-full\" src=\"https:\/\/arielgaragorri.com\/wp-content\/uploads\/2023\/09\/Platino-1.jpg\" alt=\"\" width=\"300\" height=\"228\" \/><\/a><\/div>\n<p>Diese kurze voraussetzung ist erfolderlich und notwendige: Dieser unsch\u00e4tzbare metall, der mehr als das gold geltet, heute ist er nicht nur im schmuckbereich benutzt, aber in viele bereiche, die grundlegenden f\u00fcr unseres wohlergehen und unsere t\u00e4gliche \u00dcberleben sind.<\/p>\n<p>Nicht alles wissen, dass der platin in vielen industriellen bereichen benutzt ist (elektrischen, chemisher, und luftfahrt), im uhrmacherwarenbereich und f\u00fcr die bau von medizinische ger\u00e4te.<\/p>\n<p class=\"Standard\">Dieses metall ist so weitgehend benutzt, durch seinen einzigen eigenschaften, und er bleibt erhalten gegen der luft, und gegen der meisten chemikalien, und f\u00fcr seine widerstand gegen den hohen temperaturen.<\/p>\n<p>In meinem werkstatt produzieren wir platineinzelheiten, die f\u00fcr den industrielle bereich sind. Einige von den weltber\u00fchmten firmen geben uns in auftrag kleine st\u00fccke f\u00fcr ihre produkte.<\/div><\/div><div class='intense col-lg-6 col-xs-12 col-sm-12 col-md-6 '><div class='intense spacer ' style='height: 30px; '><\/div>[vc_single_image image=&#8220;2367&#8243; img_size=&#8220;medium&#8220; alignment=&#8220;center&#8220;][vc_single_image image=&#8220;2362&#8243; img_size=&#8220;medium&#8220; alignment=&#8220;center&#8220;][vc_single_image image=&#8220;2691&#8243; img_size=&#8220;medium&#8220; alignment=&#8220;center&#8220;]<\/div><\/div><\/div><\/section>\n","protected":false},"excerpt":{"rendered":"78 Ptein Metall, das in der zeit unver\u00e4ndert bleibt.Die verarbeitung des Platin[vc_column_text][\/vc_column_text] Der Platin ist ein selten metall, schwer zu finden und zu arbeiten. Er ist auch als \u201cneuer metall\u201d festgelegt, aber er ist viel \u00e4lter als die gemeinsame missverst\u00e4ndnis. Einige fragmente wurden in den meteroriten gefindet, die vor mehreren millionen jahren auf der erde [...]","protected":false},"author":2,"featured_media":0,"parent":0,"menu_order":0,"comment_status":"closed","ping_status":"closed","template":"","meta":{"footnotes":""},"yoast_head":"<!-- This site is optimized with the Yoast SEO plugin v21.7 - https:\/\/yoast.com\/wordpress\/plugins\/seo\/ -->\n<title>Lavorazione del Patino - Gioielliere Specializzato<\/title>\n<meta name=\"description\" content=\"Nel mio atelier produciamo particolari in platino per il comparto industriale. Alcune delle maggiori aziende di fama mondiale ci commissionano piccole serie\" \/>\n<meta name=\"robots\" content=\"index, follow, max-snippet:-1, max-image-preview:large, max-video-preview:-1\" \/>\n<link rel=\"canonical\" href=\"https:\/\/arielgaragorri.com\/de\/der-platin\/\" \/>\n<meta property=\"og:locale\" content=\"de_DE\" \/>\n<meta property=\"og:type\" content=\"article\" \/>\n<meta property=\"og:title\" content=\"Lavorazione del Patino - Gioielliere Specializzato\" \/>\n<meta property=\"og:description\" content=\"Nel mio atelier produciamo particolari in platino per il comparto industriale. Alcune delle maggiori aziende di fama mondiale ci commissionano piccole serie\" \/>\n<meta property=\"og:url\" content=\"https:\/\/arielgaragorri.com\/de\/der-platin\/\" \/>\n<meta property=\"article:modified_time\" content=\"2026-03-17T16:20:59+00:00\" \/>\n<meta property=\"og:image\" content=\"https:\/\/arielgaragorri.com\/wp-content\/uploads\/2016\/01\/diamanteHr-300x14.png\" \/>\n<meta name=\"twitter:label1\" content=\"Gesch\u00e4tzte Lesezeit\" \/>\n\t<meta name=\"twitter:data1\" content=\"3\u00a0Minuten\" \/>\n<script type=\"application\/ld+json\" class=\"yoast-schema-graph\">{\"@context\":\"https:\/\/schema.org\",\"@graph\":[{\"@type\":\"WebPage\",\"@id\":\"https:\/\/arielgaragorri.com\/de\/der-platin\/\",\"url\":\"https:\/\/arielgaragorri.com\/de\/der-platin\/\",\"name\":\"Lavorazione del Patino - Gioielliere Specializzato\",\"isPartOf\":{\"@id\":\"https:\/\/arielgaragorri.com\/it\/#website\"},\"datePublished\":\"2016-10-04T16:20:09+00:00\",\"dateModified\":\"2026-03-17T16:20:59+00:00\",\"description\":\"Nel mio atelier produciamo particolari in platino per il comparto industriale. Alcune delle maggiori aziende di fama mondiale ci commissionano piccole serie\",\"breadcrumb\":{\"@id\":\"https:\/\/arielgaragorri.com\/de\/der-platin\/#breadcrumb\"},\"inLanguage\":\"de\",\"potentialAction\":[{\"@type\":\"ReadAction\",\"target\":[\"https:\/\/arielgaragorri.com\/de\/der-platin\/\"]}]},{\"@type\":\"BreadcrumbList\",\"@id\":\"https:\/\/arielgaragorri.com\/de\/der-platin\/#breadcrumb\",\"itemListElement\":[{\"@type\":\"ListItem\",\"position\":1,\"name\":\"Home\",\"item\":\"https:\/\/arielgaragorri.com\/de\/\"},{\"@type\":\"ListItem\",\"position\":2,\"name\":\"der Platin\"}]},{\"@type\":\"WebSite\",\"@id\":\"https:\/\/arielgaragorri.com\/it\/#website\",\"url\":\"https:\/\/arielgaragorri.com\/it\/\",\"name\":\"\",\"description\":\"\",\"potentialAction\":[{\"@type\":\"SearchAction\",\"target\":{\"@type\":\"EntryPoint\",\"urlTemplate\":\"https:\/\/arielgaragorri.com\/it\/?s={search_term_string}\"},\"query-input\":\"required name=search_term_string\"}],\"inLanguage\":\"de\"}]}<\/script>\n<!-- \/ Yoast SEO plugin. -->","yoast_head_json":{"title":"Lavorazione del Patino - Gioielliere Specializzato","description":"Nel mio atelier produciamo particolari in platino per il comparto industriale. Alcune delle maggiori aziende di fama mondiale ci commissionano piccole serie","robots":{"index":"index","follow":"follow","max-snippet":"max-snippet:-1","max-image-preview":"max-image-preview:large","max-video-preview":"max-video-preview:-1"},"canonical":"https:\/\/arielgaragorri.com\/de\/der-platin\/","og_locale":"de_DE","og_type":"article","og_title":"Lavorazione del Patino - Gioielliere Specializzato","og_description":"Nel mio atelier produciamo particolari in platino per il comparto industriale. Alcune delle maggiori aziende di fama mondiale ci commissionano piccole serie","og_url":"https:\/\/arielgaragorri.com\/de\/der-platin\/","article_modified_time":"2026-03-17T16:20:59+00:00","og_image":[{"url":"https:\/\/arielgaragorri.com\/wp-content\/uploads\/2016\/01\/diamanteHr-300x14.png"}],"twitter_misc":{"Gesch\u00e4tzte Lesezeit":"3\u00a0Minuten"},"schema":{"@context":"https:\/\/schema.org","@graph":[{"@type":"WebPage","@id":"https:\/\/arielgaragorri.com\/de\/der-platin\/","url":"https:\/\/arielgaragorri.com\/de\/der-platin\/","name":"Lavorazione del Patino - Gioielliere Specializzato","isPartOf":{"@id":"https:\/\/arielgaragorri.com\/it\/#website"},"datePublished":"2016-10-04T16:20:09+00:00","dateModified":"2026-03-17T16:20:59+00:00","description":"Nel mio atelier produciamo particolari in platino per il comparto industriale. Alcune delle maggiori aziende di fama mondiale ci commissionano piccole serie","breadcrumb":{"@id":"https:\/\/arielgaragorri.com\/de\/der-platin\/#breadcrumb"},"inLanguage":"de","potentialAction":[{"@type":"ReadAction","target":["https:\/\/arielgaragorri.com\/de\/der-platin\/"]}]},{"@type":"BreadcrumbList","@id":"https:\/\/arielgaragorri.com\/de\/der-platin\/#breadcrumb","itemListElement":[{"@type":"ListItem","position":1,"name":"Home","item":"https:\/\/arielgaragorri.com\/de\/"},{"@type":"ListItem","position":2,"name":"der Platin"}]},{"@type":"WebSite","@id":"https:\/\/arielgaragorri.com\/it\/#website","url":"https:\/\/arielgaragorri.com\/it\/","name":"","description":"","potentialAction":[{"@type":"SearchAction","target":{"@type":"EntryPoint","urlTemplate":"https:\/\/arielgaragorri.com\/it\/?s={search_term_string}"},"query-input":"required name=search_term_string"}],"inLanguage":"de"}]}},"_links":{"self":[{"href":"https:\/\/arielgaragorri.com\/de\/wp-json\/wp\/v2\/pages\/1506"}],"collection":[{"href":"https:\/\/arielgaragorri.com\/de\/wp-json\/wp\/v2\/pages"}],"about":[{"href":"https:\/\/arielgaragorri.com\/de\/wp-json\/wp\/v2\/types\/page"}],"author":[{"embeddable":true,"href":"https:\/\/arielgaragorri.com\/de\/wp-json\/wp\/v2\/users\/2"}],"replies":[{"embeddable":true,"href":"https:\/\/arielgaragorri.com\/de\/wp-json\/wp\/v2\/comments?post=1506"}],"version-history":[{"count":11,"href":"https:\/\/arielgaragorri.com\/de\/wp-json\/wp\/v2\/pages\/1506\/revisions"}],"predecessor-version":[{"id":3416,"href":"https:\/\/arielgaragorri.com\/de\/wp-json\/wp\/v2\/pages\/1506\/revisions\/3416"}],"wp:attachment":[{"href":"https:\/\/arielgaragorri.com\/de\/wp-json\/wp\/v2\/media?parent=1506"}],"curies":[{"name":"wp","href":"https:\/\/api.w.org\/{rel}","templated":true}]}}