{"id":1502,"date":"2016-01-06T20:18:56","date_gmt":"2016-01-06T20:18:56","guid":{"rendered":"https:\/\/arielgaragorri.com\/de\/il-laboratorio\/"},"modified":"2023-08-03T07:45:21","modified_gmt":"2023-08-03T07:45:21","slug":"die-werkstatt","status":"publish","type":"page","link":"https:\/\/arielgaragorri.com\/de\/die-werkstatt\/","title":{"rendered":"die Werkstatt"},"content":{"rendered":"<div class=\"wpb-content-wrapper\"><section id=\"content-section-1531267449\" class=\"intense content-section  breakout\"2 style=\"  margin-bottom: 0; margin-top: 0; margin-left: 0; margin-right: 0;  background-size: cover; background-position: 50% 50%;  background-image: url(https:\/\/arielgaragorri.com\/wp-content\/uploads\/2016\/01\/Laboratorio2.jpg);  padding-top: 200px; padding-bottom:200px; padding-left: 0; padding-right:0; \"><div class=\"intense container  \"><div data-100-top='opacity: 1' data-top='opacity: 0' class=\"animated-scroll skrollable skrollable-after \"><link href=\"\/\/fonts.googleapis.com\/css?family=Playfair+Display\" rel=\"stylesheet\" type=\"text\/css\"><script>jQuery(window).load(function() { jQuery('#heading-1069686477').fitText(1, { maxFontSize: \"20px\" }); });<\/script><h1 id=\"heading-1069686477\" class=\"intense heading\" style=\" color: #ffffff; font-size: 20px; line-height: initial; text-align: center; font-weight: 400; margin-top: 0px; margin-bottom: 0px; font-family: Playfair Display; text-transform: none; -webkit-font-smoothing: antialiased;\"><\/h1><script>jQuery(window).load(function() { jQuery('#heading-1228414775').fitText(1, { maxFontSize: \"70px\" }); });<\/script><h1 id=\"heading-1228414775\" class=\"intense heading\" style=\" color: #ffffff; font-size: 70px; line-height: initial; text-align: center; font-weight: 500; margin-top: 0px; margin-bottom: 0px; font-family: Playfair Display; text-transform: uppercase; -webkit-font-smoothing: antialiased;\">NICHT NUR LEIDENSCHAFT<\/h1><script>jQuery(window).load(function() { jQuery('#heading-1886436066').fitText(1, { maxFontSize: \"20px\" }); });<\/script><h1 id=\"heading-1886436066\" class=\"intense heading\" style=\" color: #ffffff; font-size: 20px; line-height: initial; text-align: center; font-weight: 400; margin-top: 0px; margin-bottom: 0px; font-family: Playfair Display; text-transform: none; -webkit-font-smoothing: antialiased;\">f\u00fcr ein winwandfrei ergebniss<\/h1><\/div><\/div><div class=\"overlay-background\" style=\"background-color: rgba(0,0,0,0.4);\"><\/div><\/section>[vc_row][vc_column]<div class='intense spacer ' style='height: 50px; '><\/div><script>jQuery(window).load(function() { jQuery('#heading-1499740489').fitText(1, { maxFontSize: \"40px\" }); });<\/script><h1 id=\"heading-1499740489\" class=\"intense heading\" style=\" font-size: 40px; line-height: initial; text-align: center; text-transform: none; -webkit-font-smoothing: antialiased;\">Eine Philosophie aus <strong>Erfahrung <\/strong><\/h1>[vc_column_text]<a href=\"https:\/\/arielgaragorri.com\/?attachment_id=885#main\" rel=\"attachment wp-att-329\"><img loading=\"lazy\" decoding=\"async\" class=\"size-medium wp-image-329 aligncenter\" src=\"https:\/\/arielgaragorri.com\/wp-content\/uploads\/2016\/01\/diamanteHr-300x14.png\" alt=\"diamantehr\" width=\"300\" height=\"14\" srcset=\"https:\/\/arielgaragorri.com\/wp-content\/uploads\/2016\/01\/diamanteHr-300x14.png 300w, https:\/\/arielgaragorri.com\/wp-content\/uploads\/2016\/01\/diamanteHr.png 342w\" sizes=\"(max-width: 300px) 100vw, 300px\" \/><\/a>[\/vc_column_text]<div class='intense spacer ' style='height: 50px; '><\/div>[\/vc_column][\/vc_row][vc_row][vc_column][vc_raw_html]JTNDdmlkZW8lMjBhdXRvcGxheSUzRCUyMiUyMiUyMG11dGVkJTNEJTIyJTIyJTIwd2lkdGglM0QlMjIxMDAlMjUlMjIlMjBjb250cm9scyUzRCUyMiUyMiUzRSUwQSUyMCUyMCUzQ3NvdXJjZSUyMHNyYyUzRCUyMmh0dHBzJTNBJTJGJTJGYXJpZWxnYXJhZ29ycmkuY29tJTJGbGFib3JhdG9yaW8ubXA0JTIyJTIwdHlwZSUzRCUyMnZpZGVvJTJGbXA0JTIyJTNFJTBBJTNDJTJGdmlkZW8lM0U=[\/vc_raw_html][\/vc_column][\/vc_row][vc_row][vc_column css=&#8220;.vc_custom_1476378405724{padding-top: 40px !important;}&#8220;]<div  class='intense row ' style='padding-top: 10px; padding-bottom: 0; margin-top: 0; margin-bottom: 0; '><div class='intense col-lg-12 col-xs-12 col-sm-12 col-md-12 '><div class='intense spacer ' style='height: 50px; '><\/div><script>jQuery(window).load(function() { jQuery('#heading-1629218168').fitText(1, { maxFontSize: \"40px\" }); });<\/script><h1 id=\"heading-1629218168\" class=\"intense heading\" style=\" color: #bbbbbb; font-size: 40px; line-height: initial; text-align: center; font-weight: 500; margin-top: 0px; margin-bottom: 15px; font-family: Playfair Display; text-transform: none; -webkit-font-smoothing: antialiased;\">Die <strong>herstellung <\/strong><\/h1><div class='intense spacer ' style='height: 50px; '><\/div><div class='intense scroll-animated start-hidden' data-delay='0' data-scrollpercent='40' data-starthidden='1' data-endhidden='' data-animation='fadeInUp'>\n<p style=\"text-align: center;\">Meine werkstatt besteht aus treun anh\u00e4ngern, jeder mit seinen klar definierten aufgaben, damit wir unterschiedlich fortschritte erhalten k\u00f6nnen, die unbedingt geplanten sind, obwohl wir keine gr\u00f6\u00dfe herstellen serienfertigungen k\u00f6nnen, aber nur limitieren auflagen. Wir sind keine gro\u00dfen organen, wir sind nur eine kleine betriebsr\u00e4umlichkeite.<\/p>\n<p style=\"text-align: center;\">Wir m\u00f6gen in einer ruhig, alten atmosph\u00e4re arbeiten, aber wir fergessen nie, dass wir rennen mussen, um auf dem neuesten stand zu stehen.<\/p>\n<p style=\"text-align: center;\">Ich habe alle meine existenz auf die genauigkeit der geb\u00e4udedekorationenen gegr\u00fcndet, und daher kann ich keinen kompromiss akzeptieren. Er mich kennt, wei\u00df dieses genau!<\/p>\n<\/div><\/div><\/div><div class='intense spacer ' style='height: 50px; '><\/div>[\/vc_column][\/vc_row][vc_row][vc_column width=&#8220;1\/4&#8243;][vc_single_image image=&#8220;2191&#8243; img_size=&#8220;medium&#8220; alignment=&#8220;center&#8220;][\/vc_column][vc_column width=&#8220;1\/4&#8243;][vc_single_image image=&#8220;2206&#8243; img_size=&#8220;medium&#8220; alignment=&#8220;center&#8220;][\/vc_column][vc_column width=&#8220;1\/4&#8243;][vc_single_image image=&#8220;2691&#8243; img_size=&#8220;medium&#8220; alignment=&#8220;center&#8220;][\/vc_column][vc_column width=&#8220;1\/4&#8243;][vc_single_image image=&#8220;2196&#8243; img_size=&#8220;medium&#8220; alignment=&#8220;center&#8220;][\/vc_column][\/vc_row]\n<\/div>","protected":false},"excerpt":{"rendered":"<p>[vc_row][vc_column][vc_column_text][\/vc_column_text][\/vc_column][\/vc_row][vc_row][vc_column][vc_raw_html]JTNDdmlkZW8lMjBhdXRvcGxheSUzRCUyMiUyMiUyMG11dGVkJTNEJTIyJTIyJTIwd2lkdGglM0QlMjIxMDAlMjUlMjIlMjBjb250cm9scyUzRCUyMiUyMiUzRSUwQSUyMCUyMCUzQ3NvdXJjZSUyMHNyYyUzRCUyMmh0dHBzJTNBJTJGJTJGYXJpZWxnYXJhZ29ycmkuY29tJTJGbGFib3JhdG9yaW8ubXA0JTIyJTIwdHlwZSUzRCUyMnZpZGVvJTJGbXA0JTIyJTNFJTBBJTNDJTJGdmlkZW8lM0U=[\/vc_raw_html][\/vc_column][\/vc_row][vc_row][vc_column css=&#8220;.vc_custom_1476378405724{padding-top: 40px !important;}&#8220;][\/vc_column][\/vc_row][vc_row][vc_column width=&#8220;1\/4&#8243;][vc_single_image image=&#8220;2191&#8243; img_size=&#8220;medium&#8220; alignment=&#8220;center&#8220;][\/vc_column][vc_column width=&#8220;1\/4&#8243;][vc_single_image image=&#8220;2206&#8243; img_size=&#8220;medium&#8220; alignment=&#8220;center&#8220;][\/vc_column][vc_column width=&#8220;1\/4&#8243;][vc_single_image image=&#8220;2691&#8243; img_size=&#8220;medium&#8220; alignment=&#8220;center&#8220;][\/vc_column][vc_column width=&#8220;1\/4&#8243;][vc_single_image image=&#8220;2196&#8243; img_size=&#8220;medium&#8220; alignment=&#8220;center&#8220;][\/vc_column][\/vc_row]<\/p>\n","protected":false},"author":2,"featured_media":0,"parent":0,"menu_order":0,"comment_status":"closed","ping_status":"closed","template":"","meta":{"footnotes":""},"yoast_head":"<!-- This site is optimized with the Yoast SEO plugin v21.7 - https:\/\/yoast.com\/wordpress\/plugins\/seo\/ -->\n<title>Laboratorio di alta gioilleria artigiana | Lavorazione metalli e pietre preziose<\/title>\n<meta name=\"description\" content=\"Il laboratorio \u00e8 organizzato ognuno compiti ben definiti affich\u00e9 si possano ottenere gradi d\u2019avanzamento necessariamente programmati.\" \/>\n<meta name=\"robots\" content=\"index, follow, max-snippet:-1, max-image-preview:large, max-video-preview:-1\" \/>\n<link rel=\"canonical\" href=\"https:\/\/arielgaragorri.com\/it\/il-laboratorio\/\" \/>\n<meta property=\"og:locale\" content=\"de_DE\" \/>\n<meta property=\"og:type\" content=\"article\" \/>\n<meta property=\"og:title\" content=\"Laboratorio di alta gioilleria artigiana | Lavorazione metalli e pietre preziose\" \/>\n<meta property=\"og:description\" content=\"Il laboratorio \u00e8 organizzato ognuno compiti ben definiti affich\u00e9 si possano ottenere gradi d\u2019avanzamento necessariamente programmati.\" \/>\n<meta property=\"og:url\" content=\"https:\/\/arielgaragorri.com\/it\/il-laboratorio\/\" \/>\n<meta property=\"article:modified_time\" content=\"2023-08-03T07:45:21+00:00\" \/>\n<meta property=\"og:image\" content=\"https:\/\/arielgaragorri.com\/wp-content\/uploads\/2016\/01\/diamanteHr-300x14.png\" \/>\n<meta name=\"twitter:label1\" content=\"Gesch\u00e4tzte Lesezeit\" \/>\n\t<meta name=\"twitter:data1\" content=\"2\u00a0Minuten\" \/>\n<script type=\"application\/ld+json\" class=\"yoast-schema-graph\">{\"@context\":\"https:\/\/schema.org\",\"@graph\":[{\"@type\":\"WebPage\",\"@id\":\"https:\/\/arielgaragorri.com\/it\/il-laboratorio\/\",\"url\":\"https:\/\/arielgaragorri.com\/it\/il-laboratorio\/\",\"name\":\"Laboratorio di alta gioilleria artigiana | Lavorazione metalli e pietre preziose\",\"isPartOf\":{\"@id\":\"https:\/\/arielgaragorri.com\/it\/#website\"},\"datePublished\":\"2016-01-06T20:18:56+00:00\",\"dateModified\":\"2023-08-03T07:45:21+00:00\",\"description\":\"Il laboratorio \u00e8 organizzato ognuno compiti ben definiti affich\u00e9 si possano ottenere gradi d\u2019avanzamento necessariamente programmati.\",\"breadcrumb\":{\"@id\":\"https:\/\/arielgaragorri.com\/it\/il-laboratorio\/#breadcrumb\"},\"inLanguage\":\"de\",\"potentialAction\":[{\"@type\":\"ReadAction\",\"target\":[\"https:\/\/arielgaragorri.com\/it\/il-laboratorio\/\"]}]},{\"@type\":\"BreadcrumbList\",\"@id\":\"https:\/\/arielgaragorri.com\/it\/il-laboratorio\/#breadcrumb\",\"itemListElement\":[{\"@type\":\"ListItem\",\"position\":1,\"name\":\"Home\",\"item\":\"https:\/\/arielgaragorri.com\/de\/\"},{\"@type\":\"ListItem\",\"position\":2,\"name\":\"die Werkstatt\"}]},{\"@type\":\"WebSite\",\"@id\":\"https:\/\/arielgaragorri.com\/it\/#website\",\"url\":\"https:\/\/arielgaragorri.com\/it\/\",\"name\":\"\",\"description\":\"\",\"potentialAction\":[{\"@type\":\"SearchAction\",\"target\":{\"@type\":\"EntryPoint\",\"urlTemplate\":\"https:\/\/arielgaragorri.com\/it\/?s={search_term_string}\"},\"query-input\":\"required name=search_term_string\"}],\"inLanguage\":\"de\"}]}<\/script>\n<!-- \/ Yoast SEO plugin. -->","yoast_head_json":{"title":"Laboratorio di alta gioilleria artigiana | Lavorazione metalli e pietre preziose","description":"Il laboratorio \u00e8 organizzato ognuno compiti ben definiti affich\u00e9 si possano ottenere gradi d\u2019avanzamento necessariamente programmati.","robots":{"index":"index","follow":"follow","max-snippet":"max-snippet:-1","max-image-preview":"max-image-preview:large","max-video-preview":"max-video-preview:-1"},"canonical":"https:\/\/arielgaragorri.com\/it\/il-laboratorio\/","og_locale":"de_DE","og_type":"article","og_title":"Laboratorio di alta gioilleria artigiana | Lavorazione metalli e pietre preziose","og_description":"Il laboratorio \u00e8 organizzato ognuno compiti ben definiti affich\u00e9 si possano ottenere gradi d\u2019avanzamento necessariamente programmati.","og_url":"https:\/\/arielgaragorri.com\/it\/il-laboratorio\/","article_modified_time":"2023-08-03T07:45:21+00:00","og_image":[{"url":"https:\/\/arielgaragorri.com\/wp-content\/uploads\/2016\/01\/diamanteHr-300x14.png"}],"twitter_misc":{"Gesch\u00e4tzte Lesezeit":"2\u00a0Minuten"},"schema":{"@context":"https:\/\/schema.org","@graph":[{"@type":"WebPage","@id":"https:\/\/arielgaragorri.com\/it\/il-laboratorio\/","url":"https:\/\/arielgaragorri.com\/it\/il-laboratorio\/","name":"Laboratorio di alta gioilleria artigiana | Lavorazione metalli e pietre preziose","isPartOf":{"@id":"https:\/\/arielgaragorri.com\/it\/#website"},"datePublished":"2016-01-06T20:18:56+00:00","dateModified":"2023-08-03T07:45:21+00:00","description":"Il laboratorio \u00e8 organizzato ognuno compiti ben definiti affich\u00e9 si possano ottenere gradi d\u2019avanzamento necessariamente programmati.","breadcrumb":{"@id":"https:\/\/arielgaragorri.com\/it\/il-laboratorio\/#breadcrumb"},"inLanguage":"de","potentialAction":[{"@type":"ReadAction","target":["https:\/\/arielgaragorri.com\/it\/il-laboratorio\/"]}]},{"@type":"BreadcrumbList","@id":"https:\/\/arielgaragorri.com\/it\/il-laboratorio\/#breadcrumb","itemListElement":[{"@type":"ListItem","position":1,"name":"Home","item":"https:\/\/arielgaragorri.com\/de\/"},{"@type":"ListItem","position":2,"name":"die Werkstatt"}]},{"@type":"WebSite","@id":"https:\/\/arielgaragorri.com\/it\/#website","url":"https:\/\/arielgaragorri.com\/it\/","name":"","description":"","potentialAction":[{"@type":"SearchAction","target":{"@type":"EntryPoint","urlTemplate":"https:\/\/arielgaragorri.com\/it\/?s={search_term_string}"},"query-input":"required name=search_term_string"}],"inLanguage":"de"}]}},"_links":{"self":[{"href":"https:\/\/arielgaragorri.com\/de\/wp-json\/wp\/v2\/pages\/1502"}],"collection":[{"href":"https:\/\/arielgaragorri.com\/de\/wp-json\/wp\/v2\/pages"}],"about":[{"href":"https:\/\/arielgaragorri.com\/de\/wp-json\/wp\/v2\/types\/page"}],"author":[{"embeddable":true,"href":"https:\/\/arielgaragorri.com\/de\/wp-json\/wp\/v2\/users\/2"}],"replies":[{"embeddable":true,"href":"https:\/\/arielgaragorri.com\/de\/wp-json\/wp\/v2\/comments?post=1502"}],"version-history":[{"count":15,"href":"https:\/\/arielgaragorri.com\/de\/wp-json\/wp\/v2\/pages\/1502\/revisions"}],"predecessor-version":[{"id":2697,"href":"https:\/\/arielgaragorri.com\/de\/wp-json\/wp\/v2\/pages\/1502\/revisions\/2697"}],"wp:attachment":[{"href":"https:\/\/arielgaragorri.com\/de\/wp-json\/wp\/v2\/media?parent=1502"}],"curies":[{"name":"wp","href":"https:\/\/api.w.org\/{rel}","templated":true}]}}