{"id":1499,"date":"2016-01-06T19:04:07","date_gmt":"2016-01-06T19:04:07","guid":{"rendered":"https:\/\/arielgaragorri.com\/de\/home\/"},"modified":"2024-08-08T14:10:03","modified_gmt":"2024-08-08T14:10:03","slug":"home","status":"publish","type":"page","link":"https:\/\/arielgaragorri.com\/de\/","title":{"rendered":"Home"},"content":{"rendered":"<section id=\"content-section-561596441\" class=\"intense content-section  breakout\"2 style=\" background-color: #1f1f1f; margin-bottom: 0px; margin-top: 0px; margin-left: 0px; margin-right: 0px;  padding-top: 0px; padding-bottom:0px; padding-left: 0px; padding-right:0px; \">\t\t\t<script src=\"\/\/arielgaragorri.com\/wp-content\/plugins\/revslider\/public\/assets\/js\/rbtools.min.js?rev=6.6.16\"><\/script>\n\t\t\t<script src=\"\/\/arielgaragorri.com\/wp-content\/plugins\/revslider\/public\/assets\/js\/rs6.min.js?rev=6.6.16\"><\/script>\n\n\t\t\t<!-- START Slider 1 REVOLUTION SLIDER 6.6.16 --><p class=\"rs-p-wp-fix\"><\/p>\n\t\t\t<rs-module-wrap id=\"rev_slider_1_1_wrapper\" data-source=\"gallery\" style=\"visibility:hidden;background:transparent;padding:0;margin:0px auto;margin-top:0;margin-bottom:0;\">\n\t\t\t\t<rs-module id=\"rev_slider_1_1\" style=\"\" data-version=\"6.6.16\">\n\t\t\t\t\t<rs-slides style=\"overflow: hidden; position: absolute;\">\n\t\t\t\t\t\t<rs-slide style=\"position: absolute;\" data-key=\"rs-1\" data-title=\"Slide\" data-in=\"o:0;\" data-out=\"a:false;\">\n\t\t\t\t\t\t\t<img decoding=\"async\" src=\"\/\/arielgaragorri.com\/wp-content\/plugins\/revslider\/public\/assets\/assets\/dummy.png\" alt=\"\" title=\"bannerFiore_1.jpeg\" width=\"2000\" height=\"954\" class=\"rev-slidebg tp-rs-img rs-lazyload\" data-lazyload=\"\/\/arielgaragorri.com\/wp-content\/uploads\/revslider\/video-media\/bannerFiore_1.jpeg\" data-no-retina>\n\t\t\t\t\t\t\t<rs-bgvideo \n\t\t\t\t\t\t\t\tdata-video=\"w:100%;h:100%;nse:false;l:true;ptimer:false;vfc:true;\"\n\t\t\t\t\t\t\t\tdata-mp4=\"\/\/arielgaragorri.com\/wp-content\/uploads\/2023\/07\/bannerFiore.mp4\"\n\t\t\t\t\t\t\t><\/rs-bgvideo>\n<!---->\t\t\t\t\t\t<\/rs-slide>\n\t\t\t\t\t<\/rs-slides>\n\t\t\t\t<\/rs-module>\n\t\t\t\t<script>\n\t\t\t\t\tsetREVStartSize({c: 'rev_slider_1_1',rl:[1240,1024,778,480],el:[900],gw:[1240],gh:[900],type:'standard',justify:'',layout:'fullwidth',mh:\"0\"});if (window.RS_MODULES!==undefined && window.RS_MODULES.modules!==undefined && window.RS_MODULES.modules[\"revslider11\"]!==undefined) {window.RS_MODULES.modules[\"revslider11\"].once = false;window.revapi1 = undefined;if (window.RS_MODULES.checkMinimal!==undefined) window.RS_MODULES.checkMinimal()}\n\t\t\t\t<\/script>\n\t\t\t<\/rs-module-wrap>\n\t\t\t<!-- END REVOLUTION SLIDER -->\n\n\t\t\t<!-- START Slider 2 REVOLUTION SLIDER 6.6.16 --><p class=\"rs-p-wp-fix\"><\/p>\n\t\t\t<rs-module-wrap id=\"rev_slider_2_2_wrapper\" data-source=\"gallery\" style=\"visibility:hidden;background:transparent;padding:0;margin:0px auto;margin-top:0;margin-bottom:0;\">\n\t\t\t\t<rs-module id=\"rev_slider_2_2\" style=\"\" data-version=\"6.6.16\">\n\t\t\t\t\t<rs-slides style=\"overflow: hidden; position: absolute;\">\n\t\t\t\t\t\t<rs-slide style=\"position: absolute;\" data-key=\"rs-2\" data-title=\"Slide\" data-in=\"o:0;\" data-out=\"a:false;\">\n\t\t\t\t\t\t\t<img decoding=\"async\" src=\"\/\/arielgaragorri.com\/wp-content\/plugins\/revslider\/public\/assets\/assets\/dummy.png\" alt=\"\" title=\"anello-fiore-verticale-senza-titoli-Large-540p_2.jpeg\" width=\"540\" height=\"960\" class=\"rev-slidebg tp-rs-img rs-lazyload\" data-lazyload=\"\/\/arielgaragorri.com\/wp-content\/uploads\/revslider\/video-media\/anello-fiore-verticale-senza-titoli-Large-540p_2.jpeg\" data-no-retina>\n\t\t\t\t\t\t\t<rs-bgvideo \n\t\t\t\t\t\t\t\tdata-video=\"w:100%;h:100%;nse:false;l:true;ptimer:false;vfc:false;\"\n\t\t\t\t\t\t\t\tdata-mp4=\"\/\/arielgaragorri.com\/wp-content\/uploads\/2023\/07\/bannerFiore.mp4\"\n\t\t\t\t\t\t\t><\/rs-bgvideo>\n<!---->\t\t\t\t\t\t<\/rs-slide>\n\t\t\t\t\t<\/rs-slides>\n\t\t\t\t<\/rs-module>\n\t\t\t\t<script>\n\t\t\t\t\tsetREVStartSize({c: 'rev_slider_2_2',rl:[1240,1240,1240,480],el:[900,900,900,1243],gw:[1240,1240,1240,700],gh:[900,900,900,1243],type:'standard',justify:'',layout:'fullwidth',mh:\"0\"});if (window.RS_MODULES!==undefined && window.RS_MODULES.modules!==undefined && window.RS_MODULES.modules[\"revslider22\"]!==undefined) {window.RS_MODULES.modules[\"revslider22\"].once = false;window.revapi2 = undefined;if (window.RS_MODULES.checkMinimal!==undefined) window.RS_MODULES.checkMinimal()}\n\t\t\t\t<\/script>\n\t\t\t<\/rs-module-wrap>\n\t\t\t<!-- END REVOLUTION SLIDER -->\n<\/section><section id=\"content-section-1889709687\" class=\"intense content-section  breakout\"2 style=\" background-color: #1f1f1f; margin-bottom: 0; margin-top: 0; margin-left: 0; margin-right: 0;  padding-top: 50px; padding-bottom:30px; padding-left: 0; padding-right:0; \"><div class=\"intense container  \"><div class='intense spacer ' style='height: 50px; '><\/div><link href=\"\/\/fonts.googleapis.com\/css?family=Playfair+Display\" rel=\"stylesheet\" type=\"text\/css\"><script>jQuery(window).load(function() { jQuery('#heading-710465451').fitText(1, { maxFontSize: \"40px\" }); });<\/script><h1 id=\"heading-710465451\" class=\"intense heading\" style=\" color: #bbbbbb; font-size: 40px; line-height: initial; text-align: center; font-weight: 500; margin-top: 0px; margin-bottom: 15px; font-family: Playfair Display; text-transform: none; -webkit-font-smoothing: antialiased;\">Wilkommen in meiner <strong>Welt <\/strong><\/h1>[vc_column_text]<a href=\"https:\/\/arielgaragorri.com\/?attachment_id=885#main\" rel=\"attachment wp-att-329\"><img loading=\"lazy\" decoding=\"async\" class=\"size-medium wp-image-885 aligncenter\" src=\"https:\/\/arielgaragorri.com\/wp-content\/uploads\/2016\/01\/diamanteHr-300x14.png\" alt=\"diamantehr\" width=\"300\" height=\"14\" srcset=\"https:\/\/arielgaragorri.com\/wp-content\/uploads\/2016\/01\/diamanteHr-300x14.png 300w, https:\/\/arielgaragorri.com\/wp-content\/uploads\/2016\/01\/diamanteHr.png 342w\" sizes=\"(max-width: 300px) 100vw, 300px\" \/><\/a>[\/vc_column_text]<div  class='intense row ' style='padding-top: 10px; padding-bottom: 0; margin-top: 0; margin-bottom: 0; '><div class='intense col-lg-6 col-xs-12 col-sm-12 col-md-6 '><div class='intense scroll-animated start-hidden' data-delay='0' data-scrollpercent='40' data-starthidden='1' data-endhidden='' data-animation='fadeInLeft'>Eine magische und befriedigend welt, die mit harten arbeit, gutachten und aufmerksamkeit erhaltet ist. Eine person k\u00f6nntet denken, dass irgendjemand hochrangigen schmuck produzieren kann. Aber diese ist nicht richtig: Die hochrangigen schmuckproduktion ist nicht eine arbeit, aber eine kunst, die von vater zu sohn, in der zeit, weitergef\u00fchrt ist, und die \u00fcber die jahre reift, wie der guter wien. Jede schwierigkeit, jedes hindernis oder unerwartete m\u00fcssen \u00fcberschritten werden, damit das ergebnis wunderbar wird.<\/p>\n<p>Die vollkommenheit existiert nicht, ich versuche immer sie, damit das ergebnis einwandfrei ist. Der unterschied ist wirklich diese, ein selbstweckartefakt, kein anderer gegenstand ist identisch, ein einzigartiges st\u00fcck, der stolz vorleget sein kann: jeder eigent\u00fcmer wird bewusst sein, dass der sch\u00f6pfer dieses artefakt nur f\u00fcr eine besondere person produziert hat.<\/div><\/div><div class='intense col-lg-6 col-xs-12 col-sm-12 col-md-6 '><div class='intense scroll-animated start-hidden' data-delay='0' data-scrollpercent='40' data-starthidden='1' data-endhidden='' data-animation='fadeInRight'>Eine magische welt, die auf viele projekte beruhrt: Projekte, die manchmal einfachen sind und schon mal komplexe sind; Projekte, die das ergebnis einer mehrmonatigen und harten arbeit sind. Ich habe viele tage in der schaffensperiode verbringt, die ich magische nenne, weil ich m\u00f6chte, dass sie nicht zu ende gegangen w\u00e4re. Heute noch wundere ich mich, dass etwas so einzigartig und w\u00fcnschenswert entstehen kann, das ergebnis eines einfaches metal oder einer grobe stein ist. Und schliesslich ist alles logisch, eine liegende erkl\u00e4rung, die nicht eindeutiger als eine einzige antwort sein k\u00f6nntet.<\/p>\n<p>Eine erinnerung, eine wiederholung oder ein lebenpfand muss nicht etwas langweilig und einheitlich sein: Der sch\u00f6pfer muss die kundenstimmung verstehen, damit die ergebnisse das fenster zur seele von dem tr\u00e4ger sein muss.<\/div><\/div><\/div><div class='intense spacer ' style='height: 50px; '><\/div><\/div><\/section><div  class='intense row nogutter ' style='padding-top: 0; padding-bottom: 0; margin-top: 0; margin-bottom: 0; '><div class='intense col-lg-4 col-xs-12 col-sm-12 col-md-4 nogutter '><section id=\"content-section-203463753\" class=\"intense content-section \"2 style=\"height:300px;   margin-bottom: 0; margin-top: 0; margin-left: 0; margin-right: 0;  background-size: cover; background-position: ;  background-image: url(https:\/\/arielgaragorri.com\/wp-content\/uploads\/2023\/08\/pagodaAriel-640x427.jpg);  padding-top: 0; padding-bottom:0; padding-left: 0; padding-right:0; \"><div class=\"intense container  \"><\/div><\/section><\/div><div class='intense col-lg-4 col-xs-12 col-sm-12 col-md-4 nogutter '><section id=\"content-section-1612301754\" class=\"intense content-section \"2 style=\"height:300px;   margin-bottom: 0; margin-top: 0; margin-left: 0; margin-right: 0;  background-size: cover; background-position: 50% 50%;  background-image: url(https:\/\/arielgaragorri.com\/wp-content\/uploads\/2016\/01\/Slide2-1-640x427.jpg);  padding-top: 0; padding-bottom:0; padding-left: 0; padding-right:0; \"><div class=\"intense container  \"><\/div><\/section><\/div><div class='intense col-lg-4 col-xs-12 col-sm-12 col-md-4 nogutter '><section id=\"content-section-2092456655\" class=\"intense content-section \"2 style=\"height:300px;   margin-bottom: 0; margin-top: 0; margin-left: 0; margin-right: 0;  background-size: cover; background-position: 50% 50%;  background-image: url(https:\/\/arielgaragorri.com\/wp-content\/uploads\/2023\/07\/Banner3gioiellohome-640x427.jpg);  padding-top: 0; padding-bottom:0; padding-left: 0; padding-right:0; \"><div class=\"intense container  \"><\/div><\/section><\/div><\/div><section id=\"content-section-438023554\" class=\"intense content-section  breakout\"2 style=\" background-color: #1f1f1f; margin-bottom: 0; margin-top: 0; margin-left: 0; margin-right: 0;  padding-top: 60px; padding-bottom:60px; padding-left: 60px; padding-right:60px; \"><div  class='intense row ' style='padding-top: 0px; padding-bottom: 0; margin-top: 0; margin-bottom: 0; '><div class='intense col-lg-4 col-xs-12 col-sm-12 col-md-4 '><div class='intense scroll-animated start-hidden' data-delay='0' data-scrollpercent='40' data-starthidden='1' data-endhidden='' data-animation='fadeInLeft'><h2 id=\"heading-1265694513\" class=\"intense heading\" style=\" text-align: left; text-transform: none; -webkit-font-smoothing: antialiased;\">\n<p>Internationale <strong>ansehen<\/strong><\/p>\n<\/h2>\n<p>Im jahr 2014, war ich mit dem \u201cHonorable Mention Award Winner\u201d Preis verleiht, den ich f\u00fcr das verbesserter juwel-design \u201cPagoda\u201d bekam. Der preis was eine anerkennung von dem schmuck- und uhrmacherwaren- weltweitsalon, <em>Baselword.<\/em><\/div><\/div><div class='intense col-lg-4 col-xs-12 col-sm-12 col-md-4 '><div class='intense scroll-animated start-hidden' data-delay='0' data-scrollpercent='40' data-starthidden='1' data-endhidden='' data-animation='fadeInRight'><h2 id=\"heading-581340376\" class=\"intense heading\" style=\" text-align: left; text-transform: none; -webkit-font-smoothing: antialiased;\">\n<p>Treffen, die die <strong>leidenschaft<\/strong> ern\u00e4hren<\/p>\n<\/h2>\n<p>W\u00e4hrend meine karriere, hatte ich die gelegenheit, um f\u00fcr weltweit angesehensten unternehmen und k\u00fcnstler, und ich hatte die m\u00f6glichkeit, um meine kreativit\u00e4t am besten zum ausdruck zu bringen. Diese treffen haben sich in ehrliche freundschaften verwandelt, die ich in tiefer zuneigung pflege.<\/div><\/div><div class='intense col-lg-4 col-xs-12 col-sm-12 col-md-4 '><div class='intense scroll-animated start-hidden' data-delay='300' data-scrollpercent='40' data-starthidden='1' data-endhidden='' data-animation='fadeInUp'><h2 id=\"heading-1670668804\" class=\"intense heading\" style=\" text-align: left; text-transform: none; -webkit-font-smoothing: antialiased;\">\n<p>Erstaunen und <strong>einzigartigkeit<\/strong><\/p>\n<\/h2>\n<p>Nicht nur schmuck zu trage, der glamour hat kein grenzwert. Jede gelegenheit ist w\u00fcrdig, um etwas neue und einzige meine werke: Manchmal kann dieses witzig sein, manchmal besondere, um die neugier von vielen personen zu auffordern.<\/p>\n<p>Die Innovation ist ebenfalls diese.<\/div><\/div><\/div><\/section><div id='testimonies'  class='intense row nogutter ' style='padding-top: 0; padding-bottom: 0; margin-top: 0; margin-bottom: 0; '><div class='intense col-lg-6 col-xs-12 col-sm-12 col-md-6 nogutter '><section id=\"content-section-1274634728\" class=\"intense content-section \"2 style=\"height:400px;   margin-bottom: 0; margin-top: 0; margin-left: 0; margin-right: 0;  background-size: cover; background-position: 50% 50%;  background-image: url(https:\/\/arielgaragorri.com\/wp-content\/uploads\/2022\/03\/Ariel-2-1600x1067.jpg);  padding-top: 25px; padding-bottom:25px; padding-left: 0; padding-right:0; \"><div class=\"intense container  \"><\/div><\/section><\/div><div class='intense col-lg-6 col-xs-12 col-sm-12 col-md-6 nogutter '><section id=\"content-section-843049427\" class=\"intense content-section \"2 style=\"height:400px;  background-color: #a4926c; margin-bottom: 0; margin-top: 0; margin-left: 0; margin-right: 0;  padding-top: 25px; padding-bottom:25px; padding-left: 0; padding-right:0; \"><div class=\"intense container  \"><div class='intense alert alert-block' style='color: #fff; background: rgba(255,255,255,0); ; margin-bottom: 10px;  padding-left: 50px;  padding-right: 50px; '>[vc_raw_html css=&#8220;.vc_custom_1646846142585{margin-top: 50px !important;}&#8220;]JTNDaDIlMjBjbGFzcyUzRCUyMmludGVuc2UlMjBoZWFkaW5nJTIyJTIwc3R5bGUlM0QlMjJjb2xvciUzQSUyMCUyMzFmMWYxZiUzQiUyMHRleHQtYWxpZ24lM0ElMjBsZWZ0JTNCJTIwdGV4dC10cmFuc2Zvcm0lM0ElMjBub25lJTNCJTIwLXdlYmtpdC1mb250LXNtb290aGluZyUzQSUyMGFudGlhbGlhc2VkJTNCJTIyJTNFQXJpZWwlMjAlM0NzdHJvbmclM0VHYXJhZ29ycmklM0MlMkZzdHJvbmclM0UlM0MlMkZoMiUzRSUwQSUzQ2RpdiUyMGNsYXNzJTNEJTIydGV4dC1jb250ZW50JTIyJTNFJTBBJTNDcCUyMHN0eWxlJTNEJTIyY29sb3IlM0ElMjAlMjMxZjFmMWYlM0IlMjIlM0UlM0NzcGFuJTIwc3R5bGUlM0QlMjJmb250LXNpemUlM0EzMHB4JTNCJTIyJTNFJUUyJTlEJTlEJTNDJTJGc3BhbiUzRSUyMFdpZSUyMGVpbiUyMHNjaG5laWRlciUyMGVpbmVuJTIwd3VuZGVyYmFyJTIwYW56dWclMjBuJUMzJUE0aHQlMkMlMjB1bSUyMGRpZSUyMGdlc2NobWVpZGlnZSUyMGt1cnZlbiUyMHZvbiUyMHNlaW5lciUyMG11c2UlMjB6dSUyMGVyZiVDMyVCQ2xsZW4lMkMlMjBtJUMzJUJDc3MlMjBkZXIlMjBqdXdlbGllciUyMGluJTIwZGVyJTIwbGFnZSUyMHNlaW4lMkMlMjB1bSUyMGVpbiUyMHd1bmRlcmJhciUyMGFydGVmYWt0JTIwenUlMjBwcm9kdXppZXJlbiUyQyUyMHVuZCUyMGVyJTIwbSVDMyVCQ3NzJTIwZGllJTIwZ2VmJUMzJUJDaGxlJTIwZGVzJTIwbWVuc2NoZW4lMjBpbnRlcnByZXRpZXJlbi4lMjBEaWVzZSUyMHdpcmQlMjBpbiUyMGVpbmUlMjBrdW5zdHdlcmslMjB2ZXJ3YW5kZWxuJTJDJTIwZGllJTIwZiVDMyVCQ3IlMjBpbW1lciUyMHdpZGVyc3RlaGVuJTIwd2lyZC4lM0NzcGFuJTIwc3R5bGUlM0QlMjJmb250LXNpemUlM0EzMHB4JTNCJTIyJTNFJUUyJTlEJTlFJTNDJTJGc3BhbiUzRSUzQyUyRnAlM0UlMEElM0MlMkZkaXYlM0U=[\/vc_raw_html]<\/div><\/div><\/section><\/div><\/div>\n","protected":false},"excerpt":{"rendered":"Wilkommen in meiner Welt [vc_column_text][\/vc_column_text]Eine magische und befriedigend welt, die mit harten arbeit, gutachten und aufmerksamkeit erhaltet ist. Eine person k\u00f6nntet denken, dass irgendjemand hochrangigen schmuck produzieren kann. Aber diese ist nicht richtig: Die hochrangigen schmuckproduktion ist nicht eine arbeit, aber eine kunst, die von vater zu sohn, in der zeit, weitergef\u00fchrt ist, und die [...]","protected":false},"author":2,"featured_media":0,"parent":0,"menu_order":0,"comment_status":"closed","ping_status":"closed","template":"full-width.php","meta":{"footnotes":""},"yoast_head":"<!-- This site is optimized with the Yoast SEO plugin v21.7 - https:\/\/yoast.com\/wordpress\/plugins\/seo\/ -->\n<title>Ariel Garaggori - Gioielliere Verona<\/title>\n<meta name=\"description\" content=\"Ariel Garagorri gioielliere Verona\" \/>\n<meta name=\"robots\" content=\"index, follow, max-snippet:-1, max-image-preview:large, max-video-preview:-1\" \/>\n<link rel=\"canonical\" href=\"https:\/\/arielgaragorri.com\/de\/\" \/>\n<meta property=\"og:locale\" content=\"de_DE\" \/>\n<meta property=\"og:type\" content=\"article\" \/>\n<meta property=\"og:title\" content=\"Ariel Garaggori - Gioielliere Verona\" \/>\n<meta property=\"og:description\" content=\"Ariel Garagorri gioielliere Verona\" \/>\n<meta property=\"og:url\" content=\"https:\/\/arielgaragorri.com\/de\/\" \/>\n<meta property=\"article:modified_time\" content=\"2024-08-08T14:10:03+00:00\" \/>\n<meta property=\"og:image\" content=\"https:\/\/arielgaragorri.com\/wp-content\/uploads\/2016\/01\/diamanteHr-300x14.png\" \/>\n<meta name=\"twitter:label1\" content=\"Gesch\u00e4tzte Lesezeit\" \/>\n\t<meta name=\"twitter:data1\" content=\"4\u00a0Minuten\" \/>\n<script type=\"application\/ld+json\" class=\"yoast-schema-graph\">{\"@context\":\"https:\/\/schema.org\",\"@graph\":[{\"@type\":\"WebPage\",\"@id\":\"https:\/\/arielgaragorri.com\/de\/\",\"url\":\"https:\/\/arielgaragorri.com\/de\/\",\"name\":\"Ariel Garaggori - Gioielliere Verona\",\"isPartOf\":{\"@id\":\"https:\/\/arielgaragorri.com\/it\/#website\"},\"datePublished\":\"2016-01-06T19:04:07+00:00\",\"dateModified\":\"2024-08-08T14:10:03+00:00\",\"description\":\"Ariel Garagorri gioielliere Verona\",\"breadcrumb\":{\"@id\":\"https:\/\/arielgaragorri.com\/de\/#breadcrumb\"},\"inLanguage\":\"de\",\"potentialAction\":[{\"@type\":\"ReadAction\",\"target\":[\"https:\/\/arielgaragorri.com\/de\/\"]}]},{\"@type\":\"BreadcrumbList\",\"@id\":\"https:\/\/arielgaragorri.com\/de\/#breadcrumb\",\"itemListElement\":[{\"@type\":\"ListItem\",\"position\":1,\"name\":\"Home\",\"item\":\"https:\/\/arielgaragorri.com\/de\/\"},{\"@type\":\"ListItem\",\"position\":2,\"name\":\"Home\"}]},{\"@type\":\"WebSite\",\"@id\":\"https:\/\/arielgaragorri.com\/it\/#website\",\"url\":\"https:\/\/arielgaragorri.com\/it\/\",\"name\":\"\",\"description\":\"\",\"potentialAction\":[{\"@type\":\"SearchAction\",\"target\":{\"@type\":\"EntryPoint\",\"urlTemplate\":\"https:\/\/arielgaragorri.com\/it\/?s={search_term_string}\"},\"query-input\":\"required name=search_term_string\"}],\"inLanguage\":\"de\"}]}<\/script>\n<!-- \/ Yoast SEO plugin. -->","yoast_head_json":{"title":"Ariel Garaggori - Gioielliere Verona","description":"Ariel Garagorri gioielliere Verona","robots":{"index":"index","follow":"follow","max-snippet":"max-snippet:-1","max-image-preview":"max-image-preview:large","max-video-preview":"max-video-preview:-1"},"canonical":"https:\/\/arielgaragorri.com\/de\/","og_locale":"de_DE","og_type":"article","og_title":"Ariel Garaggori - Gioielliere Verona","og_description":"Ariel Garagorri gioielliere Verona","og_url":"https:\/\/arielgaragorri.com\/de\/","article_modified_time":"2024-08-08T14:10:03+00:00","og_image":[{"url":"https:\/\/arielgaragorri.com\/wp-content\/uploads\/2016\/01\/diamanteHr-300x14.png"}],"twitter_misc":{"Gesch\u00e4tzte Lesezeit":"4\u00a0Minuten"},"schema":{"@context":"https:\/\/schema.org","@graph":[{"@type":"WebPage","@id":"https:\/\/arielgaragorri.com\/de\/","url":"https:\/\/arielgaragorri.com\/de\/","name":"Ariel Garaggori - Gioielliere Verona","isPartOf":{"@id":"https:\/\/arielgaragorri.com\/it\/#website"},"datePublished":"2016-01-06T19:04:07+00:00","dateModified":"2024-08-08T14:10:03+00:00","description":"Ariel Garagorri gioielliere Verona","breadcrumb":{"@id":"https:\/\/arielgaragorri.com\/de\/#breadcrumb"},"inLanguage":"de","potentialAction":[{"@type":"ReadAction","target":["https:\/\/arielgaragorri.com\/de\/"]}]},{"@type":"BreadcrumbList","@id":"https:\/\/arielgaragorri.com\/de\/#breadcrumb","itemListElement":[{"@type":"ListItem","position":1,"name":"Home","item":"https:\/\/arielgaragorri.com\/de\/"},{"@type":"ListItem","position":2,"name":"Home"}]},{"@type":"WebSite","@id":"https:\/\/arielgaragorri.com\/it\/#website","url":"https:\/\/arielgaragorri.com\/it\/","name":"","description":"","potentialAction":[{"@type":"SearchAction","target":{"@type":"EntryPoint","urlTemplate":"https:\/\/arielgaragorri.com\/it\/?s={search_term_string}"},"query-input":"required name=search_term_string"}],"inLanguage":"de"}]}},"_links":{"self":[{"href":"https:\/\/arielgaragorri.com\/de\/wp-json\/wp\/v2\/pages\/1499"}],"collection":[{"href":"https:\/\/arielgaragorri.com\/de\/wp-json\/wp\/v2\/pages"}],"about":[{"href":"https:\/\/arielgaragorri.com\/de\/wp-json\/wp\/v2\/types\/page"}],"author":[{"embeddable":true,"href":"https:\/\/arielgaragorri.com\/de\/wp-json\/wp\/v2\/users\/2"}],"replies":[{"embeddable":true,"href":"https:\/\/arielgaragorri.com\/de\/wp-json\/wp\/v2\/comments?post=1499"}],"version-history":[{"count":22,"href":"https:\/\/arielgaragorri.com\/de\/wp-json\/wp\/v2\/pages\/1499\/revisions"}],"predecessor-version":[{"id":3322,"href":"https:\/\/arielgaragorri.com\/de\/wp-json\/wp\/v2\/pages\/1499\/revisions\/3322"}],"wp:attachment":[{"href":"https:\/\/arielgaragorri.com\/de\/wp-json\/wp\/v2\/media?parent=1499"}],"curies":[{"name":"wp","href":"https:\/\/api.w.org\/{rel}","templated":true}]}}